{"id":31531,"date":"2024-08-18T19:35:37","date_gmt":"2024-08-24T13:44:11","guid":{"rendered":"https:\/\/staging.nbg.eu\/product\/mr-bulletfeeder-by-double-alpha-gen-2\/"},"modified":"2024-08-24T13:45:46","modified_gmt":"2024-08-24T13:45:46","slug":"mrbulletfeeder-by-double-alpha-gen-2","status":"publish","type":"product","link":"https:\/\/staging.nbg.eu\/de\/produkt\/mrbulletfeeder-by-double-alpha-gen-2\/","title":{"rendered":"Mr.Bulletfeeder By Double-Alpha Gen 2"},"content":{"rendered":"<div class=\"product-description\">\n<h2>Mr.Bulletfeeder von Double-Alpha Gen 2<\/h2>\n<p>Revolutionieren Sie Ihren Wiederladeprozess mit dem Mr.Bulletfeeder von Double-Alpha Gen 2. Dieses fortschrittliche Geschosszuf\u00fchrsystem integriert sich nahtlos in Ihre progressive Wiederladepress und erh\u00f6ht dabei dramatisch Ihre Produktionsgeschwindigkeit und Effizienz.<\/p>\n<ul>\n<li>Kompatibel mit mehreren Kalibern<\/li>\n<li>Einfach zu installieren und einzustellen<\/li>\n<li>Pr\u00e4zisionsgefertigt f\u00fcr zuverl\u00e4ssige Leistung<\/li>\n<li>Reduziert manuelle Handhabung f\u00fcr sichereres Wiederladen<\/li>\n<li>Langlebige Konstruktion f\u00fcr dauerhaften Gebrauch<\/li>\n<\/ul>\n<p>R\u00fcsten Sie Ihre Wiederlade-Ausr\u00fcstung noch heute auf und erleben Sie den Unterschied mit dem Mr.Bulletfeeder Gen 2!<\/p>\n<\/div>\n","protected":false},"excerpt":{"rendered":"<p>Effizienter Kugelzuf\u00fchrer f\u00fcr schnelles, pr\u00e4zises Nachladen. Steigert die Produktivit\u00e4t.<\/p>\n","protected":false},"featured_media":29307,"template":"","meta":{"_acf_changed":false},"product_brand":[11263],"product_cat":[12103,12075],"product_tag":[],"class_list":{"0":"post-31531","1":"product","2":"type-product","3":"status-publish","4":"has-post-thumbnail","6":"product_brand-doublealpha","7":"product_cat-wiederladen","8":"product_cat-wiederladen-maschinen","10":"first","11":"instock","12":"taxable","13":"shipping-taxable","14":"purchasable","15":"product-type-variable","16":"wvs-archive-product-wrapper"},"acf":[],"_links":{"self":[{"href":"https:\/\/staging.nbg.eu\/de\/wp-json\/wp\/v2\/product\/31531","targetHints":{"allow":["GET"]}}],"collection":[{"href":"https:\/\/staging.nbg.eu\/de\/wp-json\/wp\/v2\/product"}],"about":[{"href":"https:\/\/staging.nbg.eu\/de\/wp-json\/wp\/v2\/types\/product"}],"wp:featuredmedia":[{"embeddable":true,"href":"https:\/\/staging.nbg.eu\/de\/wp-json\/wp\/v2\/media\/29307"}],"wp:attachment":[{"href":"https:\/\/staging.nbg.eu\/de\/wp-json\/wp\/v2\/media?parent=31531"}],"wp:term":[{"taxonomy":"product_brand","embeddable":true,"href":"https:\/\/staging.nbg.eu\/de\/wp-json\/wp\/v2\/product_brand?post=31531"},{"taxonomy":"product_cat","embeddable":true,"href":"https:\/\/staging.nbg.eu\/de\/wp-json\/wp\/v2\/product_cat?post=31531"},{"taxonomy":"product_tag","embeddable":true,"href":"https:\/\/staging.nbg.eu\/de\/wp-json\/wp\/v2\/product_tag?post=31531"}],"curies":[{"name":"wp","href":"https:\/\/api.w.org\/{rel}","templated":true}]}}