{"id":290575,"date":"2025-03-02T07:15:36","date_gmt":"2025-03-02T07:15:36","guid":{"rendered":"https:\/\/staging.nbg.eu\/prodcut\/two-vets-tripod-with-area-419-arcalock-dual-clamp-the-qdt-v2-ls-i\/"},"modified":"2025-03-27T10:49:59","modified_gmt":"2025-03-27T10:49:59","slug":"two-vets-stativ-mit-area-419-arcalock-doppelklemme-das-qdt-v2-ls-i","status":"publish","type":"product","link":"https:\/\/staging.nbg.eu\/de\/produkt\/two-vets-stativ-mit-area-419-arcalock-doppelklemme-das-qdt-v2-ls-i\/","title":{"rendered":"Two Vets Stativ mit Area 419 ARCALOCK Doppelklemme &#8211; Das QDT V2 LS I"},"content":{"rendered":"<h2>Two Vets Dreibein mit Area 419 ARCALOCK Doppelklemme &#8211; Das QDT V2 LS I<\/h2>\n<p>Der GripChanger ist ein neues Zubeh\u00f6r f\u00fcr Sch\u00fctzen. Diese 1 Pfund schwere Tasche eignet sich f\u00fcr den schnellen Positionsaufbau und die Verwendung in kleinen \u00d6ffnungen. Ihre dichte F\u00fcllung erm\u00f6glicht es ihr, auf jeder Oberfl\u00e4che zu haften und eine stabile Plattform zu bieten.<\/p>\n<h2>Das Set enth\u00e4lt:<\/h2>\n<ul>\n<li>1 Area 419 GripChanger Tasche<\/li>\n<li>1 ARCALOCK Klemme<\/li>\n<li>1 Area 419 Schienenarm<\/li>\n<\/ul>\n<p><strong>Abmessungen:<\/strong> 25,4 cm \u00d7 7,6 cm \u00d7 5,1 cm<br \/>\n<strong>Hersteller:<\/strong> Armageddon Gear<\/p>\n<p>Der GripChanger ist vielseitig einsetzbar.<\/p>\n","protected":false},"excerpt":{"rendered":"<p>Vielseitiges Stativ mit doppelter Klemmvorrichtung f\u00fcr schnelle und stabile Aufnahmepositionen.<\/p>\n","protected":false},"featured_media":233726,"template":"","meta":{"_acf_changed":false},"product_brand":[11037],"product_cat":[12107,12100],"product_tag":[],"class_list":{"0":"post-290575","1":"product","2":"type-product","3":"status-publish","4":"has-post-thumbnail","6":"product_brand-area-419","7":"product_cat-gewehr","8":"product_cat-zweibeine","10":"first","11":"instock","12":"taxable","13":"shipping-taxable","14":"purchasable","15":"product-type-simple"},"acf":[],"_links":{"self":[{"href":"https:\/\/staging.nbg.eu\/de\/wp-json\/wp\/v2\/product\/290575","targetHints":{"allow":["GET"]}}],"collection":[{"href":"https:\/\/staging.nbg.eu\/de\/wp-json\/wp\/v2\/product"}],"about":[{"href":"https:\/\/staging.nbg.eu\/de\/wp-json\/wp\/v2\/types\/product"}],"wp:featuredmedia":[{"embeddable":true,"href":"https:\/\/staging.nbg.eu\/de\/wp-json\/wp\/v2\/media\/233726"}],"wp:attachment":[{"href":"https:\/\/staging.nbg.eu\/de\/wp-json\/wp\/v2\/media?parent=290575"}],"wp:term":[{"taxonomy":"product_brand","embeddable":true,"href":"https:\/\/staging.nbg.eu\/de\/wp-json\/wp\/v2\/product_brand?post=290575"},{"taxonomy":"product_cat","embeddable":true,"href":"https:\/\/staging.nbg.eu\/de\/wp-json\/wp\/v2\/product_cat?post=290575"},{"taxonomy":"product_tag","embeddable":true,"href":"https:\/\/staging.nbg.eu\/de\/wp-json\/wp\/v2\/product_tag?post=290575"}],"curies":[{"name":"wp","href":"https:\/\/api.w.org\/{rel}","templated":true}]}}