{"id":290465,"date":"2025-03-02T06:50:24","date_gmt":"2025-03-27T10:28:02","guid":{"rendered":"https:\/\/staging.nbg.eu\/prodcut\/area-419-railchanger-shmedium-from-armageddon-gear\/"},"modified":"2025-03-27T10:30:26","modified_gmt":"2025-03-27T10:30:26","slug":"area-419-railchanger-shmedium-von-armageddon-gear","status":"publish","type":"product","link":"https:\/\/staging.nbg.eu\/de\/produkt\/area-419-railchanger-shmedium-von-armageddon-gear\/","title":{"rendered":"Area 419 &#8211; RailChanger Shmedium von Armageddon Gear"},"content":{"rendered":"<h2>Area 419 &#8211; RailChanger Shmedium<\/h2>\n<h2>von Armageddon Gear<\/h2>\n<p>Der RailChanger Shmedium ist ein Hilfsmittel f\u00fcr pr\u00e4zises Schie\u00dfen. Dieser GameChanger hat eine mittlere Gr\u00f6\u00dfe und eine dichte F\u00fcllung, was ihn zu einem n\u00fctzlichen Begleiter f\u00fcr Schie\u00df\u00fcbungen macht.<\/p>\n<ul>\n<li><strong>Design:<\/strong> Mit lasergeschnittenen Paneelen oben und seitlich zur Befestigung am RCX<\/li>\n<li><strong>Gr\u00f6\u00dfe:<\/strong> 8 \u00d7 6 \u00d7 6 Zoll<\/li>\n<li><strong>Gewicht:<\/strong> 7 Pfund<\/li>\n<li><strong>Qualit\u00e4t:<\/strong> Hergestellt von Armageddon Gear<\/li>\n<\/ul>\n<p>Der RailChanger Shmedium ist eine Tasche, die h\u00e4ufig auf Schie\u00dfst\u00e4nden verwendet wird. Er vereint Funktionalit\u00e4t und Design.<\/p>\n","protected":false},"excerpt":{"rendered":"<p>Kompakter, dicht gef\u00fcllter GameChanger f\u00fcr RCX. Perfekter Begleiter f\u00fcr den Schie\u00dfstand.<\/p>\n","protected":false},"featured_media":233494,"template":"","meta":{"_acf_changed":false},"product_brand":[11037],"product_cat":[12107,390],"product_tag":[],"class_list":{"0":"post-290465","1":"product","2":"type-product","3":"status-publish","4":"has-post-thumbnail","6":"product_brand-area-419","7":"product_cat-gewehr","8":"product_cat-aiming","10":"first","11":"instock","12":"taxable","13":"shipping-taxable","14":"purchasable","15":"product-type-simple"},"acf":[],"_links":{"self":[{"href":"https:\/\/staging.nbg.eu\/de\/wp-json\/wp\/v2\/product\/290465","targetHints":{"allow":["GET"]}}],"collection":[{"href":"https:\/\/staging.nbg.eu\/de\/wp-json\/wp\/v2\/product"}],"about":[{"href":"https:\/\/staging.nbg.eu\/de\/wp-json\/wp\/v2\/types\/product"}],"wp:featuredmedia":[{"embeddable":true,"href":"https:\/\/staging.nbg.eu\/de\/wp-json\/wp\/v2\/media\/233494"}],"wp:attachment":[{"href":"https:\/\/staging.nbg.eu\/de\/wp-json\/wp\/v2\/media?parent=290465"}],"wp:term":[{"taxonomy":"product_brand","embeddable":true,"href":"https:\/\/staging.nbg.eu\/de\/wp-json\/wp\/v2\/product_brand?post=290465"},{"taxonomy":"product_cat","embeddable":true,"href":"https:\/\/staging.nbg.eu\/de\/wp-json\/wp\/v2\/product_cat?post=290465"},{"taxonomy":"product_tag","embeddable":true,"href":"https:\/\/staging.nbg.eu\/de\/wp-json\/wp\/v2\/product_tag?post=290465"}],"curies":[{"name":"wp","href":"https:\/\/api.w.org\/{rel}","templated":true}]}}