{"id":290336,"date":"2025-03-02T06:33:52","date_gmt":"2025-03-27T10:02:40","guid":{"rendered":"https:\/\/staging.nbg.eu\/prodcut\/area-419-railchanger-og-bag\/"},"modified":"2025-03-27T10:05:05","modified_gmt":"2025-03-27T10:05:05","slug":"area-419-railchanger-og-tasche","status":"publish","type":"product","link":"https:\/\/staging.nbg.eu\/de\/produkt\/area-419-railchanger-og-tasche\/","title":{"rendered":"Area 419 &#8211; RailChanger OG Tasche"},"content":{"rendered":"<h2>Area 419 &#8211; RailChanger OG Tasche<\/h2>\n<p>Der RailChanger OG von Armageddon Gear ist f\u00fcr das RCX-System entwickelt. Diese OG GameChanger Tasche in voller Gr\u00f6\u00dfe verf\u00fcgt \u00fcber speziell lasergeschnittene Paneele oben und seitlich f\u00fcr die Integration mit Ihrem RCX-System.<\/p>\n<h2>Hauptmerkmale:<\/h2>\n<ul>\n<li>Speziell f\u00fcr das RCX-System entwickelt<\/li>\n<li>Lasergeschnittene Paneele f\u00fcr sichere Befestigung<\/li>\n<li>OG GameChanger Design in voller Gr\u00f6\u00dfe<\/li>\n<li>Langlebige Konstruktion<\/li>\n<\/ul>\n<h2>Spezifikationen:<\/h2>\n<ul>\n<li>Gewicht: 3,18 kg<\/li>\n<li>Abmessungen: 25,4 \u00d7 17,8 \u00d7 15,2 cm<\/li>\n<li>Verf\u00fcgbare Farben: Schwarz, Beige<\/li>\n<\/ul>\n<p>Der RailChanger OG wurde f\u00fcr das RCX-System konzipiert. Er verbessert die Pr\u00e4zision und Stabilit\u00e4t beim Schie\u00dfen.<\/p>\n","protected":false},"excerpt":{"rendered":"<p>Ma\u00dfgeschneiderte GameChanger-Tasche f\u00fcr RCX: lasergeschnittene Paneele, volle Gr\u00f6\u00dfe, vielseitig einsetzbar.<\/p>\n","protected":false},"featured_media":233469,"template":"","meta":{"_acf_changed":false},"product_brand":[11037],"product_cat":[12107],"product_tag":[],"class_list":{"0":"post-290336","1":"product","2":"type-product","3":"status-publish","4":"has-post-thumbnail","6":"product_brand-area-419","7":"product_cat-gewehr","9":"first","10":"outofstock","11":"taxable","12":"shipping-taxable","13":"purchasable","14":"product-type-variable","15":"wvs-archive-product-wrapper"},"acf":[],"_links":{"self":[{"href":"https:\/\/staging.nbg.eu\/de\/wp-json\/wp\/v2\/product\/290336","targetHints":{"allow":["GET"]}}],"collection":[{"href":"https:\/\/staging.nbg.eu\/de\/wp-json\/wp\/v2\/product"}],"about":[{"href":"https:\/\/staging.nbg.eu\/de\/wp-json\/wp\/v2\/types\/product"}],"wp:featuredmedia":[{"embeddable":true,"href":"https:\/\/staging.nbg.eu\/de\/wp-json\/wp\/v2\/media\/233469"}],"wp:attachment":[{"href":"https:\/\/staging.nbg.eu\/de\/wp-json\/wp\/v2\/media?parent=290336"}],"wp:term":[{"taxonomy":"product_brand","embeddable":true,"href":"https:\/\/staging.nbg.eu\/de\/wp-json\/wp\/v2\/product_brand?post=290336"},{"taxonomy":"product_cat","embeddable":true,"href":"https:\/\/staging.nbg.eu\/de\/wp-json\/wp\/v2\/product_cat?post=290336"},{"taxonomy":"product_tag","embeddable":true,"href":"https:\/\/staging.nbg.eu\/de\/wp-json\/wp\/v2\/product_tag?post=290336"}],"curies":[{"name":"wp","href":"https:\/\/api.w.org\/{rel}","templated":true}]}}