{"id":290214,"date":"2025-03-02T10:02:47","date_gmt":"2025-03-02T10:02:47","guid":{"rendered":"https:\/\/staging.nbg.eu\/prodcut\/area-419-arcalock-rail-for-barrett-mrad-mk22-sniper-system\/"},"modified":"2025-03-27T09:57:19","modified_gmt":"2025-03-27T09:57:19","slug":"area-419-arcalock-schiene-fuer-barrett-mrad-mk22-scharfschuetzensystem","status":"publish","type":"product","link":"https:\/\/staging.nbg.eu\/de\/produkt\/area-419-arcalock-schiene-fuer-barrett-mrad-mk22-scharfschuetzensystem\/","title":{"rendered":"Area 419 &#8211; ARCALOCK Schiene f\u00fcr Barrett MRAD, MK22 Scharfsch\u00fctzensystem"},"content":{"rendered":"<div class=\"product-description\">\n<h2>Area 419 &#8211; ARCALOCK Schiene f\u00fcr Barrett MRAD, MK22 Scharfsch\u00fctzensystem<\/h2>\n<p>ARCALOCK Schiene von Area 419 f\u00fcr Barrett MRAD oder MK22 Scharfsch\u00fctzensystem. Dieses Zubeh\u00f6r bietet:<\/p>\n<ul>\n<li>Integration mit Barrett MRAD und MK22 Plattformen<\/li>\n<li>7075-T6 Aluminiumkonstruktion<\/li>\n<li>ARCALOCK Montagesystem<\/li>\n<li>Verl\u00e4ngerte obere Schiene f\u00fcr zus\u00e4tzliche Montagem\u00f6glichkeiten<\/li>\n<li>M-LOK kompatible Seiten und Unterseite<\/li>\n<li>Leichtes Design<\/li>\n<li>Hartanodisierte Oberfl\u00e4che nach Milit\u00e4rstandard<\/li>\n<\/ul>\n<p>Die Area 419 ARCALOCK Schiene ist ein Upgrade f\u00fcr Scharfsch\u00fctzen und milit\u00e4risches Fachpersonal.<\/p>\n<\/div>\n","protected":false},"excerpt":{"rendered":"<p>Pr\u00e4zisionsgefertigte ARCALOCK-Schiene f\u00fcr Barrett MRAD\/MK22. Verbessert die Genauigkeit und erm\u00f6glicht die Montage von Zubeh\u00f6r.<\/p>\n","protected":false},"featured_media":234165,"template":"","meta":{"_acf_changed":false},"product_brand":[11037],"product_cat":[12107,12055],"product_tag":[],"class_list":{"0":"post-290214","1":"product","2":"type-product","3":"status-publish","4":"has-post-thumbnail","6":"product_brand-area-419","7":"product_cat-gewehr","8":"product_cat-schienen","10":"first","11":"instock","12":"taxable","13":"shipping-taxable","14":"purchasable","15":"product-type-simple"},"acf":[],"_links":{"self":[{"href":"https:\/\/staging.nbg.eu\/de\/wp-json\/wp\/v2\/product\/290214","targetHints":{"allow":["GET"]}}],"collection":[{"href":"https:\/\/staging.nbg.eu\/de\/wp-json\/wp\/v2\/product"}],"about":[{"href":"https:\/\/staging.nbg.eu\/de\/wp-json\/wp\/v2\/types\/product"}],"wp:featuredmedia":[{"embeddable":true,"href":"https:\/\/staging.nbg.eu\/de\/wp-json\/wp\/v2\/media\/234165"}],"wp:attachment":[{"href":"https:\/\/staging.nbg.eu\/de\/wp-json\/wp\/v2\/media?parent=290214"}],"wp:term":[{"taxonomy":"product_brand","embeddable":true,"href":"https:\/\/staging.nbg.eu\/de\/wp-json\/wp\/v2\/product_brand?post=290214"},{"taxonomy":"product_cat","embeddable":true,"href":"https:\/\/staging.nbg.eu\/de\/wp-json\/wp\/v2\/product_cat?post=290214"},{"taxonomy":"product_tag","embeddable":true,"href":"https:\/\/staging.nbg.eu\/de\/wp-json\/wp\/v2\/product_tag?post=290214"}],"curies":[{"name":"wp","href":"https:\/\/api.w.org\/{rel}","templated":true}]}}