{"id":290003,"date":"2025-03-06T10:55:57","date_gmt":"2025-03-06T10:55:57","guid":{"rendered":"https:\/\/staging.nbg.eu\/prodcut\/surefire-xr1-a-weapon-light\/"},"modified":"2025-03-26T21:50:19","modified_gmt":"2025-03-26T21:50:19","slug":"surefire-xr1-a-waffenlampe","status":"publish","type":"product","link":"https:\/\/staging.nbg.eu\/de\/produkt\/surefire-xr1-a-waffenlampe\/","title":{"rendered":"SureFire XR1-A Waffenlampe"},"content":{"rendered":"<div class=\"product-description\">\n<h2>SureFire XR1-A Waffenlicht<\/h2>\n<p>Das SureFire XR1-A ist ein wiederaufladbares Waffenlicht f\u00fcr verdecktes Tragen. Es liefert 800 Lumen wei\u00dfes Licht und ist f\u00fcr mittelgro\u00dfe verdeckbare Handfeuerwaffen geeignet.<\/p>\n<h2>Hauptmerkmale:<\/h2>\n<ul>\n<li>Duale r\u00fccksto\u00dffeste LEDs mit 800 Lumen Leistung<\/li>\n<li>Hybrides Strahlmuster f\u00fcr Identifizierung und Umgebungswahrnehmung<\/li>\n<li>Schnell abnehmbare, wiederaufladbare Lithium-Polymer-Batterie<\/li>\n<li>Leichtes, kompaktes Design (75 g)<\/li>\n<li>Mil-Spec hartanodisierter Luftfahrtaluminiumk\u00f6rper<\/li>\n<li>Sichere Vier-Punkt-Schienenbefestigung<\/li>\n<li>Beidseitige Momentan- und Dauerschaltung<\/li>\n<li>Batteriemontierte Ladeanzeige<\/li>\n<\/ul>\n<h2>Leistung:<\/h2>\n<ul>\n<li>Maximale Strahlintensit\u00e4t: 16.000 Candela<\/li>\n<li>Laufzeit: 40 Minuten bei hoher Leistung<\/li>\n<li>Strahlreichweite: 250 Meter<\/li>\n<\/ul>\n<p>Der parabolische Reflektor des XR1-A erzeugt einen gleichm\u00e4\u00dfigen Strahl. Das schnell abnehmbare Batteriesystem erm\u00f6glicht einfaches Aufladen ohne Entfernen des Lichts von der Waffe.<\/p>\n<p>Das SureFire XR1-A ist ein kompaktes Waffenlicht, das Leistung, Haltbarkeit und Bequemlichkeit f\u00fcr Anwender bietet, die gute Sichtverh\u00e4ltnisse bei schlechtem Licht ben\u00f6tigen, ohne die Verdeckbarkeit und Handhabung der Waffe zu beeintr\u00e4chtigen.<\/p>\n<\/div>\n","protected":false},"excerpt":{"rendered":"<p>SureFire XR1-A: Wiederaufladbare 800-Lumen-Waffenleuchte f\u00fcr Handfeuerwaffen.<\/p>\n","protected":false},"featured_media":241810,"template":"","meta":{"_acf_changed":false},"product_brand":[11870],"product_cat":[12098,12064,12091],"product_tag":[],"class_list":{"0":"post-290003","1":"product","2":"type-product","3":"status-publish","4":"has-post-thumbnail","6":"product_brand-surefire","7":"product_cat-lampen","8":"product_cat-pistole","9":"product_cat-pistolenlampen","11":"first","12":"instock","13":"taxable","14":"shipping-taxable","15":"purchasable","16":"product-type-simple"},"acf":[],"_links":{"self":[{"href":"https:\/\/staging.nbg.eu\/de\/wp-json\/wp\/v2\/product\/290003","targetHints":{"allow":["GET"]}}],"collection":[{"href":"https:\/\/staging.nbg.eu\/de\/wp-json\/wp\/v2\/product"}],"about":[{"href":"https:\/\/staging.nbg.eu\/de\/wp-json\/wp\/v2\/types\/product"}],"wp:featuredmedia":[{"embeddable":true,"href":"https:\/\/staging.nbg.eu\/de\/wp-json\/wp\/v2\/media\/241810"}],"wp:attachment":[{"href":"https:\/\/staging.nbg.eu\/de\/wp-json\/wp\/v2\/media?parent=290003"}],"wp:term":[{"taxonomy":"product_brand","embeddable":true,"href":"https:\/\/staging.nbg.eu\/de\/wp-json\/wp\/v2\/product_brand?post=290003"},{"taxonomy":"product_cat","embeddable":true,"href":"https:\/\/staging.nbg.eu\/de\/wp-json\/wp\/v2\/product_cat?post=290003"},{"taxonomy":"product_tag","embeddable":true,"href":"https:\/\/staging.nbg.eu\/de\/wp-json\/wp\/v2\/product_tag?post=290003"}],"curies":[{"name":"wp","href":"https:\/\/api.w.org\/{rel}","templated":true}]}}