{"id":289892,"date":"2025-03-01T16:08:15","date_gmt":"2025-03-26T21:40:34","guid":{"rendered":"https:\/\/staging.nbg.eu\/prodcut\/area-419-arcalock-barricade-stop\/"},"modified":"2025-03-26T21:43:02","modified_gmt":"2025-03-26T21:43:02","slug":"area-419-arcalock-barrikaden-stopper","status":"publish","type":"product","link":"https:\/\/staging.nbg.eu\/de\/produkt\/area-419-arcalock-barrikaden-stopper\/","title":{"rendered":"Area 419 &#8211; ARCALOCK Barrikaden-Stopper"},"content":{"rendered":"<h2>Area 419 &#8211; ARCALOCK Barrikadenstopp<\/h2>\n<p>Erweitern Sie Ihr ARCALOCK-System mit diesem zus\u00e4tzlichen Barrikadenstopp, entwickelt f\u00fcr Stabilit\u00e4t und Pr\u00e4zision.<\/p>\n<h2>Hauptmerkmale:<\/h2>\n<ul>\n<li>Kompatibles Schraubenmuster mit Atlas-Zweibein<\/li>\n<li>Vielseitige Installation: zwischen Klemme und Zweibein oder eigenst\u00e4ndig<\/li>\n<li>Vordere Z\u00e4hne f\u00fcr besseren Halt an Barrikaden<\/li>\n<li>Hausintern pr\u00e4zisionsgefertigt aus 6061-T6 Aluminium<\/li>\n<li>Leicht mit nur 0,23 kg<\/li>\n<li>Kompakte Abmessungen: 15,2 cm \u00d7 8,9 cm \u00d7 5,1 cm<\/li>\n<\/ul>\n<p><strong>Hinweis:<\/strong> Nur Barrikadenstopp; Klemme und Zweibein nicht enthalten. Nicht kompatibel mit Harris-Zweibein ohne unsere Zapfenverl\u00e4ngerung.<\/p>\n<p>Der Area 419 ARCALOCK Barrikadenstopp ist ein Zubeh\u00f6r f\u00fcr Stabilit\u00e4t in verschiedenen Umgebungen.<\/p>\n","protected":false},"excerpt":{"rendered":"<p>Area 419 ARCALOCK Barrikaden-Stopp: Sicherer Halt f\u00fcr pr\u00e4zises Schie\u00dfen.<\/p>\n","protected":false},"featured_media":233039,"template":"","meta":{"_acf_changed":false},"product_brand":[11037],"product_cat":[12107,12056,12078,12055],"product_tag":[],"class_list":{"0":"post-289892","1":"product","2":"type-product","3":"status-publish","4":"has-post-thumbnail","6":"product_brand-area-419","7":"product_cat-gewehr","8":"product_cat-gewehr-tuning","9":"product_cat-gewehrgriffe","10":"product_cat-schienen","12":"first","13":"instock","14":"taxable","15":"shipping-taxable","16":"purchasable","17":"product-type-simple"},"acf":[],"_links":{"self":[{"href":"https:\/\/staging.nbg.eu\/de\/wp-json\/wp\/v2\/product\/289892","targetHints":{"allow":["GET"]}}],"collection":[{"href":"https:\/\/staging.nbg.eu\/de\/wp-json\/wp\/v2\/product"}],"about":[{"href":"https:\/\/staging.nbg.eu\/de\/wp-json\/wp\/v2\/types\/product"}],"wp:featuredmedia":[{"embeddable":true,"href":"https:\/\/staging.nbg.eu\/de\/wp-json\/wp\/v2\/media\/233039"}],"wp:attachment":[{"href":"https:\/\/staging.nbg.eu\/de\/wp-json\/wp\/v2\/media?parent=289892"}],"wp:term":[{"taxonomy":"product_brand","embeddable":true,"href":"https:\/\/staging.nbg.eu\/de\/wp-json\/wp\/v2\/product_brand?post=289892"},{"taxonomy":"product_cat","embeddable":true,"href":"https:\/\/staging.nbg.eu\/de\/wp-json\/wp\/v2\/product_cat?post=289892"},{"taxonomy":"product_tag","embeddable":true,"href":"https:\/\/staging.nbg.eu\/de\/wp-json\/wp\/v2\/product_tag?post=289892"}],"curies":[{"name":"wp","href":"https:\/\/api.w.org\/{rel}","templated":true}]}}