{"id":289767,"date":"2025-03-01T16:03:10","date_gmt":"2025-03-26T21:35:28","guid":{"rendered":"https:\/\/staging.nbg.eu\/prodcut\/area-419-arcalock-8-universal-dovetail-rail\/"},"modified":"2025-03-26T21:37:57","modified_gmt":"2025-03-26T21:37:57","slug":"area-419-arcalock-8-universal-schwalbenschwanz-schiene","status":"publish","type":"product","link":"https:\/\/staging.nbg.eu\/de\/produkt\/area-419-arcalock-8-universal-schwalbenschwanz-schiene\/","title":{"rendered":"Area 419 &#8211; ARCALOCK 8&#8243; Universal Schwalbenschwanz-Schiene"},"content":{"rendered":"<div class=\"product-description\">\n<h2>Area 419 &#8211; ARCALOCK 8&#8243; Universelle Schwalbenschwanzschiene<\/h2>\n<p>Die ARCALOCK 8&#8243; Universelle Schwalbenschwanzschiene von Area 419 hat folgende Eigenschaften:<\/p>\n<ul>\n<li>Gezahnte Seiten f\u00fcr mechanische Verriegelung mit Area 419 Klemmen<\/li>\n<li>Kompatibilit\u00e4t mit Standard-ARCA-Zubeh\u00f6r<\/li>\n<li>8&#8243; L\u00e4nge f\u00fcr vollst\u00e4ndige Vorderschaftabdeckung<\/li>\n<li>Leichtes Design mit nur 85 g<\/li>\n<li>Entspricht dem RRS 1,5&#8243; Schwalbenschwanz-Standard<\/li>\n<li>Abgerundete Kanten<\/li>\n<li>Typ 3 Hart-Eloxierte Oberfl\u00e4che<\/li>\n<li>Hergestellt in den USA aus 6061-T6 Aluminium<\/li>\n<\/ul>\n<p>Die ARCALOCK-Schiene ist f\u00fcr die Verbesserung der Schie\u00dfleistung konzipiert.<\/p>\n<\/div>\n","protected":false},"excerpt":{"rendered":"<p>Area 419 ARCALOCK: 20,3 cm lange verriegelbare Schwalbenschwanzschiene f\u00fcr Pr\u00e4zisionsgewehre.<\/p>\n","protected":false},"featured_media":232889,"template":"","meta":{"_acf_changed":false},"product_brand":[11037],"product_cat":[12107,12055,390],"product_tag":[],"class_list":{"0":"post-289767","1":"product","2":"type-product","3":"status-publish","4":"has-post-thumbnail","6":"product_brand-area-419","7":"product_cat-gewehr","8":"product_cat-schienen","9":"product_cat-aiming","11":"first","12":"instock","13":"taxable","14":"shipping-taxable","15":"purchasable","16":"product-type-simple"},"acf":[],"_links":{"self":[{"href":"https:\/\/staging.nbg.eu\/de\/wp-json\/wp\/v2\/product\/289767","targetHints":{"allow":["GET"]}}],"collection":[{"href":"https:\/\/staging.nbg.eu\/de\/wp-json\/wp\/v2\/product"}],"about":[{"href":"https:\/\/staging.nbg.eu\/de\/wp-json\/wp\/v2\/types\/product"}],"wp:featuredmedia":[{"embeddable":true,"href":"https:\/\/staging.nbg.eu\/de\/wp-json\/wp\/v2\/media\/232889"}],"wp:attachment":[{"href":"https:\/\/staging.nbg.eu\/de\/wp-json\/wp\/v2\/media?parent=289767"}],"wp:term":[{"taxonomy":"product_brand","embeddable":true,"href":"https:\/\/staging.nbg.eu\/de\/wp-json\/wp\/v2\/product_brand?post=289767"},{"taxonomy":"product_cat","embeddable":true,"href":"https:\/\/staging.nbg.eu\/de\/wp-json\/wp\/v2\/product_cat?post=289767"},{"taxonomy":"product_tag","embeddable":true,"href":"https:\/\/staging.nbg.eu\/de\/wp-json\/wp\/v2\/product_tag?post=289767"}],"curies":[{"name":"wp","href":"https:\/\/api.w.org\/{rel}","templated":true}]}}