{"id":289560,"date":"2025-03-01T14:21:59","date_gmt":"2025-03-26T21:27:57","guid":{"rendered":"https:\/\/staging.nbg.eu\/prodcut\/area-419-arcalock-10%e2%80%b3-universal-dovetail-rail\/"},"modified":"2025-03-26T21:30:30","modified_gmt":"2025-03-26T21:30:30","slug":"area-419-arcalock-10-universal-schwalbenschwanz-schiene","status":"publish","type":"product","link":"https:\/\/staging.nbg.eu\/de\/produkt\/area-419-arcalock-10-universal-schwalbenschwanz-schiene\/","title":{"rendered":"Area 419 &#8211; ARCALOCK 10&#8243; Universal Schwalbenschwanz-Schiene"},"content":{"rendered":"<div class=\"product-description\">\n<h2>Area 419 &#8211; ARCALOCK 10&#8243; Universelle Schwalbenschwanzschiene<\/h2>\n<p>Die ARCALOCK 10&#8243; Universelle Schwalbenschwanzschiene von Area 419 bietet:<\/p>\n<ul>\n<li>Gezahnte Seiten f\u00fcr mechanische Verriegelung mit Area 419 Klemmen<\/li>\n<li>Kompatibilit\u00e4t mit Standard-Arca-Zubeh\u00f6r<\/li>\n<li>Gewicht von 116 g<\/li>\n<li>Entspricht dem RRS 1,5&#8243; Schwalbenschwanz-Standard<\/li>\n<li>Abgeschr\u00e4gte Kanten<\/li>\n<li>Typ 3 hartbeschichtetes 6061-T6 Aluminium<\/li>\n<li>Hergestellt in den USA<\/li>\n<li>M-LOK-Schlitze f\u00fcr zus\u00e4tzliche Zubeh\u00f6rmontage<\/li>\n<\/ul>\n<p><strong>Hinweis:<\/strong> Ben\u00f6tigt 6 aufeinanderfolgende MLOK-Schlitze zur Befestigung. F\u00fcr Sch\u00e4fte mit weniger Schlitzen, erw\u00e4gen Sie die 12&#8243; Universalschiene.<\/p>\n<\/div>\n","protected":false},"excerpt":{"rendered":"<p>ARCALOCK 10&#8243; Universelle Schwalbenschwanzschiene: Sichere, vielseitige MLOK-Befestigung f\u00fcr Pr\u00e4zisionsgewehre.<\/p>\n","protected":false},"featured_media":232423,"template":"","meta":{"_acf_changed":false},"product_brand":[11037],"product_cat":[12107,12055,390],"product_tag":[],"class_list":{"0":"post-289560","1":"product","2":"type-product","3":"status-publish","4":"has-post-thumbnail","6":"product_brand-area-419","7":"product_cat-gewehr","8":"product_cat-schienen","9":"product_cat-aiming","11":"first","12":"instock","13":"taxable","14":"shipping-taxable","15":"purchasable","16":"product-type-simple"},"acf":[],"_links":{"self":[{"href":"https:\/\/staging.nbg.eu\/de\/wp-json\/wp\/v2\/product\/289560","targetHints":{"allow":["GET"]}}],"collection":[{"href":"https:\/\/staging.nbg.eu\/de\/wp-json\/wp\/v2\/product"}],"about":[{"href":"https:\/\/staging.nbg.eu\/de\/wp-json\/wp\/v2\/types\/product"}],"wp:featuredmedia":[{"embeddable":true,"href":"https:\/\/staging.nbg.eu\/de\/wp-json\/wp\/v2\/media\/232423"}],"wp:attachment":[{"href":"https:\/\/staging.nbg.eu\/de\/wp-json\/wp\/v2\/media?parent=289560"}],"wp:term":[{"taxonomy":"product_brand","embeddable":true,"href":"https:\/\/staging.nbg.eu\/de\/wp-json\/wp\/v2\/product_brand?post=289560"},{"taxonomy":"product_cat","embeddable":true,"href":"https:\/\/staging.nbg.eu\/de\/wp-json\/wp\/v2\/product_cat?post=289560"},{"taxonomy":"product_tag","embeddable":true,"href":"https:\/\/staging.nbg.eu\/de\/wp-json\/wp\/v2\/product_tag?post=289560"}],"curies":[{"name":"wp","href":"https:\/\/api.w.org\/{rel}","templated":true}]}}