{"id":289417,"date":"2025-03-01T15:46:12","date_gmt":"2025-03-26T21:23:46","guid":{"rendered":"https:\/\/staging.nbg.eu\/prodcut\/area-419-arcalock-14-universal-dovetail-rail\/"},"modified":"2025-03-26T21:26:17","modified_gmt":"2025-03-26T21:26:17","slug":"area-419-arcalock-14-universal-schwalbenschwanz-schiene","status":"publish","type":"product","link":"https:\/\/staging.nbg.eu\/de\/produkt\/area-419-arcalock-14-universal-schwalbenschwanz-schiene\/","title":{"rendered":"Area 419 &#8211; ARCALOCK 14&#8243; Universal Schwalbenschwanz-Schiene"},"content":{"rendered":"<h2>Area 419 &#8211; ARCALOCK 14&#8243; Universelle Schwalbenschwanzschiene<\/h2>\n<p>Die ARCALOCK 14&#8243; Universelle Schwalbenschwanzschiene von Area 419 bietet folgende Eigenschaften:<\/p>\n<ul>\n<li>Gezahnte Seiten f\u00fcr mechanische Verriegelung mit Area 419 Klemmen<\/li>\n<li>65 Verriegelungspositionen auf der 14&#8243; Schiene<\/li>\n<li>R\u00fcckw\u00e4rtskompatibilit\u00e4t mit Standard-Arca-Zubeh\u00f6r<\/li>\n<li>Gezahnter fester hinterer Barrikadenstopp mit Verl\u00e4ngerungsstecker<\/li>\n<li>Leichtes Design mit nur 159 Gramm<\/li>\n<li>Nach RRS 1,5&#8243; Schwalbenschwanz-Standard gefertigt<\/li>\n<li>Abgerundete Ecken und abgeschr\u00e4gte Kanten f\u00fcr Komfort<\/li>\n<li>Typ 3 hart eloxiertes 6061-T6 Aluminium-Konstruktion<\/li>\n<li>Hergestellt in den USA<\/li>\n<\/ul>\n<p>Die ARCALOCK-Schiene ist f\u00fcr Pr\u00e4zision und Leistung konzipiert.<\/p>\n","protected":false},"excerpt":{"rendered":"<p>&#8220;Verriegelnde ARCA-Schiene f\u00fcr Pr\u00e4zisionsgewehre. 35,6 cm, 65 Positionen, 159 g.&#8221;<\/p>\n","protected":false},"featured_media":232586,"template":"","meta":{"_acf_changed":false},"product_brand":[11037],"product_cat":[12107,12055,390],"product_tag":[],"class_list":{"0":"post-289417","1":"product","2":"type-product","3":"status-publish","4":"has-post-thumbnail","6":"product_brand-area-419","7":"product_cat-gewehr","8":"product_cat-schienen","9":"product_cat-aiming","11":"first","12":"instock","13":"taxable","14":"shipping-taxable","15":"purchasable","16":"product-type-simple"},"acf":[],"_links":{"self":[{"href":"https:\/\/staging.nbg.eu\/de\/wp-json\/wp\/v2\/product\/289417","targetHints":{"allow":["GET"]}}],"collection":[{"href":"https:\/\/staging.nbg.eu\/de\/wp-json\/wp\/v2\/product"}],"about":[{"href":"https:\/\/staging.nbg.eu\/de\/wp-json\/wp\/v2\/types\/product"}],"wp:featuredmedia":[{"embeddable":true,"href":"https:\/\/staging.nbg.eu\/de\/wp-json\/wp\/v2\/media\/232586"}],"wp:attachment":[{"href":"https:\/\/staging.nbg.eu\/de\/wp-json\/wp\/v2\/media?parent=289417"}],"wp:term":[{"taxonomy":"product_brand","embeddable":true,"href":"https:\/\/staging.nbg.eu\/de\/wp-json\/wp\/v2\/product_brand?post=289417"},{"taxonomy":"product_cat","embeddable":true,"href":"https:\/\/staging.nbg.eu\/de\/wp-json\/wp\/v2\/product_cat?post=289417"},{"taxonomy":"product_tag","embeddable":true,"href":"https:\/\/staging.nbg.eu\/de\/wp-json\/wp\/v2\/product_tag?post=289417"}],"curies":[{"name":"wp","href":"https:\/\/api.w.org\/{rel}","templated":true}]}}