{"id":289087,"date":"2025-03-05T07:17:43","date_gmt":"2025-03-26T19:44:25","guid":{"rendered":"https:\/\/staging.nbg.eu\/prodcut\/magpul-ctr-carbine-stock-for-ar15-m4\/"},"modified":"2025-03-26T19:46:57","modified_gmt":"2025-03-26T19:46:57","slug":"magpul-ctr-karabiner-schulterstuetze-fuer-ar15-m4","status":"publish","type":"product","link":"https:\/\/staging.nbg.eu\/de\/produkt\/magpul-ctr-karabiner-schulterstuetze-fuer-ar15-m4\/","title":{"rendered":"Magpul &#8211; CTR\u2122 Karabiner Schulterst\u00fctze f\u00fcr AR15 \/ M4"},"content":{"rendered":"<div class=\"product-description\">\n<h2>Magpul CTR\u2122 Schaftsystem f\u00fcr AR15 \/ M4<\/h2>\n<p>Das Magpul CTR (Compact\/Type Restricted) \u2013 Mil-Spec Modell ist ein Ersatzschaftsystem f\u00fcr AR15 \/ M16 Karabiner. Es bietet folgende Eigenschaften:<\/p>\n<ul>\n<li>A-Rahmen-Profil zur Vermeidung von Verhakungen<\/li>\n<li>Abgedeckter Entriegelungshebel zum Schutz vor unbeabsichtigter Bet\u00e4tigung<\/li>\n<li>Zus\u00e4tzliches Reibungsverriegelungssystem f\u00fcr erh\u00f6hte Waffenstabilit\u00e4t<\/li>\n<li>Beidseitige QD-Riemenbefestigung kompatibel mit Druckknopf-Riemenb\u00fcgeln<\/li>\n<li>0,3 Zoll dicke Gummi-Schaftkappe f\u00fcr Schulterauflage<\/li>\n<\/ul>\n<p>Kompatibel mit Mil-Spec Pufferrohr. Hergestellt in den USA. Bietet einen Verstellbereich von 3,3 Zoll. Maximale L\u00e4nge betr\u00e4gt 7,0 Zoll, Gewicht 8,9 Unzen.<\/p>\n<p><strong>Hinweis:<\/strong> Nur kompatibel mit Mil-Spec Pufferrohren. Vor dem Kauf die Kompatibilit\u00e4t des Karabiners \u00fcberpr\u00fcfen.<\/p>\n<\/div>\n","protected":false},"excerpt":{"rendered":"<p>Kompakte AR15\/M4-Schulterst\u00fctze. Stromlinienf\u00f6rmig, stabil, mit Schnellverschluss-Riemenhalterung.<\/p>\n","protected":false},"featured_media":237494,"template":"","meta":{"_acf_changed":false},"product_brand":[11556],"product_cat":[12107,12056,12067],"product_tag":[],"class_list":{"0":"post-289087","1":"product","2":"type-product","3":"status-publish","4":"has-post-thumbnail","6":"product_brand-magpul","7":"product_cat-gewehr","8":"product_cat-gewehr-tuning","9":"product_cat-gewehrschaefte","11":"first","12":"instock","13":"taxable","14":"shipping-taxable","15":"purchasable","16":"product-type-simple"},"acf":[],"_links":{"self":[{"href":"https:\/\/staging.nbg.eu\/de\/wp-json\/wp\/v2\/product\/289087","targetHints":{"allow":["GET"]}}],"collection":[{"href":"https:\/\/staging.nbg.eu\/de\/wp-json\/wp\/v2\/product"}],"about":[{"href":"https:\/\/staging.nbg.eu\/de\/wp-json\/wp\/v2\/types\/product"}],"wp:featuredmedia":[{"embeddable":true,"href":"https:\/\/staging.nbg.eu\/de\/wp-json\/wp\/v2\/media\/237494"}],"wp:attachment":[{"href":"https:\/\/staging.nbg.eu\/de\/wp-json\/wp\/v2\/media?parent=289087"}],"wp:term":[{"taxonomy":"product_brand","embeddable":true,"href":"https:\/\/staging.nbg.eu\/de\/wp-json\/wp\/v2\/product_brand?post=289087"},{"taxonomy":"product_cat","embeddable":true,"href":"https:\/\/staging.nbg.eu\/de\/wp-json\/wp\/v2\/product_cat?post=289087"},{"taxonomy":"product_tag","embeddable":true,"href":"https:\/\/staging.nbg.eu\/de\/wp-json\/wp\/v2\/product_tag?post=289087"}],"curies":[{"name":"wp","href":"https:\/\/api.w.org\/{rel}","templated":true}]}}