{"id":288557,"date":"2025-03-05T08:00:39","date_gmt":"2025-03-26T17:59:34","guid":{"rendered":"https:\/\/staging.nbg.eu\/prodcut\/magpul-prs-gen3-precision-adjustable-stock\/"},"modified":"2025-03-26T18:02:06","modified_gmt":"2025-03-26T18:02:06","slug":"magpul-prs-gen3-praezisions-verstellbare-schulterstuetze","status":"publish","type":"product","link":"https:\/\/staging.nbg.eu\/de\/produkt\/magpul-prs-gen3-praezisions-verstellbare-schulterstuetze\/","title":{"rendered":"Magpul &#8211; PRS\u00ae GEN3 Pr\u00e4zisions-Verstellbare Schulterst\u00fctze"},"content":{"rendered":"<div class=\"product-description\">\n<h2>Magpul &#8211; PRS\u00ae GEN3 Pr\u00e4zisions-einstellbarer Schaft<\/h2>\n<p>Der PRS GEN3 ist ein Pr\u00e4zisionsschaft f\u00fcr AR15\/M16 und AR10\/SR25 Plattformen, der eine werkzeuglose Einstellung f\u00fcr Zugsl\u00e4nge und Wangenh\u00f6he bietet. Er ist f\u00fcr halbautomatische Scharfsch\u00fctzen- oder Varmint-Gewehre konzipiert und bietet eine stabile Schnittstelle und nahezu universelle Passform.<\/p>\n<ul>\n<li>Optimiert f\u00fcr Gewehr-L\u00e4nge Empf\u00e4ngererweiterungen<\/li>\n<li>Kompatibel mit vielen Mil-Spec Carbine und A5-L\u00e4nge Rohren<\/li>\n<li>Neigungs-\/h\u00f6henverstellbare Gummi-Schaftkappe<\/li>\n<li>Rotationsbegrenzende QD-Riemenb\u00fcgel-Aufnahmen<\/li>\n<li>M-LOK\u00ae Schlitze f\u00fcr hintere Einbein-Montage<\/li>\n<li>Hergestellt in den USA<\/li>\n<\/ul>\n<p>Der PRS GEN3 verf\u00fcgt \u00fcber gefr\u00e4ste Aluminium-Einstellkn\u00f6pfe, Stahlsch\u00e4fte mit Melonite\u00ae-Finish und mehrere Riemenbefestigungsoptionen f\u00fcr Haltbarkeit und Vielseitigkeit im Einsatz.<\/p>\n<\/div>\n","protected":false},"excerpt":{"rendered":"<p>Pr\u00e4zisions-AR-Schaft mit werkzeugloser Anpassung der Schaftl\u00e4nge und Wangenh\u00f6he.<\/p>\n","protected":false},"featured_media":238359,"template":"","meta":{"_acf_changed":false},"product_brand":[11556],"product_cat":[12107,12056,12067],"product_tag":[],"class_list":{"0":"post-288557","1":"product","2":"type-product","3":"status-publish","4":"has-post-thumbnail","6":"product_brand-magpul","7":"product_cat-gewehr","8":"product_cat-gewehr-tuning","9":"product_cat-gewehrschaefte","11":"first","12":"instock","13":"taxable","14":"shipping-taxable","15":"purchasable","16":"product-type-variable","17":"wvs-archive-product-wrapper"},"acf":[],"_links":{"self":[{"href":"https:\/\/staging.nbg.eu\/de\/wp-json\/wp\/v2\/product\/288557","targetHints":{"allow":["GET"]}}],"collection":[{"href":"https:\/\/staging.nbg.eu\/de\/wp-json\/wp\/v2\/product"}],"about":[{"href":"https:\/\/staging.nbg.eu\/de\/wp-json\/wp\/v2\/types\/product"}],"wp:featuredmedia":[{"embeddable":true,"href":"https:\/\/staging.nbg.eu\/de\/wp-json\/wp\/v2\/media\/238359"}],"wp:attachment":[{"href":"https:\/\/staging.nbg.eu\/de\/wp-json\/wp\/v2\/media?parent=288557"}],"wp:term":[{"taxonomy":"product_brand","embeddable":true,"href":"https:\/\/staging.nbg.eu\/de\/wp-json\/wp\/v2\/product_brand?post=288557"},{"taxonomy":"product_cat","embeddable":true,"href":"https:\/\/staging.nbg.eu\/de\/wp-json\/wp\/v2\/product_cat?post=288557"},{"taxonomy":"product_tag","embeddable":true,"href":"https:\/\/staging.nbg.eu\/de\/wp-json\/wp\/v2\/product_tag?post=288557"}],"curies":[{"name":"wp","href":"https:\/\/api.w.org\/{rel}","templated":true}]}}