{"id":287625,"date":"2025-03-06T20:23:37","date_gmt":"2025-03-06T20:23:37","guid":{"rendered":"https:\/\/staging.nbg.eu\/prodcut\/clawgear-ak47-short-slick-handguard-m-lok\/"},"modified":"2025-03-26T12:35:14","modified_gmt":"2025-03-26T12:35:14","slug":"clawgear-ak47-kurzer-schlanker-handschutz-m-lok","status":"publish","type":"product","link":"https:\/\/staging.nbg.eu\/de\/produkt\/clawgear-ak47-kurzer-schlanker-handschutz-m-lok\/","title":{"rendered":"Clawgear &#8211; AK47 Kurzer Schlanker Handschutz M-LOK"},"content":{"rendered":"<h2>Clawgear &#8211; AK47 Kurzer Handschutz M-LOK<\/h2>\n<p>Handschutz f\u00fcr AK47 mit folgenden Eigenschaften:<\/p>\n<ul>\n<li>M-LOK Montagesystem f\u00fcr Zubeh\u00f6ranbringung<\/li>\n<li>Matte schwarze Oberfl\u00e4che zur Reduzierung von Reflexionen<\/li>\n<li>QD-Riemenbefestigungspunkt am hinteren Ende<\/li>\n<li>Kompatibel mit gestanzten und gefr\u00e4sten Geh\u00e4usen<\/li>\n<li>Hergestellt aus 6061 Aluminium<\/li>\n<li>MIL-SPEC Typ III Harteloxierung<\/li>\n<\/ul>\n<p>Abmessungen: 16,4cm (L) x 4,5cm (B) x 4cm (H)<\/p>\n<p>Gewicht: 0,16kg<\/p>\n<p>Handschutz zur Verbesserung der Funktionalit\u00e4t und des Erscheinungsbildes des AK47.<\/p>\n","protected":false},"excerpt":{"rendered":"<p>Leichter M-LOK Handschutz f\u00fcr AK47. QD-Riemenbefestigungspunkt. Passt f\u00fcr verschiedene Geh\u00e4use.<\/p>\n","protected":false},"featured_media":245161,"template":"","meta":{"_acf_changed":false},"product_brand":[],"product_cat":[12041,12107,12056],"product_tag":[],"class_list":{"0":"post-287625","1":"product","2":"type-product","3":"status-publish","4":"has-post-thumbnail","6":"product_cat-ak-tuning","7":"product_cat-gewehr","8":"product_cat-gewehr-tuning","10":"first","11":"instock","12":"taxable","13":"shipping-taxable","14":"purchasable","15":"product-type-simple"},"acf":[],"_links":{"self":[{"href":"https:\/\/staging.nbg.eu\/de\/wp-json\/wp\/v2\/product\/287625","targetHints":{"allow":["GET"]}}],"collection":[{"href":"https:\/\/staging.nbg.eu\/de\/wp-json\/wp\/v2\/product"}],"about":[{"href":"https:\/\/staging.nbg.eu\/de\/wp-json\/wp\/v2\/types\/product"}],"wp:featuredmedia":[{"embeddable":true,"href":"https:\/\/staging.nbg.eu\/de\/wp-json\/wp\/v2\/media\/245161"}],"wp:attachment":[{"href":"https:\/\/staging.nbg.eu\/de\/wp-json\/wp\/v2\/media?parent=287625"}],"wp:term":[{"taxonomy":"product_brand","embeddable":true,"href":"https:\/\/staging.nbg.eu\/de\/wp-json\/wp\/v2\/product_brand?post=287625"},{"taxonomy":"product_cat","embeddable":true,"href":"https:\/\/staging.nbg.eu\/de\/wp-json\/wp\/v2\/product_cat?post=287625"},{"taxonomy":"product_tag","embeddable":true,"href":"https:\/\/staging.nbg.eu\/de\/wp-json\/wp\/v2\/product_tag?post=287625"}],"curies":[{"name":"wp","href":"https:\/\/api.w.org\/{rel}","templated":true}]}}