{"id":285225,"date":"2025-03-04T18:44:51","date_gmt":"2025-03-25T14:25:27","guid":{"rendered":"https:\/\/staging.nbg.eu\/product\/magpul-ctr-moe-cheek-riser-0-25\/"},"modified":"2025-03-25T14:27:48","modified_gmt":"2025-03-25T14:27:48","slug":"magpul-ctr-moe-schafterhoehung-025","status":"publish","type":"product","link":"https:\/\/staging.nbg.eu\/de\/produkt\/magpul-ctr-moe-schafterhoehung-025\/","title":{"rendered":"Magpul &#8211; CTR \/ MOE Schafterh\u00f6hung &#8211; 0.25&#8220;"},"content":{"rendered":"<div class=\"product-description\">\n<h2>Magpul &#8211; CTR \/ MOE Wangenauflage &#8211; 0,25&#8243;<\/h2>\n<p>Die Magpul CTR \/ MOE Wangenauflage ist ein aufsteckbares Zubeh\u00f6r, das die Wangenauflage um 6,35 mm erh\u00f6ht. Es ist f\u00fcr Anwendungen au\u00dferhalb von AR15\/M4 konzipiert.<\/p>\n<ul>\n<li>Kompatibel mit CTR, MOE\u00ae, DT und PR Carbine-Sch\u00e4ften<\/li>\n<li>Geeignet f\u00fcr M14 Carbine-Schaftumbauten<\/li>\n<li>Hergestellt in den USA<\/li>\n<li>NSN: MAG325-BLK 1005-01-591-6018<\/li>\n<\/ul>\n<p><strong>Hinweis:<\/strong> Diese Auflage kann bei AR15\/M4-Plattformen die Funktion des Ladehebels beeintr\u00e4chtigen, es sei denn, der Schaft ist vollst\u00e4ndig ausgefahren.<\/p>\n<\/div>\n","protected":false},"excerpt":{"rendered":"<p>Wangenauflage f\u00fcr Nicht-AR15\/M4-Sch\u00e4fte. Erh\u00f6ht die Schwei\u00dfnaht um 0,25 Zoll. In den USA hergestellt.<\/p>\n","protected":false},"featured_media":236936,"template":"","meta":{"_acf_changed":false},"product_brand":[11556],"product_cat":[12107,12056,12067],"product_tag":[],"class_list":{"0":"post-285225","1":"product","2":"type-product","3":"status-publish","4":"has-post-thumbnail","6":"product_brand-magpul","7":"product_cat-gewehr","8":"product_cat-gewehr-tuning","9":"product_cat-gewehrschaefte","11":"first","12":"instock","13":"taxable","14":"shipping-taxable","15":"purchasable","16":"product-type-variable","17":"wvs-archive-product-wrapper"},"acf":[],"_links":{"self":[{"href":"https:\/\/staging.nbg.eu\/de\/wp-json\/wp\/v2\/product\/285225","targetHints":{"allow":["GET"]}}],"collection":[{"href":"https:\/\/staging.nbg.eu\/de\/wp-json\/wp\/v2\/product"}],"about":[{"href":"https:\/\/staging.nbg.eu\/de\/wp-json\/wp\/v2\/types\/product"}],"wp:featuredmedia":[{"embeddable":true,"href":"https:\/\/staging.nbg.eu\/de\/wp-json\/wp\/v2\/media\/236936"}],"wp:attachment":[{"href":"https:\/\/staging.nbg.eu\/de\/wp-json\/wp\/v2\/media?parent=285225"}],"wp:term":[{"taxonomy":"product_brand","embeddable":true,"href":"https:\/\/staging.nbg.eu\/de\/wp-json\/wp\/v2\/product_brand?post=285225"},{"taxonomy":"product_cat","embeddable":true,"href":"https:\/\/staging.nbg.eu\/de\/wp-json\/wp\/v2\/product_cat?post=285225"},{"taxonomy":"product_tag","embeddable":true,"href":"https:\/\/staging.nbg.eu\/de\/wp-json\/wp\/v2\/product_tag?post=285225"}],"curies":[{"name":"wp","href":"https:\/\/api.w.org\/{rel}","templated":true}]}}