{"id":285033,"date":"2025-03-02T07:13:28","date_gmt":"2025-03-25T14:09:50","guid":{"rendered":"https:\/\/staging.nbg.eu\/product\/the-railchanger-from-area-419-armageddon-gear-and-reasor-precision\/"},"modified":"2025-03-25T14:12:08","modified_gmt":"2025-03-25T14:12:08","slug":"the-railchanger-von-area-419-armageddon-gear-und-reasor-precision","status":"publish","type":"product","link":"https:\/\/staging.nbg.eu\/de\/produkt\/the-railchanger-von-area-419-armageddon-gear-und-reasor-precision\/","title":{"rendered":"The RailChanger \u2013 Von Area 419, Armageddon Gear und Reasor Precision"},"content":{"rendered":"<div class=\"product-description\">\n<h2>Der RailChanger: GripChanger Edition<\/h2>\n<p>Eine neue Erg\u00e4nzung zur RailChanger-Reihe: der GripChanger. Diese kompakte Tasche eignet sich f\u00fcr schnellen Positionsaufbau und die Verwendung in kleinen \u00d6ffnungen.<\/p>\n<h2>Merkmale:<\/h2>\n<ul>\n<li>Klein, griffig und dicht gef\u00fcllt<\/li>\n<li>Wiegt etwa 450 g<\/li>\n<li>Haftet an jeder Oberfl\u00e4che<\/li>\n<li>Bietet eine stabile Plattform f\u00fcr schnellen Aufbau<\/li>\n<\/ul>\n<h2>Lieferumfang:<\/h2>\n<ul>\n<li>1 Area 419 GripChanger Tasche<\/li>\n<li>1 ARCALOCK Klemme<\/li>\n<li>1 Area 419 Rail Changer Arm<\/li>\n<\/ul>\n<h2>Spezifikationen:<\/h2>\n<ul>\n<li>Gewicht: 450 g<\/li>\n<li>Abmessungen: 25,4 \u00d7 7,6 \u00d7 5,1 cm<\/li>\n<li>Hersteller: Armageddon Gear<\/li>\n<\/ul>\n<p>Der GripChanger ist eine Zusammenarbeit zwischen Area 419, Armageddon Gear und Reasor Precision.<\/p>\n<\/div>\n","protected":false},"excerpt":{"rendered":"<p>Vielseitige, griffige Tasche f\u00fcr schnelle, stabile Schie\u00dfpositionen.<\/p>\n","protected":false},"featured_media":233700,"template":"","meta":{"_acf_changed":false},"product_brand":[11037],"product_cat":[12107],"product_tag":[],"class_list":{"0":"post-285033","1":"product","2":"type-product","3":"status-publish","4":"has-post-thumbnail","6":"product_brand-area-419","7":"product_cat-gewehr","9":"first","10":"instock","11":"taxable","12":"shipping-taxable","13":"purchasable","14":"product-type-variable","15":"wvs-archive-product-wrapper"},"acf":[],"_links":{"self":[{"href":"https:\/\/staging.nbg.eu\/de\/wp-json\/wp\/v2\/product\/285033","targetHints":{"allow":["GET"]}}],"collection":[{"href":"https:\/\/staging.nbg.eu\/de\/wp-json\/wp\/v2\/product"}],"about":[{"href":"https:\/\/staging.nbg.eu\/de\/wp-json\/wp\/v2\/types\/product"}],"wp:featuredmedia":[{"embeddable":true,"href":"https:\/\/staging.nbg.eu\/de\/wp-json\/wp\/v2\/media\/233700"}],"wp:attachment":[{"href":"https:\/\/staging.nbg.eu\/de\/wp-json\/wp\/v2\/media?parent=285033"}],"wp:term":[{"taxonomy":"product_brand","embeddable":true,"href":"https:\/\/staging.nbg.eu\/de\/wp-json\/wp\/v2\/product_brand?post=285033"},{"taxonomy":"product_cat","embeddable":true,"href":"https:\/\/staging.nbg.eu\/de\/wp-json\/wp\/v2\/product_cat?post=285033"},{"taxonomy":"product_tag","embeddable":true,"href":"https:\/\/staging.nbg.eu\/de\/wp-json\/wp\/v2\/product_tag?post=285033"}],"curies":[{"name":"wp","href":"https:\/\/api.w.org\/{rel}","templated":true}]}}