{"id":284338,"date":"2025-03-06T20:15:14","date_gmt":"2025-03-06T20:15:14","guid":{"rendered":"https:\/\/staging.nbg.eu\/product\/clawgear-ak47-gas-tube-cover\/"},"modified":"2025-03-25T13:00:48","modified_gmt":"2025-03-25T13:00:48","slug":"clawgear-ak47-gasrohr-abdeckung","status":"publish","type":"product","link":"https:\/\/staging.nbg.eu\/de\/produkt\/clawgear-ak47-gasrohr-abdeckung\/","title":{"rendered":"Clawgear &#8211; AK47 Gasrohr Abdeckung"},"content":{"rendered":"<h2>Clawgear &#8211; AK47 Gasrohrabdeckung<\/h2>\n<p>Erg\u00e4nzen Sie Ihre AK47 mit der Clawgear Gasrohrabdeckung, die ausschlie\u00dflich f\u00fcr den Gebrauch mit dem CG Slimline Handschutz entwickelt wurde. Dieses Zubeh\u00f6r bietet:<\/p>\n<ul>\n<li>Mil-STD 1913 Picatinny \/ Stanag 4694 Schiene oben<\/li>\n<li>Konstruktion aus hochfestem Aluminium<\/li>\n<li>Schwarze mil-spec Hartbeschichtung<\/li>\n<\/ul>\n<p>Diese Gasrohrabdeckung ist 10cm lang und wiegt 80g. Sie integriert sich in das Design Ihrer AK47.<\/p>\n<p><strong>Hinweis:<\/strong> Dieses Produkt ist <em>nur<\/em> mit dem Clawgear AK47 Slimline Handschutz kompatibel.<\/p>\n<p>Die Clawgear AK47 Gasrohrabdeckung ist eine Erg\u00e4nzung f\u00fcr Ihre AK47.<\/p>\n","protected":false},"excerpt":{"rendered":"<p>Langlebige AK47-Gasrohrverkleidung mit Picatinny-Schiene f\u00fcr schlanke Handschutzvorrichtung.<\/p>\n","protected":false},"featured_media":244884,"template":"","meta":{"_acf_changed":false},"product_brand":[11226],"product_cat":[12041,12107,12055],"product_tag":[],"class_list":{"0":"post-284338","1":"product","2":"type-product","3":"status-publish","4":"has-post-thumbnail","6":"product_brand-clawgear","7":"product_cat-ak-tuning","8":"product_cat-gewehr","9":"product_cat-schienen","11":"first","12":"instock","13":"taxable","14":"shipping-taxable","15":"purchasable","16":"product-type-simple"},"acf":[],"_links":{"self":[{"href":"https:\/\/staging.nbg.eu\/de\/wp-json\/wp\/v2\/product\/284338","targetHints":{"allow":["GET"]}}],"collection":[{"href":"https:\/\/staging.nbg.eu\/de\/wp-json\/wp\/v2\/product"}],"about":[{"href":"https:\/\/staging.nbg.eu\/de\/wp-json\/wp\/v2\/types\/product"}],"wp:featuredmedia":[{"embeddable":true,"href":"https:\/\/staging.nbg.eu\/de\/wp-json\/wp\/v2\/media\/244884"}],"wp:attachment":[{"href":"https:\/\/staging.nbg.eu\/de\/wp-json\/wp\/v2\/media?parent=284338"}],"wp:term":[{"taxonomy":"product_brand","embeddable":true,"href":"https:\/\/staging.nbg.eu\/de\/wp-json\/wp\/v2\/product_brand?post=284338"},{"taxonomy":"product_cat","embeddable":true,"href":"https:\/\/staging.nbg.eu\/de\/wp-json\/wp\/v2\/product_cat?post=284338"},{"taxonomy":"product_tag","embeddable":true,"href":"https:\/\/staging.nbg.eu\/de\/wp-json\/wp\/v2\/product_tag?post=284338"}],"curies":[{"name":"wp","href":"https:\/\/api.w.org\/{rel}","templated":true}]}}