{"id":284177,"date":"2025-03-05T08:21:40","date_gmt":"2025-03-25T10:47:46","guid":{"rendered":"https:\/\/staging.nbg.eu\/product\/magpul-moe-sl-enhanced-rubber-butt-pad-0-70\/"},"modified":"2025-03-25T10:50:30","modified_gmt":"2025-03-25T10:50:30","slug":"magpul-moe-sl-verstaerkte-gummi-schaftkappe-070","status":"publish","type":"product","link":"https:\/\/staging.nbg.eu\/de\/produkt\/magpul-moe-sl-verstaerkte-gummi-schaftkappe-070\/","title":{"rendered":"Magpul &#8211; MOE SL\u00ae Verst\u00e4rkte Gummi Schaftkappe, 0.70"},"content":{"rendered":"<h2>Magpul &#8211; MOE SL\u00ae Verbesserte Gummi-Schaftkappe, 0,70 Zoll<\/h2>\n<p>Ersetzen Sie die Schaftkappe Ihres Magpul-Schafts durch die MOE SL\u00ae Verbesserte Gummi-Schaftkappe, 0,70&#8243;. Diese direkte Ersatzkappe bietet verbesserten Komfort und Funktionalit\u00e4t f\u00fcr Ihre Waffe.<\/p>\n<h3>Hauptmerkmale:<\/h3>\n<ul>\n<li>Kompatibel mit DT Carbine, MOE SL\u00ae, MOE\u00ae SL-S\u2122, UBR\u00ae GEN2, MOE\u00ae AK, Zhukov-S\u00ae, X-22 Backpacker und PC Backpacker Sch\u00e4ften<\/li>\n<li>Rutschfeste gerippte Oberfl\u00e4che f\u00fcr sicheren Halt<\/li>\n<li>Dickeres, bel\u00fcftetes Design f\u00fcr erh\u00f6hten Komfort<\/li>\n<li>Verl\u00e4ngert die Zugl\u00e4nge um ca. 0,95 cm<\/li>\n<li>Wiegt weniger als 28 g<\/li>\n<li>Abgewinkelter, gezahnter Fu\u00df f\u00fcr einfache Montage<\/li>\n<li>Gebogene Oberseite f\u00fcr bequemen Sitz an der Schulter<\/li>\n<\/ul>\n<p>Hergestellt in den USA, kombiniert diese Schaftkappe Haltbarkeit mit verbessertem Design. Sie l\u00e4sst sich einfach mit vorhandener Hardware montieren und bietet eine sofortige Verbesserung Ihres Magpul-Schafts.<\/p>\n<p><strong>Verbessern Sie Ihr Schie\u00dferlebnis mit der Magpul MOE SL\u00ae Verbesserten Gummi-Schaftkappe.<\/strong><\/p>\n","protected":false},"excerpt":{"rendered":"<p>Komfortables, rutschfestes 1,78 cm starkes Gummi-Schaftkappe f\u00fcr Magpul-Sch\u00e4fte.<\/p>\n","protected":false},"featured_media":238692,"template":"","meta":{"_acf_changed":false},"product_brand":[11556],"product_cat":[12107,12056,12067],"product_tag":[],"class_list":{"0":"post-284177","1":"product","2":"type-product","3":"status-publish","4":"has-post-thumbnail","6":"product_brand-magpul","7":"product_cat-gewehr","8":"product_cat-gewehr-tuning","9":"product_cat-gewehrschaefte","11":"first","12":"instock","13":"taxable","14":"shipping-taxable","15":"purchasable","16":"product-type-simple"},"acf":[],"_links":{"self":[{"href":"https:\/\/staging.nbg.eu\/de\/wp-json\/wp\/v2\/product\/284177","targetHints":{"allow":["GET"]}}],"collection":[{"href":"https:\/\/staging.nbg.eu\/de\/wp-json\/wp\/v2\/product"}],"about":[{"href":"https:\/\/staging.nbg.eu\/de\/wp-json\/wp\/v2\/types\/product"}],"wp:featuredmedia":[{"embeddable":true,"href":"https:\/\/staging.nbg.eu\/de\/wp-json\/wp\/v2\/media\/238692"}],"wp:attachment":[{"href":"https:\/\/staging.nbg.eu\/de\/wp-json\/wp\/v2\/media?parent=284177"}],"wp:term":[{"taxonomy":"product_brand","embeddable":true,"href":"https:\/\/staging.nbg.eu\/de\/wp-json\/wp\/v2\/product_brand?post=284177"},{"taxonomy":"product_cat","embeddable":true,"href":"https:\/\/staging.nbg.eu\/de\/wp-json\/wp\/v2\/product_cat?post=284177"},{"taxonomy":"product_tag","embeddable":true,"href":"https:\/\/staging.nbg.eu\/de\/wp-json\/wp\/v2\/product_tag?post=284177"}],"curies":[{"name":"wp","href":"https:\/\/api.w.org\/{rel}","templated":true}]}}