{"id":283708,"date":"2025-03-06T10:14:28","date_gmt":"2025-03-06T10:14:28","guid":{"rendered":"https:\/\/staging.nbg.eu\/product\/clawgear-snap-cap-12-gauge-2-pack\/"},"modified":"2025-03-25T09:28:11","modified_gmt":"2025-03-25T09:28:11","slug":"clawgear-pufferpatrone-12-gauge-2er-pack","status":"publish","type":"product","link":"https:\/\/staging.nbg.eu\/de\/produkt\/clawgear-pufferpatrone-12-gauge-2er-pack\/","title":{"rendered":"Clawgear Pufferpatrone 12 Gauge 2er-Pack"},"content":{"rendered":"<h2>Clawgear Snap Cap 12 Gauge 2er-Pack<\/h2>\n<p>Diese Snap Caps sind f\u00fcr das Training und die Wartung von Schusswaffen konzipiert. Sie sch\u00fctzen den Schlagbolzen und den Mechanismus der Waffe w\u00e4hrend des Trockentrainings, Funktionstests und der Lagerung.<\/p>\n<h2>Hauptmerkmale:<\/h2>\n<ul>\n<li>2 Snap Caps pro Packung<\/li>\n<li>Langlebige Konstruktion<\/li>\n<li>Verhindert Sch\u00e4den am Schlagbolzen und Mechanismus<\/li>\n<li>Geeignet f\u00fcr Trockentraining und Funktionstests<\/li>\n<\/ul>\n<h2>Produktabmessungen:<\/h2>\n<ul>\n<li>L\u00e4nge: 5,5 cm<\/li>\n<li>Breite: 2,1 cm<\/li>\n<li>H\u00f6he: 2,1 cm<\/li>\n<li>Gewicht: 0,106 kg<\/li>\n<\/ul>\n<p>Die Clawgear Snap Cap 12 Gauge 2er-Pack dient zum \u00dcben und zur Wartung von Schusswaffen.<\/p>\n","protected":false},"excerpt":{"rendered":"<p>\u201eLanglebige 12er Kaliber \u00dcbungspatronen, 2er-Pack. Perfekt f\u00fcr sicheres Trockenfeuer-Training.&#8220;<\/p>\n","protected":false},"featured_media":240945,"template":"","meta":{"_acf_changed":false},"product_brand":[11226],"product_cat":[12082],"product_tag":[],"class_list":{"0":"post-283708","1":"product","2":"type-product","3":"status-publish","4":"has-post-thumbnail","6":"product_brand-clawgear","7":"product_cat-munition","9":"first","10":"instock","11":"taxable","12":"shipping-taxable","13":"purchasable","14":"product-type-simple"},"acf":[],"_links":{"self":[{"href":"https:\/\/staging.nbg.eu\/de\/wp-json\/wp\/v2\/product\/283708","targetHints":{"allow":["GET"]}}],"collection":[{"href":"https:\/\/staging.nbg.eu\/de\/wp-json\/wp\/v2\/product"}],"about":[{"href":"https:\/\/staging.nbg.eu\/de\/wp-json\/wp\/v2\/types\/product"}],"wp:featuredmedia":[{"embeddable":true,"href":"https:\/\/staging.nbg.eu\/de\/wp-json\/wp\/v2\/media\/240945"}],"wp:attachment":[{"href":"https:\/\/staging.nbg.eu\/de\/wp-json\/wp\/v2\/media?parent=283708"}],"wp:term":[{"taxonomy":"product_brand","embeddable":true,"href":"https:\/\/staging.nbg.eu\/de\/wp-json\/wp\/v2\/product_brand?post=283708"},{"taxonomy":"product_cat","embeddable":true,"href":"https:\/\/staging.nbg.eu\/de\/wp-json\/wp\/v2\/product_cat?post=283708"},{"taxonomy":"product_tag","embeddable":true,"href":"https:\/\/staging.nbg.eu\/de\/wp-json\/wp\/v2\/product_tag?post=283708"}],"curies":[{"name":"wp","href":"https:\/\/api.w.org\/{rel}","templated":true}]}}