{"id":282070,"date":"2025-03-06T10:01:39","date_gmt":"2025-03-24T12:40:35","guid":{"rendered":"https:\/\/staging.nbg.eu\/product\/clawgear-m-lok-10-slot-rail-qd-integrated\/"},"modified":"2025-03-24T12:43:14","modified_gmt":"2025-03-24T12:43:14","slug":"clawgear-m-lok-10-slot-schiene-qd-integriert","status":"publish","type":"product","link":"https:\/\/staging.nbg.eu\/de\/produkt\/clawgear-m-lok-10-slot-schiene-qd-integriert\/","title":{"rendered":"Clawgear M-LOK 10 Slot Schiene QD integriert"},"content":{"rendered":"<h2>Clawgear M-LOK 10 Slot Schiene mit integriertem QD<\/h2>\n<p>Picatinny-Schiene f\u00fcr M-LOK-Schnittstelle. Mit 10 Slots und einem integrierten QD-Befestigungspunkt f\u00fcr Riemenb\u00fcgel. Hergestellt aus Aluminium mit hartanodisierter Oberfl\u00e4che gem\u00e4\u00df Mil-Spec-Anforderungen.<\/p>\n<ul>\n<li>Inkl. Montagematerial mit Edelstahl-T-Muttern<\/li>\n<li>Korrosionsbest\u00e4ndiges Design<\/li>\n<li>Max. Drehmoment: 4Nm oder 35in\/lb<\/li>\n<\/ul>\n<p><strong>Hinweis:<\/strong> Verwenden Sie den kurzen Griff des Inbusschl\u00fcssels zum Festziehen, wenn kein Drehmomentschl\u00fcssel verf\u00fcgbar ist.<\/p>\n<p><em>Abmessungen (verpackt):<\/em> 17 x 10,7 x 1 cm<br \/>\n<em>Gewicht:<\/em> 45g (53g verpackt)<\/p>\n","protected":false},"excerpt":{"rendered":"<p>M-LOK Picatinny-Schiene mit 10 Slots und QD-Halterung. Langlebiges Aluminium.<\/p>\n","protected":false},"featured_media":240503,"template":"","meta":{"_acf_changed":false},"product_brand":[11226],"product_cat":[12107,12056,12055,12070],"product_tag":[],"class_list":{"0":"post-282070","1":"product","2":"type-product","3":"status-publish","4":"has-post-thumbnail","6":"product_brand-clawgear","7":"product_cat-gewehr","8":"product_cat-gewehr-tuning","9":"product_cat-schienen","10":"product_cat-trageriemen","12":"first","13":"instock","14":"taxable","15":"shipping-taxable","16":"purchasable","17":"product-type-simple"},"acf":[],"_links":{"self":[{"href":"https:\/\/staging.nbg.eu\/de\/wp-json\/wp\/v2\/product\/282070","targetHints":{"allow":["GET"]}}],"collection":[{"href":"https:\/\/staging.nbg.eu\/de\/wp-json\/wp\/v2\/product"}],"about":[{"href":"https:\/\/staging.nbg.eu\/de\/wp-json\/wp\/v2\/types\/product"}],"wp:featuredmedia":[{"embeddable":true,"href":"https:\/\/staging.nbg.eu\/de\/wp-json\/wp\/v2\/media\/240503"}],"wp:attachment":[{"href":"https:\/\/staging.nbg.eu\/de\/wp-json\/wp\/v2\/media?parent=282070"}],"wp:term":[{"taxonomy":"product_brand","embeddable":true,"href":"https:\/\/staging.nbg.eu\/de\/wp-json\/wp\/v2\/product_brand?post=282070"},{"taxonomy":"product_cat","embeddable":true,"href":"https:\/\/staging.nbg.eu\/de\/wp-json\/wp\/v2\/product_cat?post=282070"},{"taxonomy":"product_tag","embeddable":true,"href":"https:\/\/staging.nbg.eu\/de\/wp-json\/wp\/v2\/product_tag?post=282070"}],"curies":[{"name":"wp","href":"https:\/\/api.w.org\/{rel}","templated":true}]}}