{"id":278452,"date":"2025-03-07T18:45:15","date_gmt":"2025-03-21T10:46:06","guid":{"rendered":"https:\/\/staging.nbg.eu\/product\/smith-wesson-performance-center-586-l-comp\/"},"modified":"2025-03-21T10:48:57","modified_gmt":"2025-03-21T10:48:57","slug":"smith-wesson-performance-center-586-l-comp","status":"publish","type":"product","link":"https:\/\/staging.nbg.eu\/de\/produkt\/smith-wesson-performance-center-586-l-comp\/","title":{"rendered":"Smith &#038; Wesson &#8211; PERFORMANCE CENTER\u00ae 586 L-COMP"},"content":{"rendered":"<div class=\"product-description\">\n<h2>Smith &amp; Wesson &#8211; PERFORMANCE CENTER\u00ae 586 L-COMP<\/h2>\n<p>Der Smith &amp; Wesson Performance Center\u00ae 586 L-COMP ist der erste gebl\u00e4ute, siebenSchuss-Revolver mittlerer Gr\u00f6\u00dfe von Smith &amp; Wesson.<\/p>\n<h2>Hauptmerkmale:<\/h2>\n<ul>\n<li>Ported Vollwarzenlauf f\u00fcr reduzierten R\u00fccksto\u00df<\/li>\n<li>Tritium-Frontnachtsicht<\/li>\n<li>Performance Center optimierte Mechanik<\/li>\n<li>Double Action und Single Action<\/li>\n<li>Trommel f\u00fcr Mondclips ausgelegt (inklusive)<\/li>\n<\/ul>\n<p>Der 586 L-COMP verf\u00fcgt \u00fcber eine Performance Center optimierte Mechanik. Der Ported Vollwarzenlauf reduziert den R\u00fccksto\u00df. Die Tritium-Frontnachtsicht erm\u00f6glicht schnelles Zielen bei schlechten Lichtverh\u00e4ltnissen. Die Trommel ist f\u00fcr Mondclips ausgelegt, die im Lieferumfang enthalten sind.<\/p>\n<h2>Technische Daten:<\/h2>\n<ul>\n<li>Kaliber: .357 Magnum<\/li>\n<li>Kapazit\u00e4t: 7 Schuss<\/li>\n<li>Laufl\u00e4nge: 3 Zoll<\/li>\n<li>Gesamtl\u00e4nge: 8 Zoll<\/li>\n<li>Gewicht: 36,2 oz<\/li>\n<li>Rahmenmaterial: Kohlenstoffstahl<\/li>\n<li>Laufmaterial: Kohlenstoffstahl<\/li>\n<li>Oberfl\u00e4che: Schwarz<\/li>\n<li>Abzug: Single\/Double Action<\/li>\n<li>Visierung: Nachtsicht<\/li>\n<\/ul>\n<p>Der 586 L-COMP wird von Smith &amp; Wesson&#8217;s B\u00fcchsenmachern hergestellt. Jede Waffe wird nach den Standards des Performance Center\u00ae gefertigt.<\/p>\n<p>F\u00fcr Informationen zur Verf\u00fcgbarkeit des Smith &amp; Wesson Performance Center\u00ae 586 L-COMP kontaktieren Sie Ihren lokalen Smith &amp; Wesson H\u00e4ndler.<\/p>\n<\/div>\n","protected":false},"excerpt":{"rendered":"<p>S&amp;W Performance Center 586 L-Comp: 7-sch\u00fcssiger .357 Magnum Revolver mit kompensiertem Lauf, Nachtvisier und optimiertem Abzug.<\/p>\n","protected":false},"featured_media":248889,"template":"","meta":{"_acf_changed":false},"product_brand":[11821],"product_cat":[12064,12054],"product_tag":[],"class_list":{"0":"post-278452","1":"product","2":"type-product","3":"status-publish","4":"has-post-thumbnail","6":"product_brand-smith-and-wesson","7":"product_cat-pistole","8":"product_cat-pistolen","10":"first","11":"instock","12":"taxable","13":"shipping-taxable","14":"purchasable","15":"product-type-simple"},"acf":[],"_links":{"self":[{"href":"https:\/\/staging.nbg.eu\/de\/wp-json\/wp\/v2\/product\/278452","targetHints":{"allow":["GET"]}}],"collection":[{"href":"https:\/\/staging.nbg.eu\/de\/wp-json\/wp\/v2\/product"}],"about":[{"href":"https:\/\/staging.nbg.eu\/de\/wp-json\/wp\/v2\/types\/product"}],"wp:featuredmedia":[{"embeddable":true,"href":"https:\/\/staging.nbg.eu\/de\/wp-json\/wp\/v2\/media\/248889"}],"wp:attachment":[{"href":"https:\/\/staging.nbg.eu\/de\/wp-json\/wp\/v2\/media?parent=278452"}],"wp:term":[{"taxonomy":"product_brand","embeddable":true,"href":"https:\/\/staging.nbg.eu\/de\/wp-json\/wp\/v2\/product_brand?post=278452"},{"taxonomy":"product_cat","embeddable":true,"href":"https:\/\/staging.nbg.eu\/de\/wp-json\/wp\/v2\/product_cat?post=278452"},{"taxonomy":"product_tag","embeddable":true,"href":"https:\/\/staging.nbg.eu\/de\/wp-json\/wp\/v2\/product_tag?post=278452"}],"curies":[{"name":"wp","href":"https:\/\/api.w.org\/{rel}","templated":true}]}}