{"id":278301,"date":"2025-03-07T17:59:41","date_gmt":"2025-03-21T10:04:10","guid":{"rendered":"https:\/\/staging.nbg.eu\/product\/sellier-bellot-40sw-fmj-11-7g-180gr\/"},"modified":"2025-03-21T10:06:29","modified_gmt":"2025-03-21T10:06:29","slug":"sellier-amp-bellot-40sampw-fmj-117g-180gr","status":"publish","type":"product","link":"https:\/\/staging.nbg.eu\/de\/produkt\/sellier-amp-bellot-40sampw-fmj-117g-180gr\/","title":{"rendered":"Sellier &amp; Bellot &#8211; 40S&amp;W FMJ &#8211; 11.7g \/ 180gr"},"content":{"rendered":"<p>Die Sellier &amp; Bellot 40S&amp;W Vollmantelgeschoss-Munition ist f\u00fcr Ziel\u00fcbungen geeignet. Jede Patrone enth\u00e4lt ein 180 Grain FMJ-Geschoss, das eine konsistente Leistung und zuverl\u00e4ssige Zuf\u00fchrung in Ihrer .40 S&amp;W Handfeuerwaffe bietet.<\/p>\n<ul>\n<li>Kaliber: .40 S&amp;W<\/li>\n<li>Geschossgewicht: 180 Grain (11,7g)<\/li>\n<li>Geschosstyp: Vollmantel (FMJ)<\/li>\n<li>M\u00fcndungsgeschwindigkeit: 968 FPS<\/li>\n<li>M\u00fcndungsenergie: 400 ft-lbs<\/li>\n<li>H\u00fclse: Messing<\/li>\n<\/ul>\n<p>Diese Munition kommt in Schachteln zu 50 Schuss, mit 20 Schachteln pro Karton. Die Messingh\u00fclse erm\u00f6glicht ein reibungsloses Funktionieren und kann wiedergeladen werden. Mit einer Geschwindigkeit von 940 fps bieten diese Patronen eine zuverl\u00e4ssige Leistung f\u00fcr Zielschie\u00dfen und Schie\u00dfstand\u00fcbungen. Sellier &amp; Bellot liefert konsistente Munition f\u00fcr Ihre .40 S&amp;W Feuerwaffe.<\/p>\n","protected":false},"excerpt":{"rendered":"<p>40 S&amp;W 180gr Vollmantelgeschoss-Munition zum Plinkschie\u00dfen. Messingh\u00fclse, 295 m\/s, 50 Schuss pro Schachtel.<\/p>\n","protected":false},"featured_media":248746,"template":"","meta":{"_acf_changed":false},"product_brand":[],"product_cat":[12082,12052],"product_tag":[],"class_list":{"0":"post-278301","1":"product","2":"type-product","3":"status-publish","4":"has-post-thumbnail","6":"product_cat-munition","7":"product_cat-pistolenmanution","9":"first","10":"instock","11":"taxable","12":"shipping-taxable","13":"purchasable","14":"product-type-simple"},"acf":[],"_links":{"self":[{"href":"https:\/\/staging.nbg.eu\/de\/wp-json\/wp\/v2\/product\/278301","targetHints":{"allow":["GET"]}}],"collection":[{"href":"https:\/\/staging.nbg.eu\/de\/wp-json\/wp\/v2\/product"}],"about":[{"href":"https:\/\/staging.nbg.eu\/de\/wp-json\/wp\/v2\/types\/product"}],"wp:featuredmedia":[{"embeddable":true,"href":"https:\/\/staging.nbg.eu\/de\/wp-json\/wp\/v2\/media\/248746"}],"wp:attachment":[{"href":"https:\/\/staging.nbg.eu\/de\/wp-json\/wp\/v2\/media?parent=278301"}],"wp:term":[{"taxonomy":"product_brand","embeddable":true,"href":"https:\/\/staging.nbg.eu\/de\/wp-json\/wp\/v2\/product_brand?post=278301"},{"taxonomy":"product_cat","embeddable":true,"href":"https:\/\/staging.nbg.eu\/de\/wp-json\/wp\/v2\/product_cat?post=278301"},{"taxonomy":"product_tag","embeddable":true,"href":"https:\/\/staging.nbg.eu\/de\/wp-json\/wp\/v2\/product_tag?post=278301"}],"curies":[{"name":"wp","href":"https:\/\/api.w.org\/{rel}","templated":true}]}}