{"id":276197,"date":"2025-03-07T07:40:34","date_gmt":"2025-03-20T13:40:29","guid":{"rendered":"https:\/\/staging.nbg.eu\/product\/silicone-gel-pads-for-3m-peltor\/"},"modified":"2025-03-20T13:42:30","modified_gmt":"2025-03-20T13:42:30","slug":"silikon-gel-polster-fuer-3m-peltor","status":"publish","type":"product","link":"https:\/\/staging.nbg.eu\/de\/produkt\/silikon-gel-polster-fuer-3m-peltor\/","title":{"rendered":"Silikon Gel Polster f\u00fcr 3M Peltor"},"content":{"rendered":"<div class=\"product-description\">\n<h2>Silikongel-Polster f\u00fcr 3M Peltor<\/h2>\n<p>Ersatz-Silikongel-Ohrpolster f\u00fcr 3M Peltor Geh\u00f6rsch\u00fctzer. Kompatibel mit verschiedenen Peltor-Modellen, einschlie\u00dflich Sportac, WS Sportac, Protac III und X4A passiv.<\/p>\n<ul>\n<li>Einfache Installation: Einrasten ohne Modifikationen<\/li>\n<li>Komfort: Gelpolster passen sich der Kopfform an<\/li>\n<li>Verbesserte Abdichtung: Schafft eine Barriere um Brillenb\u00fcgel<\/li>\n<li>Haltbare Konstruktion: Ultraschallschwei\u00dfmontage f\u00fcr Langlebigkeit<\/li>\n<li>Kompatibilit\u00e4t: Passt zu den meisten Peltor Geh\u00f6rsch\u00fctzer-Modellen<\/li>\n<\/ul>\n<p>Diese Silikongel-Polster sind f\u00fcr l\u00e4ngeres Tragen und Geh\u00f6rschutz geeignet.<\/p>\n<\/div>\n","protected":false},"excerpt":{"rendered":"<p>Bequeme, einfach zu installierende Gelpolster f\u00fcr 3M Peltor Geh\u00f6rschutz.<\/p>\n","protected":false},"featured_media":245725,"template":"","meta":{"_acf_changed":false},"product_brand":[11017],"product_cat":[12074,12069],"product_tag":[],"class_list":{"0":"post-276197","1":"product","2":"type-product","3":"status-publish","4":"has-post-thumbnail","6":"product_brand-3m","7":"product_cat-ausruestung","8":"product_cat-gehoerschutz","10":"first","11":"instock","12":"taxable","13":"shipping-taxable","14":"purchasable","15":"product-type-simple"},"acf":[],"_links":{"self":[{"href":"https:\/\/staging.nbg.eu\/de\/wp-json\/wp\/v2\/product\/276197","targetHints":{"allow":["GET"]}}],"collection":[{"href":"https:\/\/staging.nbg.eu\/de\/wp-json\/wp\/v2\/product"}],"about":[{"href":"https:\/\/staging.nbg.eu\/de\/wp-json\/wp\/v2\/types\/product"}],"wp:featuredmedia":[{"embeddable":true,"href":"https:\/\/staging.nbg.eu\/de\/wp-json\/wp\/v2\/media\/245725"}],"wp:attachment":[{"href":"https:\/\/staging.nbg.eu\/de\/wp-json\/wp\/v2\/media?parent=276197"}],"wp:term":[{"taxonomy":"product_brand","embeddable":true,"href":"https:\/\/staging.nbg.eu\/de\/wp-json\/wp\/v2\/product_brand?post=276197"},{"taxonomy":"product_cat","embeddable":true,"href":"https:\/\/staging.nbg.eu\/de\/wp-json\/wp\/v2\/product_cat?post=276197"},{"taxonomy":"product_tag","embeddable":true,"href":"https:\/\/staging.nbg.eu\/de\/wp-json\/wp\/v2\/product_tag?post=276197"}],"curies":[{"name":"wp","href":"https:\/\/api.w.org\/{rel}","templated":true}]}}