{"id":276081,"date":"2025-03-02T17:08:39","date_gmt":"2025-03-02T17:08:39","guid":{"rendered":"https:\/\/staging.nbg.eu\/product\/bore-tech-decimator-suppressor-cleaner\/"},"modified":"2025-03-20T13:31:25","modified_gmt":"2025-03-20T13:31:25","slug":"bore-tech-decimator-schalldaempfer-reiniger","status":"publish","type":"product","link":"https:\/\/staging.nbg.eu\/de\/produkt\/bore-tech-decimator-schalldaempfer-reiniger\/","title":{"rendered":"Bore Tech Decimator Schalld\u00e4mpfer Reiniger"},"content":{"rendered":"<div class=\"product-description\">\n<h2>Bore Tech Decimator Schalld\u00e4mpfer-Reiniger<\/h2>\n<p>Bore Tech&#8217;s Decimator Schalld\u00e4mpfer-Reiniger ist eine Zweikom ponentenformel zur sicheren und effektiven Entfernung von starken Verschmutzungen in Schalld\u00e4mpfern f\u00fcr Rand- und Zentralfeuerwaffen.<\/p>\n<ul>\n<li>100% Schalld\u00e4mpfer-sicher<\/li>\n<li>Nicht gef\u00e4hrlich &amp; Ammoniakfrei<\/li>\n<li>Geruchlos &amp; Biologisch abbaubar<\/li>\n<li>Sicher f\u00fcr Aluminium, Edelstahl, Titan und verschiedene Legierungen<\/li>\n<\/ul>\n<p>Teil A zielt auf hartn\u00e4ckige Kohlenstoff-\/Bleiablagerungen ab, w\u00e4hrend Teil B sich auf starke Kupferverschmutzungen konzentriert. In Verbindung mit dem Decimator Schalld\u00e4mpfer-Reinigungssystem eignet es sich zur Wartung von Schalld\u00e4mpfern, M\u00fcndungsbremsen, Schnellwechselmontagen und M\u00fcndungsfeuerd\u00e4mpfern.<\/p>\n<p>Der Bore Tech Decimator Schalld\u00e4mpfer-Reiniger dient dem Schutz und der Leistungserhaltung Ihrer Ausr\u00fcstung.<\/p>\n<\/div>\n","protected":false},"excerpt":{"rendered":"<p>Wirksamer, sicherer Schalld\u00e4mpfer-Reiniger f\u00fcr die Entfernung extremer Verschmutzungen.<\/p>\n","protected":false},"featured_media":235247,"template":"","meta":{"_acf_changed":false},"product_brand":[],"product_cat":[12123,12088],"product_tag":[],"class_list":{"0":"post-276081","1":"product","2":"type-product","3":"status-publish","4":"has-post-thumbnail","6":"product_cat-unkategorisiert","7":"product_cat-waffenreinigung","9":"first","10":"instock","11":"taxable","12":"shipping-taxable","13":"purchasable","14":"product-type-simple"},"acf":[],"_links":{"self":[{"href":"https:\/\/staging.nbg.eu\/de\/wp-json\/wp\/v2\/product\/276081","targetHints":{"allow":["GET"]}}],"collection":[{"href":"https:\/\/staging.nbg.eu\/de\/wp-json\/wp\/v2\/product"}],"about":[{"href":"https:\/\/staging.nbg.eu\/de\/wp-json\/wp\/v2\/types\/product"}],"wp:featuredmedia":[{"embeddable":true,"href":"https:\/\/staging.nbg.eu\/de\/wp-json\/wp\/v2\/media\/235247"}],"wp:attachment":[{"href":"https:\/\/staging.nbg.eu\/de\/wp-json\/wp\/v2\/media?parent=276081"}],"wp:term":[{"taxonomy":"product_brand","embeddable":true,"href":"https:\/\/staging.nbg.eu\/de\/wp-json\/wp\/v2\/product_brand?post=276081"},{"taxonomy":"product_cat","embeddable":true,"href":"https:\/\/staging.nbg.eu\/de\/wp-json\/wp\/v2\/product_cat?post=276081"},{"taxonomy":"product_tag","embeddable":true,"href":"https:\/\/staging.nbg.eu\/de\/wp-json\/wp\/v2\/product_tag?post=276081"}],"curies":[{"name":"wp","href":"https:\/\/api.w.org\/{rel}","templated":true}]}}