{"id":275385,"date":"2025-03-07T10:54:35","date_gmt":"2025-03-07T10:54:35","guid":{"rendered":"https:\/\/staging.nbg.eu\/product\/ipsc-targets-50pcs\/"},"modified":"2025-03-20T12:09:54","modified_gmt":"2025-03-20T12:09:54","slug":"ipsc-zielscheiben-50-stueck","status":"publish","type":"product","link":"https:\/\/staging.nbg.eu\/de\/produkt\/ipsc-zielscheiben-50-stueck\/","title":{"rendered":"IPSC Zielscheiben 50 St\u00fcck"},"content":{"rendered":"<div class=\"product-description\">\n<h2>Pappzielscheiben f\u00fcr IPSC &#8211; 50 St\u00fcck Packung<\/h2>\n<p>IPSC-konforme Zielscheiben f\u00fcr Wettk\u00e4mpfe und Training. Jede Packung enth\u00e4lt 50 Zielscheiben, die den IPSC-Wettkampfstandards entsprechen.<\/p>\n<ul>\n<li>Material: Pappe<\/li>\n<li>Menge: 50 Zielscheiben pro Packung<\/li>\n<li>Farben: Beidseitig bedruckt (Beige\/Wei\u00df)<\/li>\n<li>Perforierte A-, C- und D-Zonen f\u00fcr genaue Wertung<\/li>\n<\/ul>\n<p>Die Zielscheiben haben Perforationen auf der beigen Seite, die die Wertungszonen markieren. Die wei\u00dfe R\u00fcckseite kann als Strafzielscheibe verwendet werden, wobei die Wertungslinien durch die Perforationen sichtbar sind.<\/p>\n<p>Diese IPSC-Zielscheiben sind f\u00fcr Wettk\u00e4mpfer und Trainierende geeignet, um F\u00e4higkeiten zu verbessern und Fortschritte zu messen.<\/p>\n<\/div>\n","protected":false},"excerpt":{"rendered":"<p>IPSC-Ziele: 50 hochwertige Pappziele f\u00fcr Wettkampf und Training.<\/p>\n","protected":false},"featured_media":246677,"template":"","meta":{"_acf_changed":false},"product_brand":[],"product_cat":[12080,12105],"product_tag":[],"class_list":{"0":"post-275385","1":"product","2":"type-product","3":"status-publish","4":"has-post-thumbnail","6":"product_cat-papierscheiben","7":"product_cat-ziele","9":"first","10":"instock","11":"taxable","12":"shipping-taxable","13":"purchasable","14":"product-type-simple"},"acf":[],"_links":{"self":[{"href":"https:\/\/staging.nbg.eu\/de\/wp-json\/wp\/v2\/product\/275385","targetHints":{"allow":["GET"]}}],"collection":[{"href":"https:\/\/staging.nbg.eu\/de\/wp-json\/wp\/v2\/product"}],"about":[{"href":"https:\/\/staging.nbg.eu\/de\/wp-json\/wp\/v2\/types\/product"}],"wp:featuredmedia":[{"embeddable":true,"href":"https:\/\/staging.nbg.eu\/de\/wp-json\/wp\/v2\/media\/246677"}],"wp:attachment":[{"href":"https:\/\/staging.nbg.eu\/de\/wp-json\/wp\/v2\/media?parent=275385"}],"wp:term":[{"taxonomy":"product_brand","embeddable":true,"href":"https:\/\/staging.nbg.eu\/de\/wp-json\/wp\/v2\/product_brand?post=275385"},{"taxonomy":"product_cat","embeddable":true,"href":"https:\/\/staging.nbg.eu\/de\/wp-json\/wp\/v2\/product_cat?post=275385"},{"taxonomy":"product_tag","embeddable":true,"href":"https:\/\/staging.nbg.eu\/de\/wp-json\/wp\/v2\/product_tag?post=275385"}],"curies":[{"name":"wp","href":"https:\/\/api.w.org\/{rel}","templated":true}]}}