{"id":274791,"date":"2025-03-03T19:50:37","date_gmt":"2025-03-03T19:50:37","guid":{"rendered":"https:\/\/staging.nbg.eu\/product\/daa-dry-fire-target-set-metric-uspsa\/"},"modified":"2025-03-20T10:17:42","modified_gmt":"2025-03-20T10:17:42","slug":"daa-trockenfeuer-zielscheiben-set-metrisch-uspsa","status":"publish","type":"product","link":"https:\/\/staging.nbg.eu\/de\/produkt\/daa-trockenfeuer-zielscheiben-set-metrisch-uspsa\/","title":{"rendered":"DAA Trockenfeuer Zielscheiben Set (Metrisch &#8211; USPSA)"},"content":{"rendered":"<div class=\"product-description\">\n<h2>DAA Trockenfeuer-Zielscheiben-Set (Metrisch &#8211; USPSA)<\/h2>\n<p>Dieses Set enth\u00e4lt 17 verkleinerte USPSA-Zielscheiben f\u00fcr das Indoor-Training.<\/p>\n<ul>\n<li>Aus 3mm Holzplatten lasergeschnitten<\/li>\n<li>Simuliert Ziele in 15, 20 und 30 Metern Entfernung, wenn sie 2,5-3 Meter entfernt platziert werden<\/li>\n<li>Drei Gr\u00f6\u00dfen: 32% (24cm), 20% (15cm) und 12% (9cm) der Originalgr\u00f6\u00dfe<\/li>\n<li>Enth\u00e4lt Teilziele f\u00fcr verschiedene \u00dcbungsszenarien<\/li>\n<li>Aufh\u00e4ngel\u00f6cher zur einfachen Montage<\/li>\n<\/ul>\n<p>\u00dcben Sie Trockenfeuer mit realistischen Zielbildern und verbessern Sie Ihre Abzugskontrolle. Trainieren Sie zu Hause mit diesem Zielscheiben-Set.<\/p>\n<\/div>\n","protected":false},"excerpt":{"rendered":"<p>Realistische, ma\u00dfstabsgetreue USPSA-Ziele f\u00fcr effektives Trockentraining zu Hause.<\/p>\n","protected":false},"featured_media":235972,"template":"","meta":{"_acf_changed":false},"product_brand":[11263],"product_cat":[12080,12105],"product_tag":[],"class_list":{"0":"post-274791","1":"product","2":"type-product","3":"status-publish","4":"has-post-thumbnail","6":"product_brand-doublealpha","7":"product_cat-papierscheiben","8":"product_cat-ziele","10":"first","11":"outofstock","12":"taxable","13":"shipping-taxable","14":"purchasable","15":"product-type-simple"},"acf":[],"_links":{"self":[{"href":"https:\/\/staging.nbg.eu\/de\/wp-json\/wp\/v2\/product\/274791","targetHints":{"allow":["GET"]}}],"collection":[{"href":"https:\/\/staging.nbg.eu\/de\/wp-json\/wp\/v2\/product"}],"about":[{"href":"https:\/\/staging.nbg.eu\/de\/wp-json\/wp\/v2\/types\/product"}],"wp:featuredmedia":[{"embeddable":true,"href":"https:\/\/staging.nbg.eu\/de\/wp-json\/wp\/v2\/media\/235972"}],"wp:attachment":[{"href":"https:\/\/staging.nbg.eu\/de\/wp-json\/wp\/v2\/media?parent=274791"}],"wp:term":[{"taxonomy":"product_brand","embeddable":true,"href":"https:\/\/staging.nbg.eu\/de\/wp-json\/wp\/v2\/product_brand?post=274791"},{"taxonomy":"product_cat","embeddable":true,"href":"https:\/\/staging.nbg.eu\/de\/wp-json\/wp\/v2\/product_cat?post=274791"},{"taxonomy":"product_tag","embeddable":true,"href":"https:\/\/staging.nbg.eu\/de\/wp-json\/wp\/v2\/product_tag?post=274791"}],"curies":[{"name":"wp","href":"https:\/\/api.w.org\/{rel}","templated":true}]}}