{"id":242308,"date":"2025-03-06T16:42:42","date_gmt":"2025-03-06T16:42:42","guid":{"rendered":"https:\/\/staging.nbg.eu\/product\/garmin-xero-c1-pro-chronograph\/"},"modified":"2025-03-06T17:07:37","modified_gmt":"2025-03-06T17:07:37","slug":"garmin-xero-c1-pro-chronograph","status":"publish","type":"product","link":"https:\/\/staging.nbg.eu\/de\/produkt\/garmin-xero-c1-pro-chronograph\/","title":{"rendered":"Garmin &#8211; Xero\u00ae C1 Pro Chronograph"},"content":{"rendered":"<div class=\"product-description\">\n<h2>Garmin Xero\u00ae C1 Pro Chronograph<\/h2>\n<p>Der Garmin Xero\u00ae C1 Pro Chronograph ist ein Ger\u00e4t f\u00fcr pr\u00e4zise ballistische Berechnungen. Es liefert Geschwindigkeitsdaten f\u00fcr Handlader und Bogensch\u00fctzen.<\/p>\n<h2>Hauptmerkmale:<\/h2>\n<ul>\n<li>Misst Projektilgeschwindigkeiten von 100 fps bis 5.000 fps<\/li>\n<li>Einfache Bedienung mit Kn\u00f6pfen<\/li>\n<li>Kopplung mit der ShotView\u2122 Smartphone-App f\u00fcr Tracking und Analyse<\/li>\n<li>IPX7 Wasserschutzklasse<\/li>\n<li>Kompaktes Design, schneller Aufbau<\/li>\n<li>Batterielaufzeit f\u00fcr bis zu 2.000 Sch\u00fcsse oder 6 Stunden Nutzung<\/li>\n<\/ul>\n<h2>Leistung:<\/h2>\n<p>Der Xero C1 Pro hat einen genauen Sensor f\u00fcr zuverl\u00e4ssige Schusserkennung. Er ist geeignet f\u00fcr Kugeln, Pfeile, Slugs, Airsoft BBs, Pellets und Paintballs. Das beleuchtete Display erm\u00f6glicht den Einsatz im Innen- und Au\u00dfenbereich.<\/p>\n<h2>Funktionen:<\/h2>\n<p>Die ShotView\u2122 App erm\u00f6glicht das Verfolgen von Sch\u00fcssen, Messen von Abweichungen, Hinzuf\u00fcgen von Notizen und Analysieren der Leistung.<\/p>\n<h2>Konstruktion:<\/h2>\n<p>Der Xero C1 Pro hat eine IPX7 Wasserschutzklasse und ist f\u00fcr h\u00e4ufigen Gebrauch ausgelegt. Er ist kompatibel mit Schalld\u00e4mpfern, M\u00fcndungsbremsen und Kompensatoren.<\/p>\n<h2>Pr\u00e4zision:<\/h2>\n<p>Der Xero C1 Pro erfordert keine Befestigung an der Waffe, was die Nullstellung und Laufharmonik bewahrt.<\/p>\n<p>Der Garmin Xero\u00ae C1 Pro Chronograph verbessert die Schie\u00dferfahrung und Treffsicherheit.<\/p>\n<\/div>\n","protected":false},"excerpt":{"rendered":"<p>Pr\u00e4ziser Chronograph zur Messung von Projektilgeschwindigkeiten. Kompakt, robust und app-kompatibel \u2013 Perfekt f\u00fcr Sch\u00fctzen und Bogensch\u00fctzen.<\/p>\n","protected":false},"featured_media":241967,"template":"","meta":{"_acf_changed":false},"product_brand":[],"product_cat":[12074,12110,12103,12057],"product_tag":[],"class_list":{"0":"post-242308","1":"product","2":"type-product","3":"status-publish","4":"has-post-thumbnail","6":"product_cat-ausruestung","7":"product_cat-werkzeuge","8":"product_cat-wiederladen","9":"product_cat-wiederladen-zubehoer","11":"first","12":"instock","13":"taxable","14":"shipping-taxable","15":"purchasable","16":"product-type-simple"},"acf":[],"_links":{"self":[{"href":"https:\/\/staging.nbg.eu\/de\/wp-json\/wp\/v2\/product\/242308","targetHints":{"allow":["GET"]}}],"collection":[{"href":"https:\/\/staging.nbg.eu\/de\/wp-json\/wp\/v2\/product"}],"about":[{"href":"https:\/\/staging.nbg.eu\/de\/wp-json\/wp\/v2\/types\/product"}],"wp:featuredmedia":[{"embeddable":true,"href":"https:\/\/staging.nbg.eu\/de\/wp-json\/wp\/v2\/media\/241967"}],"wp:attachment":[{"href":"https:\/\/staging.nbg.eu\/de\/wp-json\/wp\/v2\/media?parent=242308"}],"wp:term":[{"taxonomy":"product_brand","embeddable":true,"href":"https:\/\/staging.nbg.eu\/de\/wp-json\/wp\/v2\/product_brand?post=242308"},{"taxonomy":"product_cat","embeddable":true,"href":"https:\/\/staging.nbg.eu\/de\/wp-json\/wp\/v2\/product_cat?post=242308"},{"taxonomy":"product_tag","embeddable":true,"href":"https:\/\/staging.nbg.eu\/de\/wp-json\/wp\/v2\/product_tag?post=242308"}],"curies":[{"name":"wp","href":"https:\/\/api.w.org\/{rel}","templated":true}]}}