{"id":236092,"date":"2025-03-03T20:03:09","date_gmt":"2025-03-03T20:03:09","guid":{"rendered":"https:\/\/staging.nbg.eu\/?post_type=product&#038;p=236092"},"modified":"2025-09-30T13:35:27","modified_gmt":"2025-09-30T10:35:27","slug":"grips-kmr-s-modulares-schleifpapier-silber","status":"publish","type":"product","link":"https:\/\/staging.nbg.eu\/de\/produkt\/grips-kmr-s-modulares-schleifpapier-silber\/","title":{"rendered":"GRIPS KMR S Modulares Schleifpapier Silber"},"content":{"rendered":"<h2>GRIPS KMR S Modulares Schleifpapier &#8211; Schwarz<\/h2>\n<p>Schleifpapiergriffe f\u00fcr KMR S-02 Pistole. Aus eloxiertem Duralumin hergestellt, diese langen Griffe bieten Handhabung und Komfort.<\/p>\n<h2>Merkmale:<\/h2>\n<ul>\n<li>Passend f\u00fcr KMR S-02 .22 LR Modelle<\/li>\n<li>Eloxierte Duralumin-Konstruktion<\/li>\n<li>F\u00fcr Verwendung ohne Magazinf\u00fchrung konzipiert<\/li>\n<li>Torx-Schrauben f\u00fcr Installation enthalten<\/li>\n<li>Schwarze Oberfl\u00e4che mit KMR Logo<\/li>\n<\/ul>\n<p>Hinweis: Diese Griffe sind f\u00fcr den 26mm breiten Aluminiumrahmen des KMR S-02 konzipiert und nicht kompatibel mit W-02 oder L-02 Rahmengr\u00f6\u00dfen. F\u00fcr KMR S-02 Pistole.<\/p>\n<dl class=\"data-sheet\">\n<dt class=\"name\">F\u00fcr Waffen KMR<\/dt>\n<dd class=\"value\">KMR S-01 LANCE (OR)<br \/>\nKMR S-02 BIS 2023<\/dd>\n<dt class=\"name\">Auswahl nach Waffen CZ<\/dt>\n<dd class=\"value\">CZ SHADOW 1<br \/>\nCZ SHADOW 2<br \/>\nCZ SHADOW 2 (OR)<br \/>\nCZ SP-01<\/dd>\n<\/dl>\n","protected":false},"excerpt":{"rendered":"<p>KMR S-02 schwarzer modularer Griff, kompatibel mit Aluminiumrahmen.<br \/>\n0611-03101-0101<\/p>\n","protected":false},"featured_media":73894,"template":"","meta":{"_acf_changed":false},"product_brand":[11493],"product_cat":[12059],"product_tag":[],"class_list":{"0":"post-236092","1":"product","2":"type-product","3":"status-publish","4":"has-post-thumbnail","6":"product_brand-kmr-precision","7":"product_cat-kmr-teile","9":"first","10":"instock","11":"taxable","12":"shipping-taxable","13":"purchasable","14":"product-type-simple"},"acf":[],"_links":{"self":[{"href":"https:\/\/staging.nbg.eu\/de\/wp-json\/wp\/v2\/product\/236092","targetHints":{"allow":["GET"]}}],"collection":[{"href":"https:\/\/staging.nbg.eu\/de\/wp-json\/wp\/v2\/product"}],"about":[{"href":"https:\/\/staging.nbg.eu\/de\/wp-json\/wp\/v2\/types\/product"}],"wp:featuredmedia":[{"embeddable":true,"href":"https:\/\/staging.nbg.eu\/de\/wp-json\/wp\/v2\/media\/73894"}],"wp:attachment":[{"href":"https:\/\/staging.nbg.eu\/de\/wp-json\/wp\/v2\/media?parent=236092"}],"wp:term":[{"taxonomy":"product_brand","embeddable":true,"href":"https:\/\/staging.nbg.eu\/de\/wp-json\/wp\/v2\/product_brand?post=236092"},{"taxonomy":"product_cat","embeddable":true,"href":"https:\/\/staging.nbg.eu\/de\/wp-json\/wp\/v2\/product_cat?post=236092"},{"taxonomy":"product_tag","embeddable":true,"href":"https:\/\/staging.nbg.eu\/de\/wp-json\/wp\/v2\/product_tag?post=236092"}],"curies":[{"name":"wp","href":"https:\/\/api.w.org\/{rel}","templated":true}]}}