{"id":21626,"date":"2024-07-30T19:11:42","date_gmt":"2024-08-04T18:26:53","guid":{"rendered":"https:\/\/staging.nbg.eu\/product\/produkt-6\/"},"modified":"2024-09-12T12:43:30","modified_gmt":"2024-09-12T12:43:30","slug":"surefire-scout-light-endkappe","status":"publish","type":"product","link":"https:\/\/staging.nbg.eu\/de\/produkt\/surefire-scout-light-endkappe\/","title":{"rendered":"SureFire SCOUT LIGHT Endkappe"},"content":{"rendered":"<div class=\"product-description\">\n<h2>SureFire SCOUT LIGHT ENDKAPPE<\/h2>\n<p>Ersetzen Sie die Endkappe Ihres Scout Light mit der SureFire SCOUT LIGHT ENDKAPPE, einer Ersatz-Endkappenbaugruppe f\u00fcr verbesserte Vielseitigkeit und Funktionalit\u00e4t.<\/p>\n<h3>Hauptmerkmale:<\/h3>\n<ul>\n<li>Kompatibel mit SureFire-Bandschaltern (ST07 nicht enthalten)<\/li>\n<li>Sperrfunktion verhindert unbeabsichtigte Aktivierung<\/li>\n<li>Konstruktion aus Aluminium in Luftfahrtqualit\u00e4t<\/li>\n<li>Mil-Spec Typ III hartanodisierte Oberfl\u00e4che<\/li>\n<li>Erh\u00e4ltlich in Schwarz oder W\u00fcstentan<\/li>\n<\/ul>\n<p>Diese Endkappenbaugruppe erm\u00f6glicht das Anbringen eines SureFire-Bandschalters f\u00fcr mehr Kontrolle und Flexibilit\u00e4t. Die Sperrfunktion gew\u00e4hrleistet Sicherheit w\u00e4hrend des Transports und der Lagerung.<\/p>\n<h3>Kompatibilit\u00e4t:<\/h3>\n<p>Passt f\u00fcr Scout Light Waffenlichter &amp; Taschenlampen mit 0,75 Zoll Schalterdurchmesser, einschlie\u00dflich:<\/p>\n<ul>\n<li>E1E-HA, E1B, E1L-HA-WH<\/li>\n<li>E2D-BK, E2DL-BK, E2L-HA-WH<\/li>\n<li>L4-HA-WH<\/li>\n<\/ul>\n<p><strong>Hinweis:<\/strong> Nicht kompatibel mit Micro Scout Light Pro<\/p>\n<p>Verbessern Sie die Leistung Ihres Scout Light mit dieser haltbaren und vielseitigen Endkappenbaugruppe.<\/p>\n<\/div>\n","protected":false},"excerpt":{"rendered":"<p>Ersatzkappe f\u00fcr Scout-Lampen. Erm\u00f6glicht die Verwendung eines Druckschalters.<\/p>\n","protected":false},"featured_media":21130,"template":"","meta":{"_acf_changed":false},"product_brand":[11870],"product_cat":[12107,12098,12122],"product_tag":[],"class_list":{"0":"post-21626","1":"product","2":"type-product","3":"status-publish","4":"has-post-thumbnail","6":"product_brand-surefire","7":"product_cat-gewehr","8":"product_cat-lampen","9":"product_cat-lampenzubehoer","11":"first","12":"instock","13":"taxable","14":"shipping-taxable","15":"purchasable","16":"product-type-variable","17":"wvs-archive-product-wrapper"},"acf":[],"_links":{"self":[{"href":"https:\/\/staging.nbg.eu\/de\/wp-json\/wp\/v2\/product\/21626","targetHints":{"allow":["GET"]}}],"collection":[{"href":"https:\/\/staging.nbg.eu\/de\/wp-json\/wp\/v2\/product"}],"about":[{"href":"https:\/\/staging.nbg.eu\/de\/wp-json\/wp\/v2\/types\/product"}],"wp:featuredmedia":[{"embeddable":true,"href":"https:\/\/staging.nbg.eu\/de\/wp-json\/wp\/v2\/media\/21130"}],"wp:attachment":[{"href":"https:\/\/staging.nbg.eu\/de\/wp-json\/wp\/v2\/media?parent=21626"}],"wp:term":[{"taxonomy":"product_brand","embeddable":true,"href":"https:\/\/staging.nbg.eu\/de\/wp-json\/wp\/v2\/product_brand?post=21626"},{"taxonomy":"product_cat","embeddable":true,"href":"https:\/\/staging.nbg.eu\/de\/wp-json\/wp\/v2\/product_cat?post=21626"},{"taxonomy":"product_tag","embeddable":true,"href":"https:\/\/staging.nbg.eu\/de\/wp-json\/wp\/v2\/product_tag?post=21626"}],"curies":[{"name":"wp","href":"https:\/\/api.w.org\/{rel}","templated":true}]}}