{"id":214490,"date":"2024-09-02T10:51:57","date_gmt":"2025-02-19T16:46:24","guid":{"rendered":"https:\/\/staging.nbg.eu\/product\/badger-ordnance-30mm-condition-one-accessory-ring-cap\/"},"modified":"2025-02-19T16:48:38","modified_gmt":"2025-02-19T16:48:38","slug":"badger-ordnance-30mm-condition-one-zubehoer-ringkappe","status":"publish","type":"product","link":"https:\/\/staging.nbg.eu\/de\/produkt\/badger-ordnance-30mm-condition-one-zubehoer-ringkappe\/","title":{"rendered":"Badger Ordnance 30mm Condition One Zubeh\u00f6r-Ringkappe"},"content":{"rendered":"<div class=\"product-description\">\n<h2>BADGER ORDNANCE 30MM CONDITION ONE ZUBEH\u00d6RRINGKAPPE<\/h2>\n<p>Die Badger Ordnance 30MM Condition One Zubeh\u00f6rringkappe ist f\u00fcr die Integration mit Ihrer Zielfernrohrmontage konzipiert und bietet zus\u00e4tzliche Funktionalit\u00e4t und Anpassungsm\u00f6glichkeiten.<\/p>\n<ul>\n<li><strong>Farbe:<\/strong> Schwarz<\/li>\n<li><strong>Material:<\/strong> 7075 T6 Aluminium<\/li>\n<li><strong>Plattform:<\/strong> Universelles Design, nicht plattformspezifisch<\/li>\n<li><strong>Gewicht:<\/strong> 1,8 oz. (ca. 51 g)<\/li>\n<\/ul>\n<p>Diese Zubeh\u00f6rringkappe bietet eine Befestigungsl\u00f6sung f\u00fcr verschiedene Aufs\u00e4tze. Sie ist f\u00fcr taktische und Wettkampfsch\u00fctzen geeignet.<\/p>\n<\/div>\n","protected":false},"excerpt":{"rendered":"<p>Leichter Aluminium-Ringdeckel f\u00fcr 30-mm-Zielfernrohre. Haltbare schwarze Oberfl\u00e4che.<\/p>\n","protected":false},"featured_media":83048,"template":"","meta":{"_acf_changed":false},"product_brand":[11079],"product_cat":[12107,12056,12051,12083],"product_tag":[],"class_list":{"0":"post-214490","1":"product","2":"type-product","3":"status-publish","4":"has-post-thumbnail","6":"product_brand-badger-ordnance","7":"product_cat-gewehr","8":"product_cat-gewehr-tuning","9":"product_cat-vergroesserungsoptiken","10":"product_cat-zielen","12":"first","13":"instock","14":"taxable","15":"shipping-taxable","16":"purchasable","17":"product-type-simple"},"acf":[],"_links":{"self":[{"href":"https:\/\/staging.nbg.eu\/de\/wp-json\/wp\/v2\/product\/214490","targetHints":{"allow":["GET"]}}],"collection":[{"href":"https:\/\/staging.nbg.eu\/de\/wp-json\/wp\/v2\/product"}],"about":[{"href":"https:\/\/staging.nbg.eu\/de\/wp-json\/wp\/v2\/types\/product"}],"wp:featuredmedia":[{"embeddable":true,"href":"https:\/\/staging.nbg.eu\/de\/wp-json\/wp\/v2\/media\/83048"}],"wp:attachment":[{"href":"https:\/\/staging.nbg.eu\/de\/wp-json\/wp\/v2\/media?parent=214490"}],"wp:term":[{"taxonomy":"product_brand","embeddable":true,"href":"https:\/\/staging.nbg.eu\/de\/wp-json\/wp\/v2\/product_brand?post=214490"},{"taxonomy":"product_cat","embeddable":true,"href":"https:\/\/staging.nbg.eu\/de\/wp-json\/wp\/v2\/product_cat?post=214490"},{"taxonomy":"product_tag","embeddable":true,"href":"https:\/\/staging.nbg.eu\/de\/wp-json\/wp\/v2\/product_tag?post=214490"}],"curies":[{"name":"wp","href":"https:\/\/api.w.org\/{rel}","templated":true}]}}