{"id":213909,"date":"2024-10-31T21:14:39","date_gmt":"2025-02-19T16:23:16","guid":{"rendered":"https:\/\/staging.nbg.eu\/product\/sabre-red-spray-52cft10-mk3-crossfire-gel-1-5oz-45ml\/"},"modified":"2025-02-19T16:25:43","modified_gmt":"2025-02-19T16:25:43","slug":"sabre-red-spray-52cft10-mk3-crossfire-gel-15oz45ml","status":"publish","type":"product","link":"https:\/\/staging.nbg.eu\/de\/produkt\/sabre-red-spray-52cft10-mk3-crossfire-gel-15oz45ml\/","title":{"rendered":"Sabre Red Spray 52CFT10 MK3 Crossfire GEL 1.5oz\/45ml"},"content":{"rendered":"<div class=\"product-description\">\n<h2>Sabre Red 52CFT10-G MK-3 Crossfire Stream<\/h2>\n<p>Dieses 1,5 oz Pfefferspray wird von Strafverfolgungsbeh\u00f6rden weltweit verwendet. Es bietet eine h\u00f6here Capsaicinoid-Konzentration. Merkmale:<\/p>\n<ul>\n<li>SABRE Crossfire\u00ae Technologie f\u00fcr Einsatz aus jedem Winkel<\/li>\n<li>8 volle Einsekundenspr\u00fchst\u00f6\u00dfe mit 4,5-6 m Reichweite<\/li>\n<li>1,33% MC Formulierung<\/li>\n<li>5 Jahre Haltbarkeit<\/li>\n<li>ISO 9001:2008 zertifiziert<\/li>\n<li>Augen-, Haut- und Inhalationstests durchgef\u00fchrt<\/li>\n<li>UV-Markierungsfarbstoff zur Verd\u00e4chtigenidentifikation<\/li>\n<li>Nicht entflammbar und EID-kompatibel<\/li>\n<\/ul>\n<p>F\u00fcr Strafverfolgungsbeh\u00f6rden und Selbstverteidigung. Hergestellt in den USA von Security Equipment Corp.<\/p>\n<\/div>\n","protected":false},"excerpt":{"rendered":"<p>Leistungsstarkes Pfefferspray in Polizeiqualit\u00e4t. Crossfire-Technologie, 4,5-6 m Reichweite.<\/p>\n","protected":false},"featured_media":75071,"template":"","meta":{"_acf_changed":false},"product_brand":[11753],"product_cat":[12097],"product_tag":[],"class_list":{"0":"post-213909","1":"product","2":"type-product","3":"status-publish","4":"has-post-thumbnail","6":"product_brand-sabre","7":"product_cat-edc","9":"first","10":"instock","11":"taxable","12":"shipping-taxable","13":"purchasable","14":"product-type-simple"},"acf":[],"_links":{"self":[{"href":"https:\/\/staging.nbg.eu\/de\/wp-json\/wp\/v2\/product\/213909","targetHints":{"allow":["GET"]}}],"collection":[{"href":"https:\/\/staging.nbg.eu\/de\/wp-json\/wp\/v2\/product"}],"about":[{"href":"https:\/\/staging.nbg.eu\/de\/wp-json\/wp\/v2\/types\/product"}],"wp:featuredmedia":[{"embeddable":true,"href":"https:\/\/staging.nbg.eu\/de\/wp-json\/wp\/v2\/media\/75071"}],"wp:attachment":[{"href":"https:\/\/staging.nbg.eu\/de\/wp-json\/wp\/v2\/media?parent=213909"}],"wp:term":[{"taxonomy":"product_brand","embeddable":true,"href":"https:\/\/staging.nbg.eu\/de\/wp-json\/wp\/v2\/product_brand?post=213909"},{"taxonomy":"product_cat","embeddable":true,"href":"https:\/\/staging.nbg.eu\/de\/wp-json\/wp\/v2\/product_cat?post=213909"},{"taxonomy":"product_tag","embeddable":true,"href":"https:\/\/staging.nbg.eu\/de\/wp-json\/wp\/v2\/product_tag?post=213909"}],"curies":[{"name":"wp","href":"https:\/\/api.w.org\/{rel}","templated":true}]}}