{"id":212901,"date":"2024-07-22T11:51:56","date_gmt":"2024-07-22T11:51:56","guid":{"rendered":"https:\/\/staging.nbg.eu\/product\/blue-force-gear-universal-wire-loop\/"},"modified":"2025-02-19T15:16:53","modified_gmt":"2025-02-19T15:16:53","slug":"blue-force-gear-universal-drahtschlaufe","status":"publish","type":"product","link":"https:\/\/staging.nbg.eu\/de\/produkt\/blue-force-gear-universal-drahtschlaufe\/","title":{"rendered":"Blue Force Gear Universal Drahtschlaufe"},"content":{"rendered":"<h2>Blue Force Gear Universelle Drahtschlaufe<\/h2>\n<p>Die Universelle Drahtschlaufe (UWL\u2122) ist ein vielseitiger Befestigungspunkt f\u00fcr Trageriemen, der f\u00fcr mehrere Anwendungen konzipiert ist. Erh\u00e4ltlich in Schlaufenl\u00e4ngen von 3,25&#8243;, 4,5&#8243; und 6,25&#8243; mit folgenden Merkmalen:<\/p>\n<ul>\n<li>Flexibler, nylonbeschichteter Edelstahldraht zur einfachen Befestigung<\/li>\n<li>CNC-gefr\u00e4ster 6061-T6 Aluminiumk\u00f6rper mit matter Oberfl\u00e4che<\/li>\n<li>Hartanodisiert f\u00fcr Langlebigkeit<\/li>\n<li>Flugzeugqualit\u00e4t-Kabel mit Kugelenden<\/li>\n<li>Leiser und st\u00e4rker als herk\u00f6mmliche Hakenbefestigungen<\/li>\n<li>Verschlei\u00dft \u00d6sen nicht<\/li>\n<\/ul>\n<p>Geeignet f\u00fcr die Verwendung mit Vickers Combat Applications Slings\u2122, bietet die UWL\u2122 zahlreiche Befestigungsm\u00f6glichkeiten. Obwohl extreme Laufhitze die \u00e4u\u00dfere Beschichtung verformen kann, bleibt der Edelstahlkern intakt und gew\u00e4hrleistet Zuverl\u00e4ssigkeit in anspruchsvollen Situationen.<\/p>\n","protected":false},"excerpt":{"rendered":"<p>Vielseitiger Schlaufenaufsatz mit flexiblem Draht f\u00fcr verschiedene Befestigungsm\u00f6glichkeiten.<\/p>\n","protected":false},"featured_media":50120,"template":"","meta":{"_acf_changed":false},"product_brand":[11129],"product_cat":[12074,12070],"product_tag":[],"class_list":{"0":"post-212901","1":"product","2":"type-product","3":"status-publish","4":"has-post-thumbnail","6":"product_brand-blue-force-gear","7":"product_cat-ausruestung","8":"product_cat-trageriemen","10":"first","11":"instock","12":"taxable","13":"shipping-taxable","14":"purchasable","15":"product-type-variable","16":"wvs-archive-product-wrapper"},"acf":[],"_links":{"self":[{"href":"https:\/\/staging.nbg.eu\/de\/wp-json\/wp\/v2\/product\/212901","targetHints":{"allow":["GET"]}}],"collection":[{"href":"https:\/\/staging.nbg.eu\/de\/wp-json\/wp\/v2\/product"}],"about":[{"href":"https:\/\/staging.nbg.eu\/de\/wp-json\/wp\/v2\/types\/product"}],"wp:featuredmedia":[{"embeddable":true,"href":"https:\/\/staging.nbg.eu\/de\/wp-json\/wp\/v2\/media\/50120"}],"wp:attachment":[{"href":"https:\/\/staging.nbg.eu\/de\/wp-json\/wp\/v2\/media?parent=212901"}],"wp:term":[{"taxonomy":"product_brand","embeddable":true,"href":"https:\/\/staging.nbg.eu\/de\/wp-json\/wp\/v2\/product_brand?post=212901"},{"taxonomy":"product_cat","embeddable":true,"href":"https:\/\/staging.nbg.eu\/de\/wp-json\/wp\/v2\/product_cat?post=212901"},{"taxonomy":"product_tag","embeddable":true,"href":"https:\/\/staging.nbg.eu\/de\/wp-json\/wp\/v2\/product_tag?post=212901"}],"curies":[{"name":"wp","href":"https:\/\/api.w.org\/{rel}","templated":true}]}}