{"id":212130,"date":"2024-07-30T18:47:47","date_gmt":"2025-02-19T14:29:21","guid":{"rendered":"https:\/\/staging.nbg.eu\/product\/surefire-xsc-weaponlight\/"},"modified":"2025-02-19T14:31:01","modified_gmt":"2025-02-19T14:31:01","slug":"surefire-xsc-waffenlampe","status":"publish","type":"product","link":"https:\/\/staging.nbg.eu\/de\/produkt\/surefire-xsc-waffenlampe\/","title":{"rendered":"SureFire XSC Waffenlampe"},"content":{"rendered":"<div class=\"product-description\">\n<h2>SureFire XSC WAFFENLICHT<\/h2>\n<p>Das SureFire XSC ist ein Waffenlicht f\u00fcr verdecktes Tragen. Es wurde f\u00fcr beliebte Mikro-Kompakt- und Subkompakt-Pistolen entwickelt und ist ein Beleuchtungswerkzeug f\u00fcr Situationen mit schwachem Licht.<\/p>\n<h2>Hauptmerkmale:<\/h2>\n<ul>\n<li>350 Lumen wei\u00dfes Licht<\/li>\n<li>Hybrides Strahlmuster zur Zielidentifizierung<\/li>\n<li>Ultrakompaktes und robustes Design<\/li>\n<li>Wiederaufladbarer Lithium-Polymer-Akku mit Schnellwechselfunktion<\/li>\n<li>Intuitive, beidseitige Schaltung<\/li>\n<li>Mil-Spec hartanodisiertes Luft- und Raumfahrtaluminium-Geh\u00e4use<\/li>\n<li>IPX4-zertifiziert f\u00fcr Wetterbest\u00e4ndigkeit<\/li>\n<\/ul>\n<h2>Spezifikationen:<\/h2>\n<ul>\n<li>Leistung: 350 Lumen<\/li>\n<li>Laufzeit: 30 Minuten<\/li>\n<li>Gewicht: 48,2 g<\/li>\n<li>L\u00e4nge: 4,9 cm<\/li>\n<li>Maximale Strahlintensit\u00e4t: 2.000 Candela<\/li>\n<li>Strahlreichweite: 90 Meter<\/li>\n<\/ul>\n<p>W\u00e4hlen Sie das passende Modell f\u00fcr Ihre Waffe:<\/p>\n<ul>\n<li>XSC-A f\u00fcr Glock 43X &amp; 48 mit Schiene<\/li>\n<li>XSC-P365 f\u00fcr SIG SAUER P365 &amp; P365 XL<\/li>\n<li>XSC-HELLCAT f\u00fcr Springfield Armory Hellcat<\/li>\n<li>XSC-B f\u00fcr verschiedene andere Subkompakt-Modelle<\/li>\n<\/ul>\n<p>Das SureFire XSC WAFFENLICHT ist eine Option f\u00fcr Beleuchtung in kritischen Situationen.<\/p>\n<\/div>\n","protected":false},"excerpt":{"rendered":"<p>Kompakte, leistungsstarke 350-Lumen-Leuchte f\u00fcr verdeckt getragene Pistolen.<\/p>\n","protected":false},"featured_media":21230,"template":"","meta":{"_acf_changed":false},"product_brand":[11870],"product_cat":[12098,12064,12091],"product_tag":[],"class_list":{"0":"post-212130","1":"product","2":"type-product","3":"status-publish","4":"has-post-thumbnail","6":"product_brand-surefire","7":"product_cat-lampen","8":"product_cat-pistole","9":"product_cat-pistolenlampen","10":"pa_light-p-365-de","11":"pa_light-xsc-a-de","12":"pa_light-xsc-b-de","14":"first","15":"instock","16":"taxable","17":"shipping-taxable","18":"purchasable","19":"product-type-variable","20":"wvs-archive-product-wrapper"},"acf":[],"_links":{"self":[{"href":"https:\/\/staging.nbg.eu\/de\/wp-json\/wp\/v2\/product\/212130","targetHints":{"allow":["GET"]}}],"collection":[{"href":"https:\/\/staging.nbg.eu\/de\/wp-json\/wp\/v2\/product"}],"about":[{"href":"https:\/\/staging.nbg.eu\/de\/wp-json\/wp\/v2\/types\/product"}],"wp:featuredmedia":[{"embeddable":true,"href":"https:\/\/staging.nbg.eu\/de\/wp-json\/wp\/v2\/media\/21230"}],"wp:attachment":[{"href":"https:\/\/staging.nbg.eu\/de\/wp-json\/wp\/v2\/media?parent=212130"}],"wp:term":[{"taxonomy":"product_brand","embeddable":true,"href":"https:\/\/staging.nbg.eu\/de\/wp-json\/wp\/v2\/product_brand?post=212130"},{"taxonomy":"product_cat","embeddable":true,"href":"https:\/\/staging.nbg.eu\/de\/wp-json\/wp\/v2\/product_cat?post=212130"},{"taxonomy":"product_tag","embeddable":true,"href":"https:\/\/staging.nbg.eu\/de\/wp-json\/wp\/v2\/product_tag?post=212130"}],"curies":[{"name":"wp","href":"https:\/\/api.w.org\/{rel}","templated":true}]}}