{"id":205371,"date":"2024-08-16T18:01:15","date_gmt":"2025-02-13T15:24:18","guid":{"rendered":"https:\/\/staging.nbg.eu\/product\/rhh-ipsc-holster-mount-509\/"},"modified":"2025-03-22T22:11:19","modified_gmt":"2025-03-22T22:11:19","slug":"rhh-ipsc-holster-halterung-509","status":"publish","type":"product","link":"https:\/\/staging.nbg.eu\/de\/produkt\/rhh-ipsc-holster-halterung-509\/","title":{"rendered":"RHH IPSC Holster Halterung .509"},"content":{"rendered":"<div class=\"product-description\">\n<h2>RHH IPSC Holsterhalterung .509<\/h2>\n<p>Die RHH IPSC Holsterhalterung .509 bietet Anpassungsm\u00f6glichkeiten f\u00fcr Ihre Holstereinrichtung:<\/p>\n<ul>\n<li><strong>Einstellbare Neigung:<\/strong> Der Winkel kann in jede Richtung angepasst werden, mit der M\u00f6glichkeit zur jederzeitigen \u00c4nderung.<\/li>\n<li><strong>Mehrachsige Konfiguration:<\/strong> Kombination mit H\u00f6heneinstellung f\u00fcr \u00c4nderungen in bis zu drei Achsen bei Beibehaltung der gew\u00fcnschten H\u00f6he.<\/li>\n<li><strong>Seitliche Neigungssteuerung:<\/strong> Anpassung der Holsterneigung durch Schrauben. Enth\u00e4lt zwei S\u00e4tze Schrauben und Unterlegscheiben f\u00fcr verschiedene K\u00f6rperabst\u00e4nde.<\/li>\n<li><strong>Flexible H\u00f6heneinstellung:<\/strong> Mehrere Schraubenl\u00f6cher erm\u00f6glichen die Optimierung der Holsterh\u00f6he in Bezug auf den G\u00fcrtel.<\/li>\n<\/ul>\n<p><strong>Gewicht:<\/strong> 0,19 kg<\/p>\n<p>Die RHH IPSC Holsterhalterung .509 erm\u00f6glicht eine personalisierte Schie\u00dfeinrichtung.<\/p>\n<\/div>\n","protected":false},"excerpt":{"rendered":"<p>Verstellbare IPSC-Holsterhalterung: anpassbare Neigung, H\u00f6he und Winkel.<\/p>\n","protected":false},"featured_media":23132,"template":"","meta":{"_acf_changed":false},"product_brand":[11634],"product_cat":[12094,12099],"product_tag":[],"class_list":{"0":"post-205371","1":"product","2":"type-product","3":"status-publish","4":"has-post-thumbnail","6":"product_brand-rh-holsters","7":"product_cat-holsterzubehoer","8":"product_cat-sportholster","10":"first","11":"instock","12":"taxable","13":"shipping-taxable","14":"purchasable","15":"product-type-simple"},"acf":[],"_links":{"self":[{"href":"https:\/\/staging.nbg.eu\/de\/wp-json\/wp\/v2\/product\/205371","targetHints":{"allow":["GET"]}}],"collection":[{"href":"https:\/\/staging.nbg.eu\/de\/wp-json\/wp\/v2\/product"}],"about":[{"href":"https:\/\/staging.nbg.eu\/de\/wp-json\/wp\/v2\/types\/product"}],"wp:featuredmedia":[{"embeddable":true,"href":"https:\/\/staging.nbg.eu\/de\/wp-json\/wp\/v2\/media\/23132"}],"wp:attachment":[{"href":"https:\/\/staging.nbg.eu\/de\/wp-json\/wp\/v2\/media?parent=205371"}],"wp:term":[{"taxonomy":"product_brand","embeddable":true,"href":"https:\/\/staging.nbg.eu\/de\/wp-json\/wp\/v2\/product_brand?post=205371"},{"taxonomy":"product_cat","embeddable":true,"href":"https:\/\/staging.nbg.eu\/de\/wp-json\/wp\/v2\/product_cat?post=205371"},{"taxonomy":"product_tag","embeddable":true,"href":"https:\/\/staging.nbg.eu\/de\/wp-json\/wp\/v2\/product_tag?post=205371"}],"curies":[{"name":"wp","href":"https:\/\/api.w.org\/{rel}","templated":true}]}}