{"id":20188,"date":"2024-01-30T18:06:01","date_gmt":"2024-08-01T10:02:57","guid":{"rendered":"https:\/\/staging.nbg.eu\/product\/produkt-5\/"},"modified":"2024-08-27T12:56:07","modified_gmt":"2024-08-27T12:56:07","slug":"plate6-molleminus-plattentraeger","status":"publish","type":"product","link":"https:\/\/staging.nbg.eu\/de\/produkt\/plate6-molleminus-plattentraeger\/","title":{"rendered":"PLATE6\u00ae MOLLEminus Plattentr\u00e4ger"},"content":{"rendered":"<p>\nDer PLATE6\u00ae MOLLEminus Plattentr\u00e4ger von BlueForceGear ist eine leichte, flache L\u00f6sung f\u00fcr taktische Einsatzkr\u00e4fte. Er bietet:<\/p>\n<ul>\n<li>Propriet\u00e4re ULTRAcomp\u00ae Laminatkonstruktion<\/li>\n<li>Innovatives MOLLEminus Befestigungssystem<\/li>\n<li>Verstellbare Schultergurte und Bauchgurt<\/li>\n<li>Kompatibel mit SAPI\/ESAPI-Platten bis zu 25,4 x 30,5 cm<\/li>\n<li>Schnellverschlusssystem f\u00fcr schnelles Ablegen<\/li>\n<li>Lasergeschnittene Bel\u00fcftungs\u00f6ffnungen f\u00fcr verbesserte Atmungsaktivit\u00e4t<\/li>\n<li>In mehreren Farben erh\u00e4ltlich<\/li>\n<\/ul>\n<p>Der PLATE6\u00ae ist f\u00fcr maximale Beweglichkeit und minimales Gewicht konzipiert und bietet \u00fcberlegenen Schutz ohne Einbu\u00dfen bei der Agilit\u00e4t. Perfekt f\u00fcr Milit\u00e4r-, Strafverfolgungs- und Sicherheitsfachleute, die h\u00f6chste Anspr\u00fcche an taktische Ausr\u00fcstung stellen.<\/p>\n","protected":false},"excerpt":{"rendered":"<p>Ultraleichter, flacher Plattentr\u00e4ger. Anpassungsf\u00e4hig, komfortabel, langlebig.<\/p>\n","protected":false},"featured_media":20957,"template":"","meta":{"_acf_changed":false},"product_brand":[11129],"product_cat":[12074,12089],"product_tag":[],"class_list":{"0":"post-20188","1":"product","2":"type-product","3":"status-publish","4":"has-post-thumbnail","6":"product_brand-blue-force-gear","7":"product_cat-ausruestung","8":"product_cat-plattentraeger","10":"first","11":"instock","12":"taxable","13":"shipping-taxable","14":"purchasable","15":"product-type-variable","16":"wvs-archive-product-wrapper"},"acf":[],"_links":{"self":[{"href":"https:\/\/staging.nbg.eu\/de\/wp-json\/wp\/v2\/product\/20188","targetHints":{"allow":["GET"]}}],"collection":[{"href":"https:\/\/staging.nbg.eu\/de\/wp-json\/wp\/v2\/product"}],"about":[{"href":"https:\/\/staging.nbg.eu\/de\/wp-json\/wp\/v2\/types\/product"}],"wp:featuredmedia":[{"embeddable":true,"href":"https:\/\/staging.nbg.eu\/de\/wp-json\/wp\/v2\/media\/20957"}],"wp:attachment":[{"href":"https:\/\/staging.nbg.eu\/de\/wp-json\/wp\/v2\/media?parent=20188"}],"wp:term":[{"taxonomy":"product_brand","embeddable":true,"href":"https:\/\/staging.nbg.eu\/de\/wp-json\/wp\/v2\/product_brand?post=20188"},{"taxonomy":"product_cat","embeddable":true,"href":"https:\/\/staging.nbg.eu\/de\/wp-json\/wp\/v2\/product_cat?post=20188"},{"taxonomy":"product_tag","embeddable":true,"href":"https:\/\/staging.nbg.eu\/de\/wp-json\/wp\/v2\/product_tag?post=20188"}],"curies":[{"name":"wp","href":"https:\/\/api.w.org\/{rel}","templated":true}]}}