{"id":20141,"date":"2024-04-18T08:10:02","date_gmt":"2024-07-31T15:56:06","guid":{"rendered":"https:\/\/staging.nbg.eu\/product\/produkt-2\/"},"modified":"2024-09-13T09:08:37","modified_gmt":"2024-09-13T09:08:37","slug":"blue-force-gear-jagdriemen","status":"publish","type":"product","link":"https:\/\/staging.nbg.eu\/de\/produkt\/blue-force-gear-jagdriemen\/","title":{"rendered":"Blue Force Gear Jagdriemen"},"content":{"rendered":"<h2>Blue Force Gear Jagdgewehrriemen<\/h2>\n<p>Der Blue Force Gear Jagdgewehrriemen ist f\u00fcr Gewehre und Flinten geeignet. Dieser vielseitige Riemen passt zu traditionellen Riemenb\u00fcgeln.<\/p>\n<h2>Hauptmerkmale:<\/h2>\n<ul>\n<li>INVISTA\u2122 l\u00f6sungsgef\u00e4rbtes CORDURA\u00ae Gurtband in Milit\u00e4rqualit\u00e4t<\/li>\n<li>Schnell verstellbar von 66 cm bis 117 cm<\/li>\n<li>Enth\u00e4lt geschlossene Seitenfreigabewirbel<\/li>\n<li>Farbecht und widerstandsf\u00e4hig gegen Rollen, Risse oder Verh\u00e4rtung<\/li>\n<li>Geeignet f\u00fcr lange Wanderungen und Kletterst\u00e4nde<\/li>\n<\/ul>\n<p>Dieser Riemen erm\u00f6glicht einen einfachen \u00dcbergang zwischen Trage- und Schie\u00dfpositionen. Die Waffe kann eng am K\u00f6rper getragen oder f\u00fcr schnelles Schultern und Schie\u00dfen gelockert werden.<\/p>\n","protected":false},"excerpt":{"rendered":"<p>Langlebiger, verstellbarer Trageriemen f\u00fcr Gewehre und Flinten. Einfach zu benutzen.<\/p>\n","protected":false},"featured_media":20142,"template":"","meta":{"_acf_changed":false},"product_brand":[11129],"product_cat":[12074,12070],"product_tag":[],"class_list":{"0":"post-20141","1":"product","2":"type-product","3":"status-publish","4":"has-post-thumbnail","6":"product_brand-blue-force-gear","7":"product_cat-ausruestung","8":"product_cat-trageriemen","10":"first","11":"instock","12":"taxable","13":"shipping-taxable","14":"purchasable","15":"product-type-variable","16":"wvs-archive-product-wrapper"},"acf":[],"_links":{"self":[{"href":"https:\/\/staging.nbg.eu\/de\/wp-json\/wp\/v2\/product\/20141","targetHints":{"allow":["GET"]}}],"collection":[{"href":"https:\/\/staging.nbg.eu\/de\/wp-json\/wp\/v2\/product"}],"about":[{"href":"https:\/\/staging.nbg.eu\/de\/wp-json\/wp\/v2\/types\/product"}],"wp:featuredmedia":[{"embeddable":true,"href":"https:\/\/staging.nbg.eu\/de\/wp-json\/wp\/v2\/media\/20142"}],"wp:attachment":[{"href":"https:\/\/staging.nbg.eu\/de\/wp-json\/wp\/v2\/media?parent=20141"}],"wp:term":[{"taxonomy":"product_brand","embeddable":true,"href":"https:\/\/staging.nbg.eu\/de\/wp-json\/wp\/v2\/product_brand?post=20141"},{"taxonomy":"product_cat","embeddable":true,"href":"https:\/\/staging.nbg.eu\/de\/wp-json\/wp\/v2\/product_cat?post=20141"},{"taxonomy":"product_tag","embeddable":true,"href":"https:\/\/staging.nbg.eu\/de\/wp-json\/wp\/v2\/product_tag?post=20141"}],"curies":[{"name":"wp","href":"https:\/\/api.w.org\/{rel}","templated":true}]}}