{"id":199828,"date":"2024-07-29T19:03:50","date_gmt":"2025-02-11T11:21:48","guid":{"rendered":"https:\/\/staging.nbg.eu\/product\/the-shear-hammock\/"},"modified":"2025-02-11T11:24:04","modified_gmt":"2025-02-11T11:24:04","slug":"die-shear-haengematte","status":"publish","type":"product","link":"https:\/\/staging.nbg.eu\/de\/produkt\/die-shear-haengematte\/","title":{"rendered":"Die Shear H\u00e4ngematte"},"content":{"rendered":"<div class=\"product-description\">\n<h2>Der Scheren-H\u00e4ngebeutel<\/h2>\n<p>Der Scheren-H\u00e4ngebeutel ist eine L\u00f6sung zum Tragen von medizinischer Ausr\u00fcstung. Dieses Produkt bietet eine M\u00f6glichkeit, ein Tourniquet, Scheren oder \u00e4hnlich gro\u00dfe Gegenst\u00e4nde an einem vorhandenen G\u00fcrtel oder einer MOLLE-Tasche zu befestigen.<\/p>\n<h2>Hauptmerkmale:<\/h2>\n<ul>\n<li>Befestigung an MOLLE oder G\u00fcrtel m\u00f6glich<\/li>\n<li>F\u00fcr schnellen Zugriff konzipiert<\/li>\n<li>Passt f\u00fcr CAT-Tourniquet und \u00e4hnlich gro\u00dfe Objekte<\/li>\n<li>Sch\u00fctzt Ausr\u00fcstung vor UV-Strahlen, Wetter, Schmutz und Ablagerungen<\/li>\n<li>Kein zus\u00e4tzlicher Montageplatz erforderlich<\/li>\n<\/ul>\n<h2>Spezifikationen:<\/h2>\n<ul>\n<li>Gewicht: 19g<\/li>\n<li>Teilenummer: TSP-TQ-01<\/li>\n<li>Abmessungen (leer): 12,7 cm x 7,6 cm x 0,95 cm<\/li>\n<li>Abmessungen (voll): 12,7 cm x 7,6 cm x 6,35 cm<\/li>\n<li>Materialien: Ultracomp, l\u00f6sungsgef\u00e4rbtes CORDURA\u00ae-Gewebe<\/li>\n<li>Verf\u00fcgbare Farben: Schwarz, Coyote Braun und Multicam<\/li>\n<\/ul>\n<p>Der Scheren-H\u00e4ngebeutel erg\u00e4nzt das Micro Trauma Kit NOW!\u00ae. Er erm\u00f6glicht es, das Tourniquet zug\u00e4nglich aufzubewahren, ohne Platz oder Schutz zu beeintr\u00e4chtigen. Er kann an jedem MOLLE- oder g\u00fcrtelmontierten Micro TKN oder jeder anderen MOLLE-Tasche mit 3-Spalten-MOLLE-Aufnahme befestigt werden.<\/p>\n<p>Der Scheren-H\u00e4ngebeutel ist f\u00fcr medizinische Ausr\u00fcstung geeignet.<\/p>\n<\/div>\n","protected":false},"excerpt":{"rendered":"<p>Schnellzugriffs-H\u00e4ngematte f\u00fcr Tourniquets und Scheren an MOLLE-Ausr\u00fcstung.<\/p>\n","protected":false},"featured_media":21492,"template":"","meta":{"_acf_changed":false},"product_brand":[11129],"product_cat":[12074,12109,12065],"product_tag":[],"class_list":{"0":"post-199828","1":"product","2":"type-product","3":"status-publish","4":"has-post-thumbnail","6":"product_brand-blue-force-gear","7":"product_cat-ausruestung","8":"product_cat-medizinisch","9":"product_cat-taschen","11":"first","12":"instock","13":"taxable","14":"shipping-taxable","15":"purchasable","16":"product-type-variable","17":"wvs-archive-product-wrapper"},"acf":[],"_links":{"self":[{"href":"https:\/\/staging.nbg.eu\/de\/wp-json\/wp\/v2\/product\/199828","targetHints":{"allow":["GET"]}}],"collection":[{"href":"https:\/\/staging.nbg.eu\/de\/wp-json\/wp\/v2\/product"}],"about":[{"href":"https:\/\/staging.nbg.eu\/de\/wp-json\/wp\/v2\/types\/product"}],"wp:featuredmedia":[{"embeddable":true,"href":"https:\/\/staging.nbg.eu\/de\/wp-json\/wp\/v2\/media\/21492"}],"wp:attachment":[{"href":"https:\/\/staging.nbg.eu\/de\/wp-json\/wp\/v2\/media?parent=199828"}],"wp:term":[{"taxonomy":"product_brand","embeddable":true,"href":"https:\/\/staging.nbg.eu\/de\/wp-json\/wp\/v2\/product_brand?post=199828"},{"taxonomy":"product_cat","embeddable":true,"href":"https:\/\/staging.nbg.eu\/de\/wp-json\/wp\/v2\/product_cat?post=199828"},{"taxonomy":"product_tag","embeddable":true,"href":"https:\/\/staging.nbg.eu\/de\/wp-json\/wp\/v2\/product_tag?post=199828"}],"curies":[{"name":"wp","href":"https:\/\/api.w.org\/{rel}","templated":true}]}}