{"id":199040,"date":"2024-06-17T21:23:15","date_gmt":"2025-02-11T09:30:55","guid":{"rendered":"https:\/\/staging.nbg.eu\/product\/blue-force-gear-trauma-kit-now-medium\/"},"modified":"2025-02-11T09:33:07","modified_gmt":"2025-02-11T09:33:07","slug":"blue-force-gear-trauma-kit-now-medium","status":"publish","type":"product","link":"https:\/\/staging.nbg.eu\/de\/produkt\/blue-force-gear-trauma-kit-now-medium\/","title":{"rendered":"Blue Force Gear Trauma Kit NOW! &#8211; Medium"},"content":{"rendered":"<h2>Blue Force Gear Trauma Kit NOW! &#8211; Medium Leer<\/h2>\n<p>Das Trauma Kit NOW! &#8211; MEDIUM ist ein schnell zug\u00e4nglicher Notfall-Medizinkoffer f\u00fcr die Bedienung mit einer Hand. Urspr\u00fcnglich f\u00fcr den Inhalt von Army IFAKs entwickelt, ist es an verschiedene medizinische Ausr\u00fcstungen anpassbar.<\/p>\n<ul>\n<li>Zweiteiliges Design: \u00c4u\u00dfere MOLLE-Tasche mit Helium Whisper Befestigungssystem und herausnehmbarer innerer Versorgungstr\u00e4ger<\/li>\n<li>Konische \u00e4u\u00dfere Tasche f\u00fcr sicheren Halt und einfache Entnahme<\/li>\n<li>Schnell einsatzbereiter innerer Tr\u00e4ger mit Ball Loaded Index Point (BLIP) f\u00fcr den Einsatz unter schwierigen Bedingungen<\/li>\n<li>MOLLE-Felder zur externen Befestigung von Tourniquets<\/li>\n<li>Vielseitiges Design geeignet f\u00fcr milit\u00e4rische, polizeiliche und zivile Anwendungen<\/li>\n<\/ul>\n<p>Eines der am schnellsten einsetzbaren Trauma-Kits auf dem Markt, entwickelt f\u00fcr kritische Situationen, in denen jede Sekunde z\u00e4hlt.<\/p>\n","protected":false},"excerpt":{"rendered":"<p>Medizinische Tasche mit schneller Einsatzbereitschaft und herausnehmbarer Innentasche zur individuellen Anpassung.<\/p>\n","protected":false},"featured_media":153799,"template":"","meta":{"_acf_changed":false},"product_brand":[11129],"product_cat":[12074,12109],"product_tag":[],"class_list":{"0":"post-199040","1":"product","2":"type-product","3":"status-publish","4":"has-post-thumbnail","6":"product_brand-blue-force-gear","7":"product_cat-ausruestung","8":"product_cat-medizinisch","10":"first","11":"instock","12":"taxable","13":"shipping-taxable","14":"purchasable","15":"product-type-variable","16":"wvs-archive-product-wrapper"},"acf":[],"_links":{"self":[{"href":"https:\/\/staging.nbg.eu\/de\/wp-json\/wp\/v2\/product\/199040","targetHints":{"allow":["GET"]}}],"collection":[{"href":"https:\/\/staging.nbg.eu\/de\/wp-json\/wp\/v2\/product"}],"about":[{"href":"https:\/\/staging.nbg.eu\/de\/wp-json\/wp\/v2\/types\/product"}],"wp:featuredmedia":[{"embeddable":true,"href":"https:\/\/staging.nbg.eu\/de\/wp-json\/wp\/v2\/media\/153799"}],"wp:attachment":[{"href":"https:\/\/staging.nbg.eu\/de\/wp-json\/wp\/v2\/media?parent=199040"}],"wp:term":[{"taxonomy":"product_brand","embeddable":true,"href":"https:\/\/staging.nbg.eu\/de\/wp-json\/wp\/v2\/product_brand?post=199040"},{"taxonomy":"product_cat","embeddable":true,"href":"https:\/\/staging.nbg.eu\/de\/wp-json\/wp\/v2\/product_cat?post=199040"},{"taxonomy":"product_tag","embeddable":true,"href":"https:\/\/staging.nbg.eu\/de\/wp-json\/wp\/v2\/product_tag?post=199040"}],"curies":[{"name":"wp","href":"https:\/\/api.w.org\/{rel}","templated":true}]}}