{"id":190449,"date":"2024-07-30T17:57:46","date_gmt":"2025-02-04T16:15:04","guid":{"rendered":"https:\/\/staging.nbg.eu\/product\/red-dot-sight-holosun-hs510c\/"},"modified":"2025-02-04T16:17:03","modified_gmt":"2025-02-04T16:17:03","slug":"red-dot-visier-holosun-hs510c","status":"publish","type":"product","link":"https:\/\/staging.nbg.eu\/de\/produkt\/red-dot-visier-holosun-hs510c\/","title":{"rendered":"Red Dot Visier Holosun HS510C"},"content":{"rendered":"<div class=\"product-description\">\n<h2>Holosun HS510C Rotpunktvisier<\/h2>\n<p>Das Holosun HS510C ist ein offenes Reflexvisier f\u00fcr Karabiner, Pistolen-Kaliber-Karabiner und Schrotflinten. Es kombiniert Haltbarkeit mit Technologie f\u00fcr Genauigkeit und Zuverl\u00e4ssigkeit.<\/p>\n<h2>Hauptmerkmale:<\/h2>\n<ul>\n<li><strong>Konstruktion:<\/strong> Aluminiumgeh\u00e4use mit Titanhaube f\u00fcr Sto\u00dffestigkeit<\/li>\n<li><strong>Montage:<\/strong> QD-Montage f\u00fcr absolute Co-Witness (3,58 cm Punkth\u00f6he)<\/li>\n<li><strong>Technologie:<\/strong>\n<ul>\n<li>Solar-Notstrom f\u00fcr unterbrechungsfreien Betrieb<\/li>\n<li>Bewegungsaktivierung<\/li>\n<li>Mehrfach-Absehen-System (MRS)<\/li>\n<\/ul>\n<\/li>\n<li><strong>Batterielebensdauer:<\/strong> Bis zu 50.000 Stunden mit roter Super-LED<\/li>\n<li><strong>Helligkeit:<\/strong> 10 Tageslicht- und 2 Nachtsichteinstellungen<\/li>\n<\/ul>\n<h2>Technische Daten:<\/h2>\n<ul>\n<li><strong>Absehen-Optionen:<\/strong> Kreis-Punkt, 2 MOA Punkt, 65 MOA Kreis<\/li>\n<li><strong>Fenstergr\u00f6\u00dfe:<\/strong> 2,31 cm x 3,20 cm<\/li>\n<li><strong>Abmessungen:<\/strong> 8,38 cm x 4,27 cm x 4,52 cm<\/li>\n<li><strong>Gewicht:<\/strong> 140 g<\/li>\n<li><strong>Geh\u00e4usematerial:<\/strong> Aluminium mit Titanhaube<\/li>\n<li><strong>Einstellgenauigkeit:<\/strong> 0,5 MOA pro Klick<\/li>\n<li><strong>Einstellbereich:<\/strong> \u00b150 MOA (Seite &amp; H\u00f6he)<\/li>\n<li><strong>Wasserdichtigkeit:<\/strong> IP67-zertifiziert<\/li>\n<li><strong>Betriebstemperatur:<\/strong> -30\u00b0C bis 60\u00b0C<\/li>\n<\/ul>\n<p>Das Holosun HS510C bietet parallaxefreies Design und unbegrenzten Augenabstand f\u00fcr schnelle Zielerfassung. Das Batteriefach erm\u00f6glicht einfache Wartung. Die Konstruktion widersteht bis zu 1000G Vibration.<\/p>\n<\/div>\n","protected":false},"excerpt":{"rendered":"<p>Vielseitiges offenes Reflexvisier f\u00fcr Langwaffen. Langlebig, mit innovativen Funktionen.<\/p>\n","protected":false},"featured_media":21378,"template":"","meta":{"_acf_changed":false},"product_brand":[11425],"product_cat":[12117,12084,12083],"product_tag":[],"class_list":{"0":"post-190449","1":"product","2":"type-product","3":"status-publish","4":"has-post-thumbnail","6":"product_brand-holosun","7":"product_cat-gewehr-rotpunkte","8":"product_cat-rotpunktvisiere","9":"product_cat-zielen","11":"first","12":"instock","13":"taxable","14":"shipping-taxable","15":"purchasable","16":"product-type-simple"},"acf":[],"_links":{"self":[{"href":"https:\/\/staging.nbg.eu\/de\/wp-json\/wp\/v2\/product\/190449","targetHints":{"allow":["GET"]}}],"collection":[{"href":"https:\/\/staging.nbg.eu\/de\/wp-json\/wp\/v2\/product"}],"about":[{"href":"https:\/\/staging.nbg.eu\/de\/wp-json\/wp\/v2\/types\/product"}],"wp:featuredmedia":[{"embeddable":true,"href":"https:\/\/staging.nbg.eu\/de\/wp-json\/wp\/v2\/media\/21378"}],"wp:attachment":[{"href":"https:\/\/staging.nbg.eu\/de\/wp-json\/wp\/v2\/media?parent=190449"}],"wp:term":[{"taxonomy":"product_brand","embeddable":true,"href":"https:\/\/staging.nbg.eu\/de\/wp-json\/wp\/v2\/product_brand?post=190449"},{"taxonomy":"product_cat","embeddable":true,"href":"https:\/\/staging.nbg.eu\/de\/wp-json\/wp\/v2\/product_cat?post=190449"},{"taxonomy":"product_tag","embeddable":true,"href":"https:\/\/staging.nbg.eu\/de\/wp-json\/wp\/v2\/product_tag?post=190449"}],"curies":[{"name":"wp","href":"https:\/\/api.w.org\/{rel}","templated":true}]}}