{"id":181351,"date":"2024-04-19T07:15:03","date_gmt":"2025-01-30T06:23:05","guid":{"rendered":"https:\/\/staging.nbg.eu\/product\/blue-force-gear-burnsed-socket\/"},"modified":"2025-01-30T06:25:09","modified_gmt":"2025-01-30T06:25:09","slug":"blue-force-gear-burnsed-sockel","status":"publish","type":"product","link":"https:\/\/staging.nbg.eu\/de\/produkt\/blue-force-gear-burnsed-sockel\/","title":{"rendered":"Blue Force Gear Burnsed Sockel"},"content":{"rendered":"<p>Hier ist die \u00fcbersetzte deutsche Version des Produkttextes ohne werbliche Formulierungen:<\/p>\n<p>Burnsed Socket<\/p>\n<p>Der Burnsed Socket von Blue Force Gear &#8211; Ein Einzelteil, das einen Vickers Combat Applications Gurt in einen 2-zu-1-Punkt umwandelbaren Gurt verwandelt, wenn es zusammen mit einem Druckknopf-Gurtwirbel oder RED-Wirbel verwendet wird. Der Burnsed Socket wurde 2005 als Schl\u00fcsselelement f\u00fcr den patentierten SOC-C Gurt entwickelt, der eine 1-zu-2-zu-3-Punkt Umwandlung erm\u00f6glicht.<\/p>\n<p>Erh\u00f6hen Sie die Vielseitigkeit Ihres Gurtes &#8211; Schieben Sie den Burnsed Socket einfach auf das hintere Ende des Gurtes in Richtung des hinteren Empf\u00e4ngers oder der typischen Einpunkt-Gurtposition. Dann l\u00f6sen Sie den vorderen Druckknopfwirbel von der Vorderseite der Waffe und befestigen Sie ihn am Burnsed Socket.<\/p>\n<p>***Gurt nicht enthalten. Nur 1 Burnsed Socket Hardwareteil im Lieferumfang***<\/p>\n<p>Zwei Hardwareoptionen:<\/p>\n<p>&#8211; Bearbeitetes Aluminium &#8211; F\u00fcr eine besonders haltbare Verbindung, dieser gefr\u00e4ste Burnsed Socket ist hartanodisiert in mattschwarz.<br \/>\n&#8211; Geformtes Polymer &#8211; F\u00fcr einen leichten, einfachen Gurtverbindungspunkt, erh\u00e4ltlich in schwarz.<\/p>\n<p>Hergestellt in den USA &#8211; Wie alle Blue Force Gear Produkte wird es mit h\u00f6chster Qualit\u00e4t in den USA hergestellt und hat eine begrenzte lebenslange Garantie.<\/p>\n<p>SPEZIFIKATIONEN<\/p>\n<p>Eigenschaften: Funktioniert in Verbindung mit jedem Druckknopf-Gurtwirbel oder EDTM-Wirbel f\u00fcr einen 2-zu-1-Punkt umwandelbaren Gurt (separat erh\u00e4ltlich). Erm\u00f6glicht das ganzt\u00e4gige Tragen einer Waffe im 2-Punkt-Modus f\u00fcr maximale Kontrolle und Komfort und l\u00e4sst sich schnell in einen Einpunkt-Gurt f\u00fcr dynamische Umgebungen umwandeln.<\/p>\n<p>Gewicht: 13g<\/p>\n<p>Gr\u00f6\u00dfe: 0,75&#8243; x 1,5&#8243; x 0,5&#8243; &#8211; Passt auf jedes 1&#8243; oder 1,25&#8243; Gurtband (Victory Series Gurt, Vickers Combat Applications Gurt)<\/p>\n<p>Material(ien):<br \/>\n\u2022 Bearbeitetes Aluminium<br \/>\n\u2022 Geformtes Polymer<\/p>\n<p>Zus\u00e4tzliche Informationen: Als allgemeine Regel sollten Druckknopfwirbel und Burnsed Socket jedes Mal geschmiert werden, wenn die Hauptwaffe geschmiert wird.<\/p>\n","protected":false},"excerpt":{"rendered":"<p><span style=\"font-size: 110%\"><strong>Machen Sie Ihre Schlinge vielseitiger<\/strong><\/span><\/p>\n","protected":false},"featured_media":163251,"template":"","meta":{"_acf_changed":false},"product_brand":[11129],"product_cat":[12074,12070],"product_tag":[],"class_list":{"0":"post-181351","1":"product","2":"type-product","3":"status-publish","4":"has-post-thumbnail","6":"product_brand-blue-force-gear","7":"product_cat-ausruestung","8":"product_cat-trageriemen","10":"first","11":"instock","12":"taxable","13":"shipping-taxable","14":"purchasable","15":"product-type-simple"},"acf":[],"_links":{"self":[{"href":"https:\/\/staging.nbg.eu\/de\/wp-json\/wp\/v2\/product\/181351","targetHints":{"allow":["GET"]}}],"collection":[{"href":"https:\/\/staging.nbg.eu\/de\/wp-json\/wp\/v2\/product"}],"about":[{"href":"https:\/\/staging.nbg.eu\/de\/wp-json\/wp\/v2\/types\/product"}],"wp:featuredmedia":[{"embeddable":true,"href":"https:\/\/staging.nbg.eu\/de\/wp-json\/wp\/v2\/media\/163251"}],"wp:attachment":[{"href":"https:\/\/staging.nbg.eu\/de\/wp-json\/wp\/v2\/media?parent=181351"}],"wp:term":[{"taxonomy":"product_brand","embeddable":true,"href":"https:\/\/staging.nbg.eu\/de\/wp-json\/wp\/v2\/product_brand?post=181351"},{"taxonomy":"product_cat","embeddable":true,"href":"https:\/\/staging.nbg.eu\/de\/wp-json\/wp\/v2\/product_cat?post=181351"},{"taxonomy":"product_tag","embeddable":true,"href":"https:\/\/staging.nbg.eu\/de\/wp-json\/wp\/v2\/product_tag?post=181351"}],"curies":[{"name":"wp","href":"https:\/\/api.w.org\/{rel}","templated":true}]}}