{"id":173205,"date":"2024-11-06T20:28:36","date_gmt":"2024-11-06T20:28:36","guid":{"rendered":"https:\/\/staging.nbg.eu\/product\/vortex-optics-strike-eagle-se-31802-ffp-ebr-7c-mrad-3-18%d1%8544\/"},"modified":"2025-01-23T11:32:45","modified_gmt":"2025-01-23T11:32:45","slug":"vortex-optics-strike-eagle-se-31802-ffp-ebr-7c-mrad-3-18x44","status":"publish","type":"product","link":"https:\/\/staging.nbg.eu\/de\/produkt\/vortex-optics-strike-eagle-se-31802-ffp-ebr-7c-mrad-3-18x44\/","title":{"rendered":"Vortex Optics Strike Eagle &#8211; SE-31802 FFP EBR-7C MRAD 3-18&#215;44"},"content":{"rendered":"<div class=\"product-description\">\n<h2>Vortex Optics Strike Eagle &#8211; SE-31802 FFP EBR-7C MRAD 3-18\u044544<\/h2>\n<p>Das Vortex Optics Strike Eagle 3-18&#215;44 FFP ist ein Zielfernrohr f\u00fcr taktisches Schie\u00dfen auf mittlere und lange Distanzen. Dieses vielseitige Zielfernrohr der ersten Fokalebene ist f\u00fcr schnelle Anpassungen bei sich \u00e4ndernden Zielsituationen konzipiert und eignet sich f\u00fcr Karabiner oder DMR-Gewehre.<\/p>\n<h2>Hauptmerkmale:<\/h2>\n<ul>\n<li><strong>Absehen in der ersten Bildebene:<\/strong> Konstante Strichplattenverh\u00e4ltnisse f\u00fcr genaues Halten und Entfernungsmessung bei allen Vergr\u00f6\u00dferungen.<\/li>\n<li><strong>XD-Optiksystem:<\/strong> Glas mit extra niedriger Dispersion f\u00fcr verbesserte Aufl\u00f6sung und Farbtreue.<\/li>\n<li><strong>Beleuchtetes Absehen:<\/strong> F\u00fcr pr\u00e4zises Zielen bei schwachem Licht.<\/li>\n<li><strong>RevStop\u2122 Nullstellungssystem:<\/strong> Patentierter werkzeugloser Anschlag f\u00fcr schnelle R\u00fcckkehr zur Nullstellung nach Anpassungen.<\/li>\n<li><strong>Ge\u00e4tztes Glasabsehen:<\/strong> Erm\u00f6glicht komplexes Design und maximale Haltbarkeit.<\/li>\n<li><strong>Vollst\u00e4ndig mehrfach verg\u00fctete Linsen:<\/strong> Erh\u00f6ht die Lichtdurchl\u00e4ssigkeit f\u00fcr bessere Klarheit und Leistung bei schwachem Licht.<\/li>\n<\/ul>\n<h2>Konstruktion und Haltbarkeit:<\/h2>\n<ul>\n<li><strong>ArmorTek\u00ae:<\/strong> Extrem harte, kratzfeste Linsenbeschichtung.<\/li>\n<li><strong>Einteiliges Rohr:<\/strong> Verbessert Genauigkeit, Festigkeit und Wasserdichtigkeit.<\/li>\n<li><strong>Flugzeugaluminium:<\/strong> Gew\u00e4hrleistet Festigkeit und Steifigkeit.<\/li>\n<li><strong>Mattschwarze Eloxierung mit geringer Reflexion:<\/strong> Korrosionsbest\u00e4ndig und hilft, die Position des Sch\u00fctzen zu tarnen.<\/li>\n<li><strong>Stickstoffgef\u00fcllt:<\/strong> Beschlagfrei und wasserdicht unter allen Bedingungen.<\/li>\n<li><strong>Sto\u00dffest:<\/strong> Konzipiert, um hohen R\u00fccksto\u00df und Ersch\u00fctterungen standzuhalten.<\/li>\n<\/ul>\n<h2>Optische Spezifikationen:<\/h2>\n<ul>\n<li>Vergr\u00f6\u00dferung: 3-18x<\/li>\n<li>Objektivdurchmesser: 44 mm<\/li>\n<li>Augenabstand: 3,8 Zoll<\/li>\n<li>Sehfeld: 39,3&#8242; &#8211; 6,7&#8242; auf 100 Yards<\/li>\n<li>Rohrdurchmesser: 34 mm<\/li>\n<li>Parallaxeneinstellung: 10 Yards &#8211; \u221e<\/li>\n<\/ul>\n<h2>Einstellungsfunktionen:<\/h2>\n<ul>\n<li>Turm-Stil: Freiliegender H\u00f6henturm, abgedeckter Seitenturm<\/li>\n<li>Verstellwert: 1 MRAD<\/li>\n<li>Verstellung pro Umdrehung: 10 MRAD<\/li>\n<li>Maximale H\u00f6henverstellung: 45 MRAD<\/li>\n<li>Maximale Seitenverstellung: 18 MRAD<\/li>\n<\/ul>\n<h2>EBR-7C (MRAD) Absehen:<\/h2>\n<p>Das EBR-7C Absehen ist f\u00fcr maximale Schuss- und Entfernungsmessf\u00e4higkeiten auf gro\u00dfe Distanzen konzipiert. Es beinhaltet:<\/p>\n<ul>\n<li>Pr\u00e4zise Laser\u00e4tzung f\u00fcr enge Toleranzen<\/li>\n<li>Feiner zentraler Fadenkreuzabstand f\u00fcr optimale Balance zwischen Zielgenauigkeit und Sichtbarkeit bei schwachem Licht<\/li>\n<li>Windage-Referenzpunkte auf Haltelinien<\/li>\n<\/ul>\n<h2><\/h2>\n<\/div>\n","protected":false},"excerpt":{"rendered":"<p>Vielseitiges 3-18&#215;44 FFP-Zielfernrohr mit EBR-7C MRAD-Absehen. Klare Optik, robuste Bauweise, schnelle Einstellungen.<\/p>\n","protected":false},"featured_media":78036,"template":"","meta":{"_acf_changed":false},"product_brand":[11954],"product_cat":[12051,12083],"product_tag":[],"class_list":{"0":"post-173205","1":"product","2":"type-product","3":"status-publish","4":"has-post-thumbnail","6":"product_brand-vortex","7":"product_cat-vergroesserungsoptiken","8":"product_cat-zielen","10":"first","11":"outofstock","12":"taxable","13":"shipping-taxable","14":"purchasable","15":"product-type-simple"},"acf":[],"_links":{"self":[{"href":"https:\/\/staging.nbg.eu\/de\/wp-json\/wp\/v2\/product\/173205","targetHints":{"allow":["GET"]}}],"collection":[{"href":"https:\/\/staging.nbg.eu\/de\/wp-json\/wp\/v2\/product"}],"about":[{"href":"https:\/\/staging.nbg.eu\/de\/wp-json\/wp\/v2\/types\/product"}],"wp:featuredmedia":[{"embeddable":true,"href":"https:\/\/staging.nbg.eu\/de\/wp-json\/wp\/v2\/media\/78036"}],"wp:attachment":[{"href":"https:\/\/staging.nbg.eu\/de\/wp-json\/wp\/v2\/media?parent=173205"}],"wp:term":[{"taxonomy":"product_brand","embeddable":true,"href":"https:\/\/staging.nbg.eu\/de\/wp-json\/wp\/v2\/product_brand?post=173205"},{"taxonomy":"product_cat","embeddable":true,"href":"https:\/\/staging.nbg.eu\/de\/wp-json\/wp\/v2\/product_cat?post=173205"},{"taxonomy":"product_tag","embeddable":true,"href":"https:\/\/staging.nbg.eu\/de\/wp-json\/wp\/v2\/product_tag?post=173205"}],"curies":[{"name":"wp","href":"https:\/\/api.w.org\/{rel}","templated":true}]}}