{"id":173060,"date":"2024-08-16T19:55:05","date_gmt":"2025-01-23T11:16:54","guid":{"rendered":"https:\/\/staging.nbg.eu\/product\/barwarus-bw-t4-handguards-with-m-lok\/"},"modified":"2025-01-23T11:18:20","modified_gmt":"2025-01-23T11:18:20","slug":"barwarus-bw-t4-handschutz-mit-m-lok","status":"publish","type":"product","link":"https:\/\/staging.nbg.eu\/de\/produkt\/barwarus-bw-t4-handschutz-mit-m-lok\/","title":{"rendered":"Barwarus BW-T4 Handschutz mit M-Lok"},"content":{"rendered":"<div class=\"product-description\">\n<h2>Barwarus BW-T4 Handschutz mit M-Lok<\/h2>\n<p>Handschutz-Set f\u00fcr AK-Gewehre mit langen L\u00e4ufen (16&#8243;). Dieses System erm\u00f6glicht die Integration von M-LOK Zubeh\u00f6r.<\/p>\n<ul>\n<li>Kompatibel mit verschiedenen AK-Modellen (AKUSA 100 Serie, AK-74, Saiga, Vepr und weitere)<\/li>\n<li>Hergestellt aus 6082-T6 Aluminiumlegierung<\/li>\n<li>Schwarze Cerakote-Beschichtung<\/li>\n<li>Integrierte M-LOK Schlitze an allen Seiten<\/li>\n<li>Verbessert Laufk\u00fchlung und W\u00e4rmeableitung<\/li>\n<li>Leichte Konstruktion<\/li>\n<li>Einsetzbar bei Temperaturen von -50\u00b0C bis +50\u00b0C<\/li>\n<\/ul>\n<p>Der Barwarus BW-T4 Handschutz bietet Anpassungsm\u00f6glichkeiten, W\u00e4rmemanagement und Haltbarkeit.<\/p>\n<\/div>\n","protected":false},"excerpt":{"rendered":"<p>Barwarus BW-T4 Handschutz: M-Lok-kompatibel, AK-Upgrade f\u00fcr verbesserte K\u00fchlung und Zubeh\u00f6rmontage.<\/p>\n","protected":false},"featured_media":23616,"template":"","meta":{"_acf_changed":false},"product_brand":[11102],"product_cat":[12041,12056,12055],"product_tag":[],"class_list":{"0":"post-173060","1":"product","2":"type-product","3":"status-publish","4":"has-post-thumbnail","6":"product_brand-barwarus","7":"product_cat-ak-tuning","8":"product_cat-gewehr-tuning","9":"product_cat-schienen","11":"first","12":"instock","13":"taxable","14":"shipping-taxable","15":"product-type-variable","16":"wvs-archive-product-wrapper"},"acf":[],"_links":{"self":[{"href":"https:\/\/staging.nbg.eu\/de\/wp-json\/wp\/v2\/product\/173060","targetHints":{"allow":["GET"]}}],"collection":[{"href":"https:\/\/staging.nbg.eu\/de\/wp-json\/wp\/v2\/product"}],"about":[{"href":"https:\/\/staging.nbg.eu\/de\/wp-json\/wp\/v2\/types\/product"}],"wp:featuredmedia":[{"embeddable":true,"href":"https:\/\/staging.nbg.eu\/de\/wp-json\/wp\/v2\/media\/23616"}],"wp:attachment":[{"href":"https:\/\/staging.nbg.eu\/de\/wp-json\/wp\/v2\/media?parent=173060"}],"wp:term":[{"taxonomy":"product_brand","embeddable":true,"href":"https:\/\/staging.nbg.eu\/de\/wp-json\/wp\/v2\/product_brand?post=173060"},{"taxonomy":"product_cat","embeddable":true,"href":"https:\/\/staging.nbg.eu\/de\/wp-json\/wp\/v2\/product_cat?post=173060"},{"taxonomy":"product_tag","embeddable":true,"href":"https:\/\/staging.nbg.eu\/de\/wp-json\/wp\/v2\/product_tag?post=173060"}],"curies":[{"name":"wp","href":"https:\/\/api.w.org\/{rel}","templated":true}]}}