{"id":170403,"date":"2024-11-06T20:55:17","date_gmt":"2025-01-21T09:34:48","guid":{"rendered":"https:\/\/staging.nbg.eu\/product\/throw-lever-sai-optics\/"},"modified":"2025-01-21T09:37:05","modified_gmt":"2025-01-21T09:37:05","slug":"wurfhebel-sai-optik","status":"publish","type":"product","link":"https:\/\/staging.nbg.eu\/de\/produkt\/wurfhebel-sai-optik\/","title":{"rendered":"Wurfhebel SAI Optik"},"content":{"rendered":"<div class=\"product-description\">\n<h2>Umschalthebel SAI Optik<\/h2>\n<ul>\n<li>Schneller Wechsel zwischen 1x und 6x Vergr\u00f6\u00dferung<\/li>\n<li>Ergonomisches Design f\u00fcr einfache Bedienung<\/li>\n<\/ul>\n<p>Der SAI 6\u2122 Umschalthebel erm\u00f6glicht die schnelle Anpassung der Vergr\u00f6\u00dferung, ohne das Ziel aus den Augen zu verlieren.<\/p>\n<\/div>\n","protected":false},"excerpt":{"rendered":"<p>Schneller Vergr\u00f6\u00dferungswechsel von 1x bis 6x.<\/p>\n","protected":false},"featured_media":78876,"template":"","meta":{"_acf_changed":false},"product_brand":[11708],"product_cat":[12051,12083],"product_tag":[],"class_list":{"0":"post-170403","1":"product","2":"type-product","3":"status-publish","4":"has-post-thumbnail","6":"product_brand-sai-optics","7":"product_cat-vergroesserungsoptiken","8":"product_cat-zielen","10":"first","11":"instock","12":"taxable","13":"shipping-taxable","14":"purchasable","15":"product-type-variable","16":"wvs-archive-product-wrapper"},"acf":[],"_links":{"self":[{"href":"https:\/\/staging.nbg.eu\/de\/wp-json\/wp\/v2\/product\/170403","targetHints":{"allow":["GET"]}}],"collection":[{"href":"https:\/\/staging.nbg.eu\/de\/wp-json\/wp\/v2\/product"}],"about":[{"href":"https:\/\/staging.nbg.eu\/de\/wp-json\/wp\/v2\/types\/product"}],"wp:featuredmedia":[{"embeddable":true,"href":"https:\/\/staging.nbg.eu\/de\/wp-json\/wp\/v2\/media\/78876"}],"wp:attachment":[{"href":"https:\/\/staging.nbg.eu\/de\/wp-json\/wp\/v2\/media?parent=170403"}],"wp:term":[{"taxonomy":"product_brand","embeddable":true,"href":"https:\/\/staging.nbg.eu\/de\/wp-json\/wp\/v2\/product_brand?post=170403"},{"taxonomy":"product_cat","embeddable":true,"href":"https:\/\/staging.nbg.eu\/de\/wp-json\/wp\/v2\/product_cat?post=170403"},{"taxonomy":"product_tag","embeddable":true,"href":"https:\/\/staging.nbg.eu\/de\/wp-json\/wp\/v2\/product_tag?post=170403"}],"curies":[{"name":"wp","href":"https:\/\/api.w.org\/{rel}","templated":true}]}}