{"id":141377,"date":"2025-01-04T07:20:19","date_gmt":"2025-01-10T22:32:36","guid":{"rendered":"https:\/\/staging.nbg.eu\/product\/area-419-arcalock-clamp\/"},"modified":"2025-01-10T22:34:27","modified_gmt":"2025-01-10T22:34:27","slug":"area-419-arcalock-klemme","status":"publish","type":"product","link":"https:\/\/staging.nbg.eu\/de\/produkt\/area-419-arcalock-klemme\/","title":{"rendered":"Area 419 &#8211; ARCALOCK Klemme"},"content":{"rendered":"<div class=\"product-description\">\n<h2>Area 419 &#8211; ARCALOCK Klemme<\/h2>\n<p>Die ARCALOCK Klemme von Area 419 ist f\u00fcr alle Standard-ARCA\/1,5-Zoll-Schwalbenschwanzschienen geeignet und bietet eine mechanisch verriegelte L\u00f6sung f\u00fcr verbesserte Stabilit\u00e4t.<\/p>\n<ul>\n<li>Zweistufiges Schraubendesign f\u00fcr schnelle Bewegung und zus\u00e4tzliches Drehmoment<\/li>\n<li>Kompatibel mit Atlas Zweibein und anpassbar f\u00fcr Harris Zweibein<\/li>\n<li>Funktion als Barrikadenstopp<\/li>\n<li>R\u00fcckw\u00e4rtskompatibel mit Standard-ARCA-Schienen<\/li>\n<li>Aus 6061-T6 Aluminium mit Typ III Harteloxierung gefertigt<\/li>\n<li>Gewicht: 72,5 Gramm<\/li>\n<\/ul>\n<p>Die Area 419 ARCALOCK Klemme ist ein Zubeh\u00f6r f\u00fcr Pr\u00e4zisionsgewehre.<\/p>\n<\/div>\n","protected":false},"excerpt":{"rendered":"<p>Sichere ARCA-Klemme mit Verriegelungsmechanismus f\u00fcr Pr\u00e4zisionsgewehre.<\/p>\n","protected":false},"featured_media":115248,"template":"","meta":{"_acf_changed":false},"product_brand":[11037],"product_cat":[12107,12055],"product_tag":[],"class_list":{"0":"post-141377","1":"product","2":"type-product","3":"status-publish","4":"has-post-thumbnail","6":"product_brand-area-419","7":"product_cat-gewehr","8":"product_cat-schienen","10":"first","11":"instock","12":"taxable","13":"shipping-taxable","14":"purchasable","15":"product-type-simple"},"acf":[],"_links":{"self":[{"href":"https:\/\/staging.nbg.eu\/de\/wp-json\/wp\/v2\/product\/141377","targetHints":{"allow":["GET"]}}],"collection":[{"href":"https:\/\/staging.nbg.eu\/de\/wp-json\/wp\/v2\/product"}],"about":[{"href":"https:\/\/staging.nbg.eu\/de\/wp-json\/wp\/v2\/types\/product"}],"wp:featuredmedia":[{"embeddable":true,"href":"https:\/\/staging.nbg.eu\/de\/wp-json\/wp\/v2\/media\/115248"}],"wp:attachment":[{"href":"https:\/\/staging.nbg.eu\/de\/wp-json\/wp\/v2\/media?parent=141377"}],"wp:term":[{"taxonomy":"product_brand","embeddable":true,"href":"https:\/\/staging.nbg.eu\/de\/wp-json\/wp\/v2\/product_brand?post=141377"},{"taxonomy":"product_cat","embeddable":true,"href":"https:\/\/staging.nbg.eu\/de\/wp-json\/wp\/v2\/product_cat?post=141377"},{"taxonomy":"product_tag","embeddable":true,"href":"https:\/\/staging.nbg.eu\/de\/wp-json\/wp\/v2\/product_tag?post=141377"}],"curies":[{"name":"wp","href":"https:\/\/api.w.org\/{rel}","templated":true}]}}