{"id":141259,"date":"2025-01-04T07:26:25","date_gmt":"2025-01-10T21:45:55","guid":{"rendered":"https:\/\/staging.nbg.eu\/product\/area-419-arcalock-clamp-black\/"},"modified":"2025-01-10T21:47:47","modified_gmt":"2025-01-10T21:47:47","slug":"area-419-arcalock-klemme-schwarz","status":"publish","type":"product","link":"https:\/\/staging.nbg.eu\/de\/produkt\/area-419-arcalock-klemme-schwarz\/","title":{"rendered":"Area 419 &#8211; ARCALOCK Klemme schwarz"},"content":{"rendered":"<div class=\"product-description\">\n<h2>Area 419 &#8211; ARCALOCK Klemme (Schwarz)<\/h2>\n<p>Die Area 419 ARCALOCK Klemme in schwarz funktioniert auf allen Standard ARCA\/1,5&#8243; Schwalbenschwanzschienen und bietet eine mechanisch verriegelte L\u00f6sung f\u00fcr erh\u00f6hte Stabilit\u00e4t.<\/p>\n<ul>\n<li>Zweistufiges Schraubendesign f\u00fcr schnelle Bewegung und zus\u00e4tzliches Drehmoment<\/li>\n<li>Kompatibel mit Atlas Zweibein und anpassbar f\u00fcr Harris Zweibein<\/li>\n<li>R\u00fcckw\u00e4rtskompatibel mit Standard ARCA-Schienen<\/li>\n<li>Aus 6061-T6 Aluminium gefertigt mit Typ III Harteloxierung in schwarz<\/li>\n<li>303 Edelstahlschraube<\/li>\n<li>Gewicht: 72,5 Gramm<\/li>\n<\/ul>\n<p>Die Area 419 ARCALOCK Klemme ist in den USA entworfen und hergestellt.<\/p>\n<\/div>\n","protected":false},"excerpt":{"rendered":"<p>Sichere ARCA-Schienenklemme mit schwarzem Knopf f\u00fcr Pr\u00e4zisionsgewehre.<\/p>\n","protected":false},"featured_media":115372,"template":"","meta":{"_acf_changed":false},"product_brand":[11037],"product_cat":[12107,12055,390],"product_tag":[],"class_list":{"0":"post-141259","1":"product","2":"type-product","3":"status-publish","4":"has-post-thumbnail","6":"product_brand-area-419","7":"product_cat-gewehr","8":"product_cat-schienen","9":"product_cat-aiming","11":"first","12":"instock","13":"taxable","14":"shipping-taxable","15":"purchasable","16":"product-type-simple"},"acf":[],"_links":{"self":[{"href":"https:\/\/staging.nbg.eu\/de\/wp-json\/wp\/v2\/product\/141259","targetHints":{"allow":["GET"]}}],"collection":[{"href":"https:\/\/staging.nbg.eu\/de\/wp-json\/wp\/v2\/product"}],"about":[{"href":"https:\/\/staging.nbg.eu\/de\/wp-json\/wp\/v2\/types\/product"}],"wp:featuredmedia":[{"embeddable":true,"href":"https:\/\/staging.nbg.eu\/de\/wp-json\/wp\/v2\/media\/115372"}],"wp:attachment":[{"href":"https:\/\/staging.nbg.eu\/de\/wp-json\/wp\/v2\/media?parent=141259"}],"wp:term":[{"taxonomy":"product_brand","embeddable":true,"href":"https:\/\/staging.nbg.eu\/de\/wp-json\/wp\/v2\/product_brand?post=141259"},{"taxonomy":"product_cat","embeddable":true,"href":"https:\/\/staging.nbg.eu\/de\/wp-json\/wp\/v2\/product_cat?post=141259"},{"taxonomy":"product_tag","embeddable":true,"href":"https:\/\/staging.nbg.eu\/de\/wp-json\/wp\/v2\/product_tag?post=141259"}],"curies":[{"name":"wp","href":"https:\/\/api.w.org\/{rel}","templated":true}]}}