{"id":140557,"date":"2025-01-04T07:09:46","date_gmt":"2025-01-10T17:48:28","guid":{"rendered":"https:\/\/staging.nbg.eu\/product\/area-419-arcalock-arm-for-garmin-xero\/"},"modified":"2025-01-10T17:50:36","modified_gmt":"2025-01-10T17:50:36","slug":"area-419-arcalock-arm-fuer-garmin-xero","status":"publish","type":"product","link":"https:\/\/staging.nbg.eu\/de\/produkt\/area-419-arcalock-arm-fuer-garmin-xero\/","title":{"rendered":"Area 419 &#8211; ARCALOCK Arm f\u00fcr Garmin Xero"},"content":{"rendered":"<div class=\"product-description\">\n<h2>Area 419 &#8211; ARCALOCK Arm f\u00fcr Garmin Xero C1<\/h2>\n<p>Erweitern Sie die Einsatzm\u00f6glichkeiten Ihres Garmin Xero C1 mit unserem ARCALOCK Arm. Dieses Zubeh\u00f6r erm\u00f6glicht mehrere Montagem\u00f6glichkeiten:<\/p>\n<ul>\n<li>In Linie mit dem Lauf (Sprungbrett- oder Seitenmontage)<\/li>\n<li>Versetzt mit ARCA-Schiene oder verl\u00e4ngerter Picatinny-Schiene<\/li>\n<li>Abnehmbar zur Verwendung auf jedem ARCA-kompatiblen Stativ<\/li>\n<\/ul>\n<p>Dieser Arm ist aus Vollaluminium gefertigt und verf\u00fcgt \u00fcber ein 17S-Montagemuster, das mit unseren Arcalock-Klemmen oder QD-Picatinny-Hebelklemmen kompatibel ist. Er erg\u00e4nzt den Garmin Xero C1 Chronographen.<\/p>\n<h3>Spezifikationen:<\/h3>\n<ul>\n<li>Gewicht: 454 g<\/li>\n<li>Abmessungen: 15,24 cm \u00d7 10,16 cm \u00d7 2,54 cm<\/li>\n<\/ul>\n<\/div>\n","protected":false},"excerpt":{"rendered":"<p>Vielseitige Halterung f\u00fcr Garmin Xero C1: Kompatibel mit Lauf, Schiene oder Stativ.<\/p>\n","protected":false},"featured_media":114882,"template":"","meta":{"_acf_changed":false},"product_brand":[11037],"product_cat":[12107,12055],"product_tag":[],"class_list":{"0":"post-140557","1":"product","2":"type-product","3":"status-publish","4":"has-post-thumbnail","6":"product_brand-area-419","7":"product_cat-gewehr","8":"product_cat-schienen","10":"first","11":"instock","12":"taxable","13":"shipping-taxable","14":"purchasable","15":"product-type-variable","16":"wvs-archive-product-wrapper"},"acf":[],"_links":{"self":[{"href":"https:\/\/staging.nbg.eu\/de\/wp-json\/wp\/v2\/product\/140557","targetHints":{"allow":["GET"]}}],"collection":[{"href":"https:\/\/staging.nbg.eu\/de\/wp-json\/wp\/v2\/product"}],"about":[{"href":"https:\/\/staging.nbg.eu\/de\/wp-json\/wp\/v2\/types\/product"}],"wp:featuredmedia":[{"embeddable":true,"href":"https:\/\/staging.nbg.eu\/de\/wp-json\/wp\/v2\/media\/114882"}],"wp:attachment":[{"href":"https:\/\/staging.nbg.eu\/de\/wp-json\/wp\/v2\/media?parent=140557"}],"wp:term":[{"taxonomy":"product_brand","embeddable":true,"href":"https:\/\/staging.nbg.eu\/de\/wp-json\/wp\/v2\/product_brand?post=140557"},{"taxonomy":"product_cat","embeddable":true,"href":"https:\/\/staging.nbg.eu\/de\/wp-json\/wp\/v2\/product_cat?post=140557"},{"taxonomy":"product_tag","embeddable":true,"href":"https:\/\/staging.nbg.eu\/de\/wp-json\/wp\/v2\/product_tag?post=140557"}],"curies":[{"name":"wp","href":"https:\/\/api.w.org\/{rel}","templated":true}]}}