{"id":140153,"date":"2025-01-04T04:53:09","date_gmt":"2025-01-10T14:00:34","guid":{"rendered":"https:\/\/staging.nbg.eu\/product\/area-419-arcalock-12-universal-dovetail-rail\/"},"modified":"2025-01-10T14:02:25","modified_gmt":"2025-01-10T14:02:25","slug":"area-419-arcalock-12-universal-schwalbenschwanz-schiene","status":"publish","type":"product","link":"https:\/\/staging.nbg.eu\/de\/produkt\/area-419-arcalock-12-universal-schwalbenschwanz-schiene\/","title":{"rendered":"Area 419 &#8211; ARCALOCK 12&#8243; Universal Schwalbenschwanz-Schiene"},"content":{"rendered":"<div class=\"product-description\">\n<h2>Area 419 &#8211; ARCALOCK 12&#8243; Universale Schwalbenschwanzschiene<\/h2>\n<p>Die ARCALOCK 12&#8243; Universale Schwalbenschwanzschiene von Area 419 hat folgende Merkmale:<\/p>\n<ul>\n<li>Geriffelte Seiten f\u00fcr mechanische Verriegelung mit Area 419 Klemmen<\/li>\n<li>R\u00fcckw\u00e4rtskompatibilit\u00e4t mit Standard-Arca-Zubeh\u00f6r<\/li>\n<li>12&#8243; L\u00e4nge<\/li>\n<li>Gewicht von 4,1 Unzen<\/li>\n<li>Kompatibel mit RRS 1,5&#8243; Schwalbenschwanzstandard<\/li>\n<li>Abgerundete Kanten<\/li>\n<li>Mehrere Befestigungspunkte<\/li>\n<li>Typ 3 Hart-eloxiertes 6061-T6 Aluminium<\/li>\n<li>Hergestellt in den USA<\/li>\n<\/ul>\n<p>MLOK-Hardware nicht im Lieferumfang enthalten.<\/p>\n<\/div>\n","protected":false},"excerpt":{"rendered":"<p>12&#8243; verriegelbarer ARCA-Schiene f\u00fcr Pr\u00e4zisionsgewehre. MLOK-Befestigungsteile nicht im Lieferumfang enthalten.<\/p>\n","protected":false},"featured_media":114649,"template":"","meta":{"_acf_changed":false},"product_brand":[11037],"product_cat":[12107,12055,390],"product_tag":[],"class_list":{"0":"post-140153","1":"product","2":"type-product","3":"status-publish","4":"has-post-thumbnail","6":"product_brand-area-419","7":"product_cat-gewehr","8":"product_cat-schienen","9":"product_cat-aiming","11":"first","12":"instock","13":"taxable","14":"shipping-taxable","15":"purchasable","16":"product-type-simple"},"acf":[],"_links":{"self":[{"href":"https:\/\/staging.nbg.eu\/de\/wp-json\/wp\/v2\/product\/140153","targetHints":{"allow":["GET"]}}],"collection":[{"href":"https:\/\/staging.nbg.eu\/de\/wp-json\/wp\/v2\/product"}],"about":[{"href":"https:\/\/staging.nbg.eu\/de\/wp-json\/wp\/v2\/types\/product"}],"wp:featuredmedia":[{"embeddable":true,"href":"https:\/\/staging.nbg.eu\/de\/wp-json\/wp\/v2\/media\/114649"}],"wp:attachment":[{"href":"https:\/\/staging.nbg.eu\/de\/wp-json\/wp\/v2\/media?parent=140153"}],"wp:term":[{"taxonomy":"product_brand","embeddable":true,"href":"https:\/\/staging.nbg.eu\/de\/wp-json\/wp\/v2\/product_brand?post=140153"},{"taxonomy":"product_cat","embeddable":true,"href":"https:\/\/staging.nbg.eu\/de\/wp-json\/wp\/v2\/product_cat?post=140153"},{"taxonomy":"product_tag","embeddable":true,"href":"https:\/\/staging.nbg.eu\/de\/wp-json\/wp\/v2\/product_tag?post=140153"}],"curies":[{"name":"wp","href":"https:\/\/api.w.org\/{rel}","templated":true}]}}