{"id":140042,"date":"2025-01-04T08:32:04","date_gmt":"2025-01-10T13:42:03","guid":{"rendered":"https:\/\/staging.nbg.eu\/product\/area-419-arcalock-17-universal-dovetail-rail\/"},"modified":"2025-02-12T19:41:15","modified_gmt":"2025-02-12T19:41:15","slug":"area-419-arcalock-17-universal-schwalbenschwanz-schiene","status":"publish","type":"product","link":"https:\/\/staging.nbg.eu\/de\/produkt\/area-419-arcalock-17-universal-schwalbenschwanz-schiene\/","title":{"rendered":"Area 419 &#8211; ARCALOCK 17&#8243; Universal Schwalbenschwanz-Schiene"},"content":{"rendered":"<div class=\"product-description\">\n<h2>Area 419 &#8211; ARCALOCK 17&#8243; Universelle Schwalbenschwanzschiene<\/h2>\n<p>Die ARCALOCK Schwalbenschwanzschiene hat folgende Eigenschaften:<\/p>\n<ul>\n<li>Gezahnte Seiten f\u00fcr mechanische Verriegelung mit Area 419 Klemmen<\/li>\n<li>R\u00fcckw\u00e4rtskompatibilit\u00e4t mit Standard-Arca-Zubeh\u00f6r<\/li>\n<li>Konform mit RRS 1,5&#8243; Schwalbenschwanz-Standard<\/li>\n<li>Abgeschr\u00e4gte Kanten<\/li>\n<li>Mehrere Befestigungspunkte f\u00fcr Stabilit\u00e4t<\/li>\n<li>Typ 3 Hart-Eloxiertes 6061-T6 Aluminium<\/li>\n<li>In den USA aus einheimischen Materialien hergestellt<\/li>\n<\/ul>\n<p>Enth\u00e4lt verl\u00e4ngerte Remington 700-Stil Aktionsschraube und Montagematerial.<\/p>\n<p><em>Hinweis: Hinterer fester Barrikadenstopp und MLOK-Hardware nicht enthalten.<\/em><\/p>\n<\/div>\n","protected":false},"excerpt":{"rendered":"<p>&#8220;Arretierende ARCA-Schiene f\u00fcr Pr\u00e4zisionsgewehre. 17&#8243; Aluminium, hergestellt in den USA.&#8221;<\/p>\n","protected":false},"featured_media":116047,"template":"","meta":{"_acf_changed":false},"product_brand":[11037],"product_cat":[12107,12055,390],"product_tag":[],"class_list":{"0":"post-140042","1":"product","2":"type-product","3":"status-publish","4":"has-post-thumbnail","6":"product_brand-area-419","7":"product_cat-gewehr","8":"product_cat-schienen","9":"product_cat-aiming","11":"first","12":"instock","13":"taxable","14":"shipping-taxable","15":"purchasable","16":"product-type-simple"},"acf":[],"_links":{"self":[{"href":"https:\/\/staging.nbg.eu\/de\/wp-json\/wp\/v2\/product\/140042","targetHints":{"allow":["GET"]}}],"collection":[{"href":"https:\/\/staging.nbg.eu\/de\/wp-json\/wp\/v2\/product"}],"about":[{"href":"https:\/\/staging.nbg.eu\/de\/wp-json\/wp\/v2\/types\/product"}],"wp:featuredmedia":[{"embeddable":true,"href":"https:\/\/staging.nbg.eu\/de\/wp-json\/wp\/v2\/media\/116047"}],"wp:attachment":[{"href":"https:\/\/staging.nbg.eu\/de\/wp-json\/wp\/v2\/media?parent=140042"}],"wp:term":[{"taxonomy":"product_brand","embeddable":true,"href":"https:\/\/staging.nbg.eu\/de\/wp-json\/wp\/v2\/product_brand?post=140042"},{"taxonomy":"product_cat","embeddable":true,"href":"https:\/\/staging.nbg.eu\/de\/wp-json\/wp\/v2\/product_cat?post=140042"},{"taxonomy":"product_tag","embeddable":true,"href":"https:\/\/staging.nbg.eu\/de\/wp-json\/wp\/v2\/product_tag?post=140042"}],"curies":[{"name":"wp","href":"https:\/\/api.w.org\/{rel}","templated":true}]}}