{"id":139069,"date":"2025-01-04T11:21:50","date_gmt":"2025-01-04T11:21:50","guid":{"rendered":"https:\/\/staging.nbg.eu\/product\/area-419-master-funnel-kit\/"},"modified":"2025-01-10T10:22:28","modified_gmt":"2025-01-10T10:22:28","slug":"area-419-master-trichter-set","status":"publish","type":"product","link":"https:\/\/staging.nbg.eu\/de\/produkt\/area-419-master-trichter-set\/","title":{"rendered":"Area 419 &#8211; Master Trichter-Set"},"content":{"rendered":"<h2>Area 419 &#8211; Haupttrichter-Set<\/h2>\n<p>Das Area 419 Haupttrichter-Set enth\u00e4lt:<\/p>\n<ul>\n<li>1 Trichterk\u00f6rper<\/li>\n<li>6 kalibrerspezifische farbcodierte Aufs\u00e4tze (22 cal, 6mm\/243, 6,5mm\/264, 7mm\/284, 30 cal, 338 cal)<\/li>\n<li>1 Aufbewahrungsblock<\/li>\n<\/ul>\n<p>Hergestellt aus 6061-T6 Aluminium, verhindert dieser Trichter statische Aufladung und erm\u00f6glicht einen guten Pulverfluss. Die austauschbaren Aufs\u00e4tze passen genau f\u00fcr jedes Kaliber. Das Design beinhaltet:<\/p>\n<ul>\n<li>Gerilltes Inneres f\u00fcr verbesserten Pulverfluss<\/li>\n<li>Bearbeitete Griffe<\/li>\n<li>Glatte Oberfl\u00e4chen<\/li>\n<\/ul>\n<p>Hergestellt in den USA, dieses Set ist f\u00fcr pr\u00e4zises Wiederladen geeignet.<\/p>\n","protected":false},"excerpt":{"rendered":"<p>Area 419 Master Trichter-Set: Pr\u00e4zises Wiederladen mit 6 Kaliberk\u00f6pfen.<\/p>\n","protected":false},"featured_media":119064,"template":"","meta":{"_acf_changed":false},"product_brand":[11037],"product_cat":[12103,12057],"product_tag":[],"class_list":{"0":"post-139069","1":"product","2":"type-product","3":"status-publish","4":"has-post-thumbnail","6":"product_brand-area-419","7":"product_cat-wiederladen","8":"product_cat-wiederladen-zubehoer","10":"first","11":"instock","12":"taxable","13":"shipping-taxable","14":"purchasable","15":"product-type-simple"},"acf":[],"_links":{"self":[{"href":"https:\/\/staging.nbg.eu\/de\/wp-json\/wp\/v2\/product\/139069","targetHints":{"allow":["GET"]}}],"collection":[{"href":"https:\/\/staging.nbg.eu\/de\/wp-json\/wp\/v2\/product"}],"about":[{"href":"https:\/\/staging.nbg.eu\/de\/wp-json\/wp\/v2\/types\/product"}],"wp:featuredmedia":[{"embeddable":true,"href":"https:\/\/staging.nbg.eu\/de\/wp-json\/wp\/v2\/media\/119064"}],"wp:attachment":[{"href":"https:\/\/staging.nbg.eu\/de\/wp-json\/wp\/v2\/media?parent=139069"}],"wp:term":[{"taxonomy":"product_brand","embeddable":true,"href":"https:\/\/staging.nbg.eu\/de\/wp-json\/wp\/v2\/product_brand?post=139069"},{"taxonomy":"product_cat","embeddable":true,"href":"https:\/\/staging.nbg.eu\/de\/wp-json\/wp\/v2\/product_cat?post=139069"},{"taxonomy":"product_tag","embeddable":true,"href":"https:\/\/staging.nbg.eu\/de\/wp-json\/wp\/v2\/product_tag?post=139069"}],"curies":[{"name":"wp","href":"https:\/\/api.w.org\/{rel}","templated":true}]}}