{"id":136687,"date":"2024-11-26T18:21:35","date_gmt":"2025-01-09T09:44:06","guid":{"rendered":"https:\/\/staging.nbg.eu\/product\/geissele-border-patrol-pistol-11-5-5-56mm-black\/"},"modified":"2025-02-04T09:17:49","modified_gmt":"2025-02-04T09:17:49","slug":"geissele-border-patrol-pistole-115-556mm-schwarz","status":"publish","type":"product","link":"https:\/\/staging.nbg.eu\/de\/produkt\/geissele-border-patrol-pistole-115-556mm-schwarz\/","title":{"rendered":"Geissele Border Patrol Pistole, 11,5&#8243;, 5,56MM &#8211; Schwarz"},"content":{"rendered":"<h2>Geissele Border Patrol Gewehr, 11,5&#8243;, 5,56MM &#8211; Schwarz<\/h2>\n<p>Das Geissele Border Patrol Gewehr ist ein voll ausgestattetes AR-15 Gewehr, entwickelt f\u00fcr zuverl\u00e4ssigen Einsatz unter anspruchsvollen Bedingungen. Diese leichte und wendige Waffe bietet gute Leistung und Haltbarkeit.<\/p>\n<h2>Hauptmerkmale:<\/h2>\n<ul>\n<li>11,5&#8243; kaltgeschmiedeter Lauf mit verchromter Bohrung und 1:7 Drallrate<\/li>\n<li>Karabiner-Gassystem mit 17-4 Edelstahl-Gasblock<\/li>\n<li>9,6&#8243; MK20 Super Modular Rail mit M-Lok-Schlitzen<\/li>\n<li>Super Duty geschmiedete 7075 T6 Aluminium Ober- und Untergeh\u00e4use<\/li>\n<li>Geissele Government Ladehebel f\u00fcr beidh\u00e4ndige Nutzung<\/li>\n<li>H2-Puffer mit geflochtener Pufferfeder f\u00fcr erh\u00f6hte Zuverl\u00e4ssigkeit<\/li>\n<li>ALG Defense Advanced Combat Abzug mit Nickel-Bor-Beschichtung<\/li>\n<li>SB Tactical SBA3 Pistolenschaft<\/li>\n<\/ul>\n<h2>Technische Spezifikationen:<\/h2>\n<ul>\n<li>Kaliber: 5,56MM NATO<\/li>\n<li>Gewicht: Ungef\u00e4hr 2,7 kg<\/li>\n<li>L\u00e4nge: 69,9 cm (eingefahren) bis 76,2 cm (ausgefahren)<\/li>\n<li>Verschlussgruppe: Manganphosphat-beschichtete Geissele BCG<\/li>\n<li>M\u00fcndungsger\u00e4t: A2 Feuerd\u00e4mpfer<\/li>\n<\/ul>\n<p>Die Border Patrol Pistole kombiniert Mil-Spec-Funktionen mit Leistungsverbesserungen und ist eine gute Wahl f\u00fcr diejenigen, die eine zuverl\u00e4ssige und robuste AR-15-Pistole f\u00fcr l\u00e4ngeren Einsatz unter rauen Bedingungen suchen.<\/p>\n","protected":false},"excerpt":{"rendered":"<p>Kompaktes 11,5-Zoll-AR mit hochwertigen Komponenten f\u00fcr Zuverl\u00e4ssigkeit und Leistung.<\/p>\n","protected":false},"featured_media":191300,"template":"","meta":{"_acf_changed":false},"product_brand":[11387],"product_cat":[12107,12104],"product_tag":[],"class_list":{"0":"post-136687","1":"product","2":"type-product","3":"status-publish","4":"has-post-thumbnail","6":"product_brand-geissele","7":"product_cat-gewehr","8":"product_cat-karabiner","10":"first","11":"instock","12":"taxable","13":"shipping-taxable","14":"product-type-simple"},"acf":[],"_links":{"self":[{"href":"https:\/\/staging.nbg.eu\/de\/wp-json\/wp\/v2\/product\/136687","targetHints":{"allow":["GET"]}}],"collection":[{"href":"https:\/\/staging.nbg.eu\/de\/wp-json\/wp\/v2\/product"}],"about":[{"href":"https:\/\/staging.nbg.eu\/de\/wp-json\/wp\/v2\/types\/product"}],"wp:featuredmedia":[{"embeddable":true,"href":"https:\/\/staging.nbg.eu\/de\/wp-json\/wp\/v2\/media\/191300"}],"wp:attachment":[{"href":"https:\/\/staging.nbg.eu\/de\/wp-json\/wp\/v2\/media?parent=136687"}],"wp:term":[{"taxonomy":"product_brand","embeddable":true,"href":"https:\/\/staging.nbg.eu\/de\/wp-json\/wp\/v2\/product_brand?post=136687"},{"taxonomy":"product_cat","embeddable":true,"href":"https:\/\/staging.nbg.eu\/de\/wp-json\/wp\/v2\/product_cat?post=136687"},{"taxonomy":"product_tag","embeddable":true,"href":"https:\/\/staging.nbg.eu\/de\/wp-json\/wp\/v2\/product_tag?post=136687"}],"curies":[{"name":"wp","href":"https:\/\/api.w.org\/{rel}","templated":true}]}}