{"id":133909,"date":"2025-01-01T20:54:41","date_gmt":"2025-01-08T17:04:25","guid":{"rendered":"https:\/\/staging.nbg.eu\/product\/area-419-offset-mounts-for-match-attachment-points\/"},"modified":"2025-01-08T17:06:40","modified_gmt":"2025-01-08T17:06:40","slug":"area-419-offset-montagen-fuer-match-befestigungspunkte","status":"publish","type":"product","link":"https:\/\/staging.nbg.eu\/de\/produkt\/area-419-offset-montagen-fuer-match-befestigungspunkte\/","title":{"rendered":"Area 419 Offset Montagen f\u00fcr MATCH Befestigungspunkte"},"content":{"rendered":"<h2>Area 419 Offset-Halterungen f\u00fcr MATCH-Befestigungspunkte<\/h2>\n<p>Area 419 bietet Offset-Halterungen f\u00fcr MATCH-Befestigungspunkte. Diese einteiligen Halterungen haben folgende Eigenschaften:<\/p>\n<ul>\n<li>Wahl zwischen 35\u00b0 und 45\u00b0 Versatzwinkeln<\/li>\n<li>Mehrere Befestigungsm\u00f6glichkeiten<\/li>\n<li>Gewicht: 25 Pfund<\/li>\n<li>Ma\u00dfe: 6 \u00d7 4 \u00d7 1 Zoll<\/li>\n<\/ul>\n<p>Diese Halterungen erm\u00f6glichen die Anpassung der Rotpunktvisier-Position. Sie sind f\u00fcr verschiedene Schie\u00dfsituationen geeignet.<\/p>\n","protected":false},"excerpt":{"rendered":"<p>Anpassbare 35\u00b0\/45\u00b0-Offset-Halterungen f\u00fcr MATCH-Punkte. Vielseitige Einrichtung.<\/p>\n","protected":false},"featured_media":109206,"template":"","meta":{"_acf_changed":false},"product_brand":[11037],"product_cat":[12107,12045,12083,12040],"product_tag":[],"class_list":{"0":"post-133909","1":"product","2":"type-product","3":"status-publish","4":"has-post-thumbnail","6":"product_brand-area-419","7":"product_cat-gewehr","8":"product_cat-montagen","9":"product_cat-zielen","10":"product_cat-zielzubehoer","12":"first","13":"instock","14":"taxable","15":"shipping-taxable","16":"purchasable","17":"product-type-variable","18":"wvs-archive-product-wrapper"},"acf":[],"_links":{"self":[{"href":"https:\/\/staging.nbg.eu\/de\/wp-json\/wp\/v2\/product\/133909","targetHints":{"allow":["GET"]}}],"collection":[{"href":"https:\/\/staging.nbg.eu\/de\/wp-json\/wp\/v2\/product"}],"about":[{"href":"https:\/\/staging.nbg.eu\/de\/wp-json\/wp\/v2\/types\/product"}],"wp:featuredmedia":[{"embeddable":true,"href":"https:\/\/staging.nbg.eu\/de\/wp-json\/wp\/v2\/media\/109206"}],"wp:attachment":[{"href":"https:\/\/staging.nbg.eu\/de\/wp-json\/wp\/v2\/media?parent=133909"}],"wp:term":[{"taxonomy":"product_brand","embeddable":true,"href":"https:\/\/staging.nbg.eu\/de\/wp-json\/wp\/v2\/product_brand?post=133909"},{"taxonomy":"product_cat","embeddable":true,"href":"https:\/\/staging.nbg.eu\/de\/wp-json\/wp\/v2\/product_cat?post=133909"},{"taxonomy":"product_tag","embeddable":true,"href":"https:\/\/staging.nbg.eu\/de\/wp-json\/wp\/v2\/product_tag?post=133909"}],"curies":[{"name":"wp","href":"https:\/\/api.w.org\/{rel}","templated":true}]}}